{"id":3616,"date":"2023-10-23T02:22:04","date_gmt":"2023-10-23T02:22:04","guid":{"rendered":"https:\/\/digmit.at\/?page_id=3616"},"modified":"2024-01-02T12:35:19","modified_gmt":"2024-01-02T12:35:19","slug":"arbeit-ohne-papiere-aber-nicht-ohne-rechte-2","status":"publish","type":"page","link":"https:\/\/digmit.at\/index.php\/arbeit-ohne-papiere-aber-nicht-ohne-rechte-2\/","title":{"rendered":"Arbeit ohne Papiere, aber nicht ohne Rechte!"},"content":{"rendered":"\n<p><strong>Manche Migrant*innen<\/strong> in \u00d6sterreich <strong>d\u00fcrfen nicht arbeiten<\/strong>, weil sie keinen freien Arbeitsmarktzugang, also <strong>keine Arbeitserlaubnis<\/strong> haben. <\/p>\n\n\n\n<p>Wenn ich <strong>keine Aufenthaltspapiere<\/strong> (\u201eVisum\u201c) habe, habe ich auch keine Arbeitspapiere. <\/p>\n\n\n\n<p>Nicht alle Aufenthaltstitel erlauben es mir, zu arbeiten.<\/p>\n\n\n\n<p><br>Menschen, die nicht offiziell arbeiten d\u00fcrfen, m\u00fcssen aber auch ihr Leben finanzieren. Deshalb m\u00fcssen sie <strong>undokumentiert<\/strong> \/ <strong>ohne Anmeldung arbeiten<\/strong>.<\/p>\n\n\n\n<p><br>Menschen, die <strong>ohne Aufenthaltspapiere und\/oder Arbeitspapiere<\/strong> arbeiten, werden <strong>am Arbeitsmarkt<\/strong> oft extrem <strong>ausgebeutet<\/strong>. <br>Sie haben <strong>kein<\/strong>en<strong> Arbeitsvertrag<\/strong>, sie m\u00fcssen oft sehr <strong>viel arbeiten<\/strong> und bekommen f\u00fcr ihre Arbeit oft sehr <strong>wenig Geld<\/strong>. <br>Sie haben <strong>keine Krankenversicherung<\/strong>, <strong>keine Unfallversicherung<\/strong> und auch <strong>keine Pensionsversicherung<\/strong>, Frauen* <strong>kein<\/strong>en<strong> Mutterschaftsschutz<\/strong>. <br>Es kommt zu <strong>K\u00fcndigungen<\/strong> aufgrund von Krankheit oder wegen des Alters. <br>Es kommt auch manchmal zu <strong>sexuelle<\/strong>n und <strong>k\u00f6rperliche<\/strong>n <strong>\u00dcbergriffe<\/strong>n.<\/p>\n\n\n\n<p><br><strong>Von Armut betroffene Frauen*<\/strong>, also Frauen*, die wenig Geld haben, arbeiten h\u00e4ufig <strong>informell<\/strong>.<\/p>\n\n\n\n<p>Wenn sie informell oder\u00a0<strong>undokumentiert<\/strong>\u00a0arbeiten haben sie <strong>keine Arbeitsrechte<\/strong>, <strong>wenig Chancen auf gute Jobs<\/strong> und <strong>keinen sozialen Schutz<\/strong>. <br>Sie <strong>verdienen<\/strong> oft <strong>wenig<\/strong> und sind somit <strong>armutsgef\u00e4hrdet<\/strong>. <\/p>\n\n\n\n<p><strong>Auch bei undokumentierter Arbeit<\/strong> kommt es also oft zu <strong>Diskriminierung aufgrund des Geschlechts<\/strong>.<\/p>\n\n\n\n<p><br><\/p>\n\n\n\n<p>Das <strong>Gleichbehandlungsgesetz<\/strong> sch\u00fctzt mich nur vor Diskriminierung am <strong>formellen Arbeitsmarkt<\/strong>, also wenn ich angemeldet arbeite.<\/p>\n\n\n\n<p>Wenn ich \u201e<strong>ohne Papiere<\/strong>\u201c, \u201e<strong>informell<\/strong>\u201c oder \u201e<strong>undokumentiert<\/strong>\u201c <strong>arbeite<\/strong>, <strong>sch\u00fctzt<\/strong> mich <strong>das Gesetz nicht vor Diskriminierungen und Bel\u00e4stigungen<\/strong>.<\/p>\n\n\n\n<p>Es braucht <strong><a href=\"https:\/\/digmit.at\/index.php\/mehr-schutz-vor-diskriminierung\/\" data-type=\"page\" data-id=\"3528\">mehr Schutz vor Diskriminierung<\/a><\/strong> \u2013 <strong>auch f\u00fcr Menschen, die ohne Papiere arbeiten!<\/strong><\/p>\n\n\n\n<p><br><\/p>\n\n\n\n<p>Bei der <strong><a href=\"http:\/\/www.undok.at\/\">UNDOK Anlaufstelle zur gewerkschaftlichen Unterst\u00fctzung undokumentiert Arbeitender<\/a><\/strong> bekomme ich <strong>Information<\/strong> und <strong>kostenlose<\/strong> und <strong>anonyme<\/strong> <strong>Beratung<\/strong> in <strong>verschiedenen Sprachen<\/strong>. <\/p>\n\n\n\n<p>UNDOK informiert mich \u00fcber meine <strong>Rechte<\/strong> und <strong>Anspr\u00fcche<\/strong>. <br>Wenn ich meine Rechte kenne, kann ich mich besser <strong>gegen Ausbeutung wehren<\/strong>.<\/p>\n\n\n\n<p>UNDOK unterst\u00fctzt mich auch dabei, mein <strong>Geld<\/strong> (Lohn, Urlaubsgeld, \u00dcberstunden, Krankengeld etc.) aus undokumentierter Arbeit zu bekommen, wenn mein*e Arbeitgeber*in es mir nicht geben will. <\/p>\n\n\n\n<p>Ich kann auch zu UNDOK gehen, wenn ich <strong>auf weniger Stunden angemeldet<\/strong> bin <strong>als ich arbeiten<\/strong>.<\/p>\n\n\n\n<p>UNDOK unterst\u00fctzt und informiert auch Arbeitnehmer*innen, die sich <strong>gewerkschaftlich organisieren<\/strong> m\u00f6chten. <\/p>\n\n\n\n<p>Beratung am Montag 9\u201312 Uhr, Mittwoch 15\u201318 Uhr und nach Vereinbarung<br>Adresse: 2. Bezirk, \u00d6GB\/Catamaran-Geb\u00e4ude, Johann-B\u00f6hm-Platz 1 (U2 Donaumarina), im Erdgescho\u00df<br>Telefon: <a href=\"tel: +431 534 44 39040\">01 534 44\u201339040<\/a><br>E-Mail: <a>office@undok.at<\/a><\/p>\n\n\n\n<figure class=\"wp-block-video\"><video height=\"540\" style=\"aspect-ratio: 960 \/ 540;\" width=\"960\" controls src=\"https:\/\/digmit.at\/wp-content\/uploads\/2020\/12\/05_Deutsch_UT.960x540.mp4\"><\/video><figcaption class=\"wp-element-caption\"><a href=\"https:\/\/www.youtube.com\/watch?v=iXsU9b_dUnQ\">UNDOK-Infovideo &#8220;Arbeit ohne Papiere &#8230; aber nicht ohne Rechte!&#8221; (Deutsch)<\/a><br><a href=\"https:\/\/digmit.at\/index.php\/deutsch-alpha\/thema-2-undok\/thema-2-undok\/\">Zum Video in verschiedenen Sprachen<\/a><\/figcaption><\/figure>\n\n\n\n<p><br><\/p>\n\n\n\n<div class=\"wp-block-group\"><div class=\"wp-block-group__inner-container is-layout-constrained wp-block-group-is-layout-constrained\">\n<h2 class=\"wp-block-heading\"><strong>weitere Informationen<\/strong><\/h2>\n\n\n\n<ul class=\"wp-block-list\">\n<li><a href=\"https:\/\/undok.at\/\">UNDOK Anlaufstelle zur gewerkschaftlichen Unterst\u00fctzung undokumentiert Arbeitender<\/a><\/li>\n\n\n\n<li><a href=\"https:\/\/wien.arbeiterkammer.at\/service\/broschueren\/Arbeitsrecht\/Arbeit_ohne_Papiere_2015.pdf\">ARBEIT OHNE PAPIERE,&#8230; ABER NICHT OHNE RECHTE! (UNDOK, \u00d6GB, AK Wien, 2014)<\/a><\/li>\n\n\n\n<li><a href=\"https:\/\/undok.at\/wp-content\/uploads\/2021\/01\/undok-taetigkeitsbericht-2019-WEB.pdf\">T\u00e4tigkeitsbericht (2019): \u201e5 Jahre UNDOK-Anlaufstelle\u201c<\/a><\/li>\n\n\n\n<li><a href=\"https:\/\/www.gleichbehandlungsanwaltschaft.gv.at\/aktuelles-und-services\/gleichbehandlungs-blog\/Blogbeitrag-women-in-poverty.html\">Frauenarmut &#8211; auch ein Thema in der Antidiskriminierungsarbeit (Gleichbehandlungsanwaltschaft)<\/a><\/li>\n\n\n\n<li><a href=\"https:\/\/www.frauensolidaritaet.org\/images\/doku\/faq_iw.pdf\">FAQ Arbeitsrechte f\u00fcr Frauen in der informellen Wirtschaft (Frauensolidarit\u00e4t, 2008)<\/a><\/li>\n<\/ul>\n<\/div><\/div>\n","protected":false},"excerpt":{"rendered":"<p>Manche Migrant*innen in \u00d6sterreich d\u00fcrfen nicht arbeiten, weil sie keinen freien Arbeitsmarktzugang, also keine Arbeitserlaubnis haben. Wenn ich keine Aufenthaltspapiere (\u201eVisum\u201c) habe, habe ich auch keine Arbeitspapiere. Nicht alle Aufenthaltstitel erlauben es mir, zu arbeiten. Menschen, die nicht offiziell arbeiten d\u00fcrfen, m\u00fcssen aber auch ihr Leben finanzieren. Deshalb m\u00fcssen sie undokumentiert \/ ohne Anmeldung arbeiten. [&hellip;]<\/p>\n","protected":false},"author":2,"featured_media":0,"parent":0,"menu_order":0,"comment_status":"closed","ping_status":"closed","template":"","meta":{"footnotes":""},"class_list":["post-3616","page","type-page","status-publish","hentry"],"_links":{"self":[{"href":"https:\/\/digmit.at\/index.php\/wp-json\/wp\/v2\/pages\/3616","targetHints":{"allow":["GET"]}}],"collection":[{"href":"https:\/\/digmit.at\/index.php\/wp-json\/wp\/v2\/pages"}],"about":[{"href":"https:\/\/digmit.at\/index.php\/wp-json\/wp\/v2\/types\/page"}],"author":[{"embeddable":true,"href":"https:\/\/digmit.at\/index.php\/wp-json\/wp\/v2\/users\/2"}],"replies":[{"embeddable":true,"href":"https:\/\/digmit.at\/index.php\/wp-json\/wp\/v2\/comments?post=3616"}],"version-history":[{"count":18,"href":"https:\/\/digmit.at\/index.php\/wp-json\/wp\/v2\/pages\/3616\/revisions"}],"predecessor-version":[{"id":4597,"href":"https:\/\/digmit.at\/index.php\/wp-json\/wp\/v2\/pages\/3616\/revisions\/4597"}],"wp:attachment":[{"href":"https:\/\/digmit.at\/index.php\/wp-json\/wp\/v2\/media?parent=3616"}],"curies":[{"name":"wp","href":"https:\/\/api.w.org\/{rel}","templated":true}]}}