{"id":3647,"date":"2023-10-23T15:14:43","date_gmt":"2023-10-23T15:14:43","guid":{"rendered":"https:\/\/digmit.at\/?page_id=3647"},"modified":"2023-10-23T15:14:43","modified_gmt":"2023-10-23T15:14:43","slug":"einkommen-fur-die-staatsburgerschaft","status":"publish","type":"page","link":"https:\/\/digmit.at\/index.php\/einkommen-fur-die-staatsburgerschaft\/","title":{"rendered":"Einkommen f\u00fcr die Staatsb\u00fcrgerschaft"},"content":{"rendered":"\n<p>Mit dem <a href=\"https:\/\/www.helpinghands.at\/Staatsbgrechner\/index.html\">Staatsb\u00fcrgerschaftsrechner<\/a> von <a href=\"https:\/\/www.helpinghands.at\/index.html\">Helping Hands<\/a> kann ich berechnen, ob ich genug Einkommen habe, um die \u00f6sterreichische Staatsb\u00fcrgerschaft beantragen zu k\u00f6nnen:<\/p>\n\n\n\n<iframe loading=\"lazy\" src=\"https:\/\/www.helpinghands.at\/Staatsbgrechner\/index.html\" width=\"100%\" height=\"3000px\"><\/iframe>\n","protected":false},"excerpt":{"rendered":"<p>Mit dem Staatsb\u00fcrgerschaftsrechner von Helping Hands kann ich berechnen, ob ich genug Einkommen habe, um die \u00f6sterreichische Staatsb\u00fcrgerschaft beantragen zu k\u00f6nnen:<\/p>\n","protected":false},"author":2,"featured_media":0,"parent":0,"menu_order":0,"comment_status":"closed","ping_status":"closed","template":"","meta":{"footnotes":""},"class_list":["post-3647","page","type-page","status-publish","hentry"],"_links":{"self":[{"href":"https:\/\/digmit.at\/index.php\/wp-json\/wp\/v2\/pages\/3647","targetHints":{"allow":["GET"]}}],"collection":[{"href":"https:\/\/digmit.at\/index.php\/wp-json\/wp\/v2\/pages"}],"about":[{"href":"https:\/\/digmit.at\/index.php\/wp-json\/wp\/v2\/types\/page"}],"author":[{"embeddable":true,"href":"https:\/\/digmit.at\/index.php\/wp-json\/wp\/v2\/users\/2"}],"replies":[{"embeddable":true,"href":"https:\/\/digmit.at\/index.php\/wp-json\/wp\/v2\/comments?post=3647"}],"version-history":[{"count":1,"href":"https:\/\/digmit.at\/index.php\/wp-json\/wp\/v2\/pages\/3647\/revisions"}],"predecessor-version":[{"id":3648,"href":"https:\/\/digmit.at\/index.php\/wp-json\/wp\/v2\/pages\/3647\/revisions\/3648"}],"wp:attachment":[{"href":"https:\/\/digmit.at\/index.php\/wp-json\/wp\/v2\/media?parent=3647"}],"curies":[{"name":"wp","href":"https:\/\/api.w.org\/{rel}","templated":true}]}}