{"id":4095,"date":"2023-11-21T18:25:08","date_gmt":"2023-11-21T18:25:08","guid":{"rendered":"https:\/\/digmit.at\/?page_id=4095"},"modified":"2023-11-21T18:26:55","modified_gmt":"2023-11-21T18:26:55","slug":"probezeit","status":"publish","type":"page","link":"https:\/\/digmit.at\/index.php\/probezeit\/","title":{"rendered":"Probezeit"},"content":{"rendered":"\n<p>Wenn ich zu arbeiten beginne, gibt es meistens eine <strong>Probezeit<\/strong>.<\/p>\n\n\n\n<p><br>Die Probezeit darf <strong>h\u00f6chstens 1 Monat<\/strong> dauern.<\/p>\n\n\n\n<p><br>In der Probezeit kann ich oder mein*e Arbeitgeber*in <strong>jederzeit das Arbeitsverh\u00e4ltnis beenden<\/strong>. Es m\u00fcssen keine Fristen und Termine eingehalten werden und auch kein Grund angegeben werden.<\/p>\n\n\n\n<p><\/p>\n","protected":false},"excerpt":{"rendered":"<p>Wenn ich zu arbeiten beginne, gibt es meistens eine Probezeit. Die Probezeit darf h\u00f6chstens 1 Monat dauern. In der Probezeit kann ich oder mein*e Arbeitgeber*in jederzeit das Arbeitsverh\u00e4ltnis beenden. Es m\u00fcssen keine Fristen und Termine eingehalten werden und auch kein Grund angegeben werden.<\/p>\n","protected":false},"author":2,"featured_media":0,"parent":0,"menu_order":0,"comment_status":"closed","ping_status":"closed","template":"","meta":{"footnotes":""},"class_list":["post-4095","page","type-page","status-publish","hentry"],"_links":{"self":[{"href":"https:\/\/digmit.at\/index.php\/wp-json\/wp\/v2\/pages\/4095","targetHints":{"allow":["GET"]}}],"collection":[{"href":"https:\/\/digmit.at\/index.php\/wp-json\/wp\/v2\/pages"}],"about":[{"href":"https:\/\/digmit.at\/index.php\/wp-json\/wp\/v2\/types\/page"}],"author":[{"embeddable":true,"href":"https:\/\/digmit.at\/index.php\/wp-json\/wp\/v2\/users\/2"}],"replies":[{"embeddable":true,"href":"https:\/\/digmit.at\/index.php\/wp-json\/wp\/v2\/comments?post=4095"}],"version-history":[{"count":3,"href":"https:\/\/digmit.at\/index.php\/wp-json\/wp\/v2\/pages\/4095\/revisions"}],"predecessor-version":[{"id":4098,"href":"https:\/\/digmit.at\/index.php\/wp-json\/wp\/v2\/pages\/4095\/revisions\/4098"}],"wp:attachment":[{"href":"https:\/\/digmit.at\/index.php\/wp-json\/wp\/v2\/media?parent=4095"}],"curies":[{"name":"wp","href":"https:\/\/api.w.org\/{rel}","templated":true}]}}