{"id":4115,"date":"2023-11-21T19:01:26","date_gmt":"2023-11-21T19:01:26","guid":{"rendered":"https:\/\/digmit.at\/?page_id=4115"},"modified":"2023-11-22T01:57:26","modified_gmt":"2023-11-22T01:57:26","slug":"werkvertrag-selbststandige","status":"publish","type":"page","link":"https:\/\/digmit.at\/index.php\/werkvertrag-selbststandige\/","title":{"rendered":"Werkvertrag \/ Selbstst\u00e4ndige"},"content":{"rendered":"\n<p>Wenn ich mit einem <strong>Werkvertrag <\/strong>arbeite, dann arbeite ich <strong>selbstst\u00e4ndig<\/strong>.<\/p>\n\n\n\n<p>Ich werde von meinem*r Auftraggeber*in daf\u00fcr bezahlt, ein bestimmtes <strong>Werk<\/strong> herzustellen.<br>Wenn das Werk fertig ist, bekomme ich das <strong>Honorar<\/strong>. Wenn ich das Werk nicht erfolgreich fertigstelle, bekomme ich kein Honorar. Ich trage also das Risiko.<\/p>\n\n\n\n<p>Als Selbstst\u00e4ndige*r kann ich <strong>selbst bestimmen, wann und wo ich arbeite<\/strong>.<\/p>\n\n\n\n<p><br>F\u00fcr manche T\u00e4tigkeiten brauche ich eine <strong>Gewerbeberechtigung<\/strong>.<br>Dann bin ich <strong>Gewerbetreibende*r<\/strong>.<br>Hier ein paar Beispiele f\u00fcr Gewerbe: B\u00e4cker*in, Gastgewerbe, Glaser*in, Gold- und Silberschmied*in, Heizungstechnik, Kosmetik, Massage, <a href=\"https:\/\/digmit.at\/index.php\/sexarbeit\/\">Sexarbeit<\/a>, Tischler*in, <a href=\"https:\/\/digmit.at\/index.php\/24-stunden-betreuung\/\">24-Stunden-Betreuung<\/a><\/p>\n\n\n\n<p>Wenn ich <strong>kein Gewerbe<\/strong> habe, bin ich <strong><a href=\"https:\/\/digmit.at\/index.php\/neue-selbststandige\/\">Neue*r Selbstst\u00e4ndiger<\/a><\/strong>.<\/p>\n\n\n\n<p id=\"sozailversicherung\"><br>Als Selbstst\u00e4ndige*r muss ich mich <strong>bei der <\/strong><a href=\"https:\/\/www.svs.at\/cdscontent\/?contentid=10007.816825&amp;portal=svsportal\"><strong>SVS <\/strong>(Sozialversicherungsanstalt der Selbstst\u00e4ndigen)<\/a><strong> anmelden<\/strong>. Ich habe <strong>1 Monat Zeit<\/strong>.<br>Dazu verwende ich dieses Formular: <a href=\"https:\/\/www.sozialversicherung.gv.at\/formulare-prod\/formserver_svs_040\/folders\/neuzugang?esvcid=10007.854296&amp;esvendurl=aHR0cDovL3d3dy5zb3ppYWx2ZXJzaWNoZXJ1bmcuZ3YuYXQvZm9ybWdlbi9hYnNjaGx1c3MueGh0bWw%2FbGF5b3V0PWZ1bGxXaWR0aCZjb250ZW50aWQ9MTAwMDcuODU0Mjk2JnBvcnRhbD1zdnNwb3J0YWw%3D&amp;esvlayout=fullWidth&amp;esvportal=svsportal&amp;esvstarturl=aHR0cDovL3d3dy5zb3ppYWx2ZXJzaWNoZXJ1bmcuZ3YuYXQvZm9ybWdlbi8%2FbGF5b3V0PWZ1bGxXaWR0aCZjb250ZW50aWQ9MTAwMDcuODU0Mjk2JnBvcnRhbD1zdnNwb3J0YWw%3D&amp;hash=04ac957e11264317b08ebe6bdce0bc6581c80c1e8af2e08603b40a5c977d785b&amp;mobileLayout=false&amp;sso_override=KEINE\">Versicherungserkl\u00e4rung f\u00fcr die Pflichtversicherung gem\u00e4\u00df \u00a7 2 Abs. 1 Z 4 GSVG<\/a><br><strong>Wenn ich aufh\u00f6re<\/strong>, selbstst\u00e4ndig zu arbeiten, muss ich mich <strong>wieder abmelden<\/strong>. Daf\u00fcr habe ich 1 Monat Zeit.<\/p>\n\n\n\n<p><br>Wenn ich <strong>\u00fcber 6.010,92 \u20ac pro Kalenderjahr<\/strong> (2023) verdiene, muss ich <strong>Sozialversicherungsbeitr\u00e4ge<\/strong> zahlen. Ich zahle Beitr\u00e4ge f\u00fcr die&nbsp;<\/p>\n\n\n\n<ul class=\"wp-block-list\">\n<li><strong>Unfallversicherung<\/strong><br>10,97 \u20ac pro Monat<\/li>\n\n\n\n<li><strong>Krankenversicherung<\/strong><br>6,80 % der Beitragsgrundlage = meiner Eink\u00fcnfte<\/li>\n\n\n\n<li>und <strong>Pensionsversicherung<\/strong><br>18,50 % der Beitragsgrundlage<\/li>\n<\/ul>\n\n\n\n<p>Das hei\u00dft, ich bin dann unfallversichert, krankenversichert und pensionsversichert.<br>Ich zahle auch 1,53 % der Beitragsgrundlage in eine Vorsorgekasse ein (= <strong>Abfertigung<\/strong>).<\/p>\n\n\n\n<p>Meine Sozialversicherungsbeitr\u00e4ge werden <strong>in den ersten 3 Jahren<\/strong> auf Basis der <strong>Mindestbeitragsgrundlage<\/strong> berechnet.<br>Wenn ich mehr verdiene, muss ich <strong>nachzahlen<\/strong>. Ich sollte mir also auf jeden Fall <strong>Geld auf die Seite legen<\/strong>.<\/p>\n\n\n\n<p><br>Wenn ich noch nicht wei\u00df, wie hoch mein Gewinn sein wird, kann ich der <strong>SVS melden<\/strong>, dass der <strong>Gewinn unter 6.010,92 \u20ac<\/strong> liegen wird.<br>Dann kann ich mich <strong>selbst krankenversichern<\/strong>.<br>Wenn mein <strong>Gewinn<\/strong> dann <strong>doch h\u00f6her<\/strong> ist, muss ich das der <strong>SVS so schnell wie m\u00f6glich melden<\/strong> und <strong>Sozialversicherungsbeitr\u00e4ge nachzahlen<\/strong>. Ich habe 8 Wochen nach Erstellung des Einkommensteuerbescheids Zeit, das der SVS zu melden. Wenn ich das nicht mache, muss ich einen <strong>Strafzuschlag von 9,3 %<\/strong> bezahlen.<\/p>\n\n\n\n<p><br>Als <strong>Gewerbetreibende*r<\/strong> bin ich <strong>automatisch unfallversichert<\/strong>, auch wenn ich weniger als 6.010,92 \u20ac verdiene.<br>Als <strong><a href=\"https:\/\/digmit.at\/index.php\/neue-selbststandige\/\">Neue*r Selbstst\u00e4ndige*r<\/a><\/strong> bin ich das nicht. Ich mich selbst <strong>unfallversichern und krankenversichern<\/strong> (= <a href=\"https:\/\/www.svs.at\/cdscontent\/?contentid=10007.816863&amp;portal=svsportal\">Opting in<\/a>).<\/p>\n\n\n\n<p><br>Als Selbstst\u00e4ndige*r bin ich normalerweise <strong>nicht arbeitslosenversichert<\/strong>. Ich habe also <strong>keinen Anspruch auf Arbeitslosengeld<\/strong>.<\/p>\n\n\n\n<p>Ich kann Anspruch auf Arbeitslosengeld haben, wenn ich<\/p>\n\n\n\n<ul class=\"wp-block-list\">\n<li>arbeitslosenversichert gearbeitet habe, bevor ich mich selbstst\u00e4ndig gemacht habe<\/li>\n\n\n\n<li>vor dem 1.1.2009 unselbst\u00e4ndig und selbst\u00e4ndig gearbeitet habe<\/li>\n<\/ul>\n\n\n\n<p>Wenn ich keinen Anspruch (mehr) auf Arbeitslosengeld habe, kann ich mich<strong> <\/strong><a href=\"https:\/\/www.svs.at\/cdscontent\/?contentid=10007.816653&amp;portal=svsportal\"><strong>freiwillig arbeitslosenversichern<\/strong><\/a>. Ich kann mich auch freiwillig versichern, wenn ich noch Anspruch habe. Dann kann ich mehr und l\u00e4nger Arbeitslosengeld bekommen.<\/p>\n\n\n\n<p><br>Als Selbstst\u00e4ndige*r bin ich <strong>Unternehmer*in<\/strong>.<br>Ich muss mein<strong> Einkommen selbst versteuern<\/strong>.<br>Das hei\u00dft, ich muss eine <strong><a href=\"http:\/\/Einkommensteuererkl\u00e4rung\">Einkommensteuererkl\u00e4rung<\/a><\/strong> machen.<br>Dazu muss ich das <a href=\"https:\/\/www.usp.gv.at\/linkaufloesung\/applikation-flow?flow=FO&amp;quelle=HELP&amp;leistung=LA-HP-GL-FormularE1_2009\">Formular E1<\/a> einreichen.<\/p>\n\n\n\n<p><br>Als Selbstst\u00e4ndige*r bin ich kein Mitglied der <a href=\"http:\/\/arbeiterkammer\">Arbeiterkammer (AK)<\/a>.<\/p>\n\n\n\n<p>Als <strong>Gewerbetreibende*r<\/strong> bin ich <strong>Mitglied der <\/strong><a href=\"https:\/\/www.wko.at\/wien\"><strong>Wirtschaftskammer \u00d6sterreich (WKO)<\/strong><\/a>.<\/p>\n\n\n\n<p>Wenn ich Fragen habe, kann ich mich bei der WKO informieren:<br>Telefon: 01 51450 1010<br>Adresse: Stra\u00dfe der Wiener Wirtschaft 1, 1020 Wien<br><a href=\"https:\/\/www.wko.at\/service\/w\/Kontakt-WKW.html\">Kontaktformular<\/a><\/p>\n\n\n\n<p>Als <strong><a href=\"https:\/\/digmit.at\/index.php\/neue-selbststandige\/\">Neue*r Selbstst\u00e4ndige*r<\/a><\/strong> bin ich nicht Mitglied der WKO. Ich habe <strong>keine Interessenvertretung<\/strong>.<\/p>\n\n\n\n<p><br><\/p>\n\n\n\n<h2 class=\"wp-block-heading\"><strong>weitere Informationen<\/strong><\/h2>\n\n\n\n<ul class=\"wp-block-list\">\n<li><a href=\"https:\/\/www.wko.at\/einstellen\/werkvertrag-arbeitsrechtlich\">Werkvertrag (arbeitsrechtlich) (WKO)<\/a><\/li>\n\n\n\n<li><a href=\"https:\/\/www.wko.at\/sozialversicherung\/selbststaendige\">Sozialversicherung f\u00fcr Selbstst\u00e4ndige (WKO)<\/a><\/li>\n\n\n\n<li><a href=\"https:\/\/www.arbeiterkammer.at\/beratung\/arbeitundrecht\/Arbeitsvertraege\/Werkvertrag.html\">Werkvertrag (AK)<\/a><\/li>\n\n\n\n<li><a href=\"https:\/\/www.svs.at\/cdscontent\/load?contentid=10008.765256&amp;version=1646985506\">Brosch\u00fcre: Versicherungsschutz f\u00fcr Gewerbetreibende und Gesellschafter (SVS)<\/a><\/li>\n\n\n\n<li><a href=\"https:\/\/www.wko.at\/sozialversicherung\/arbeitslosenversicherungsschutz-unternehmer\">Arbeitslosenversicherungsschutz f\u00fcr Unternehmer (WKO)<\/a><\/li>\n<\/ul>\n\n\n\n<p><\/p>\n","protected":false},"excerpt":{"rendered":"<p>Wenn ich mit einem Werkvertrag arbeite, dann arbeite ich selbstst\u00e4ndig. Ich werde von meinem*r Auftraggeber*in daf\u00fcr bezahlt, ein bestimmtes Werk herzustellen.Wenn das Werk fertig ist, bekomme ich das Honorar. Wenn ich das Werk nicht erfolgreich fertigstelle, bekomme ich kein Honorar. Ich trage also das Risiko. Als Selbstst\u00e4ndige*r kann ich selbst bestimmen, wann und wo ich [&hellip;]<\/p>\n","protected":false},"author":2,"featured_media":0,"parent":0,"menu_order":0,"comment_status":"closed","ping_status":"closed","template":"","meta":{"footnotes":""},"class_list":["post-4115","page","type-page","status-publish","hentry"],"_links":{"self":[{"href":"https:\/\/digmit.at\/index.php\/wp-json\/wp\/v2\/pages\/4115","targetHints":{"allow":["GET"]}}],"collection":[{"href":"https:\/\/digmit.at\/index.php\/wp-json\/wp\/v2\/pages"}],"about":[{"href":"https:\/\/digmit.at\/index.php\/wp-json\/wp\/v2\/types\/page"}],"author":[{"embeddable":true,"href":"https:\/\/digmit.at\/index.php\/wp-json\/wp\/v2\/users\/2"}],"replies":[{"embeddable":true,"href":"https:\/\/digmit.at\/index.php\/wp-json\/wp\/v2\/comments?post=4115"}],"version-history":[{"count":8,"href":"https:\/\/digmit.at\/index.php\/wp-json\/wp\/v2\/pages\/4115\/revisions"}],"predecessor-version":[{"id":4446,"href":"https:\/\/digmit.at\/index.php\/wp-json\/wp\/v2\/pages\/4115\/revisions\/4446"}],"wp:attachment":[{"href":"https:\/\/digmit.at\/index.php\/wp-json\/wp\/v2\/media?parent=4115"}],"curies":[{"name":"wp","href":"https:\/\/api.w.org\/{rel}","templated":true}]}}