{"id":4133,"date":"2023-11-21T19:21:24","date_gmt":"2023-11-21T19:21:24","guid":{"rendered":"https:\/\/digmit.at\/?page_id=4133"},"modified":"2023-11-22T01:58:23","modified_gmt":"2023-11-22T01:58:23","slug":"neue-selbststandige","status":"publish","type":"page","link":"https:\/\/digmit.at\/index.php\/neue-selbststandige\/","title":{"rendered":"Neue Selbstst\u00e4ndige"},"content":{"rendered":"\n<p>Als Neue*r Selbstst\u00e4ndige*r arbeite ich <strong>selbstst\u00e4ndig<\/strong>, habe aber <strong>kein Gewerbe<\/strong> angemeldet.<\/p>\n\n\n\n<p>Ich arbeite mit <strong>Werkvertrag<\/strong>. Ich werde also von meinem*r Auftraggeber*in f\u00fcr ein bestimmtes <strong>Werk<\/strong> oder f\u00fcr eine <strong>Dienstleistung<\/strong> bezahlt.<\/p>\n\n\n\n<p><br>Neue Selbstst\u00e4ndige sind Personen, die <strong>zu keiner anderen Berufsgruppe geh\u00f6ren<\/strong>.&nbsp;<\/p>\n\n\n\n<p>Neue Selbstst\u00e4ndige sind Selbstst\u00e4ndige, die <strong>nicht Mitglied bei der <\/strong><a href=\"https:\/\/www.wko.at\/wien\"><strong>Wirtschaftskammer (WKO)<\/strong><\/a> sind. Das sind zum Beispiel&nbsp;<\/p>\n\n\n\n<ul class=\"wp-block-list\">\n<li>K\u00fcnstler*innen<\/li>\n\n\n\n<li>Vortragende<\/li>\n\n\n\n<li>Journalist*innen<\/li>\n\n\n\n<li>Schriftsteller*innen<\/li>\n\n\n\n<li>Selbstst\u00e4ndige in Gesundheitsberufen: Krankenpfleger*innen, Hebammen<\/li>\n<\/ul>\n\n\n\n<p><br>Hier finde ich Informationen zum Thema <strong><a href=\"https:\/\/digmit.at\/index.php\/werkvertrag-selbststandige\/#sozialversicherung\">Sozialversicherung f\u00fcr (Neue) Selbstst\u00e4ndige<\/a><\/strong>.<\/p>\n\n\n\n<p><br>Als Neue*r Selbstst\u00e4ndige*r bin ich <strong>Unternehmer*in<\/strong>.<br>Ich muss mein<strong> Einkommen selbst versteuern<\/strong>.<br>Das hei\u00dft, ich muss eine <strong><a href=\"http:\/\/Einkommensteuererkl\u00e4rung\">Einkommensteuererkl\u00e4rung<\/a><\/strong> machen.<br>Dazu muss ich das <a href=\"https:\/\/www.usp.gv.at\/linkaufloesung\/applikation-flow?flow=FO&amp;quelle=HELP&amp;leistung=LA-HP-GL-FormularE1_2009\">Formular E1<\/a> einreichen.<\/p>\n\n\n\n<p>Als Neue*r Selbstst\u00e4ndige*r bin ich <strong>kein Mitglied der <\/strong><a href=\"http:\/\/arbeiterkammer\"><strong>Arbeiterkammer (AK)<\/strong><\/a>.<br>Ich bin auch <strong>nicht Mitglied der <\/strong><a href=\"https:\/\/www.wko.at\/wien\"><strong>Wirtschaftskammer \u00d6sterreich (WKO)<\/strong><\/a>.<br>Als Neue*r Selbstst\u00e4ndige*r habe ich also <strong>keine Interessenvertretung<\/strong>.<\/p>\n\n\n\n<p><br><\/p>\n\n\n\n<h2 class=\"wp-block-heading\"><strong>weitere Informationen<\/strong><\/h2>\n\n\n\n<ul class=\"wp-block-list\">\n<li><a href=\"https:\/\/www.wko.at\/sozialversicherung\/neue-selbststaendige-einfach\">Neue Selbstst\u00e4ndige einfach erkl\u00e4rt (WKO)<\/a><\/li>\n\n\n\n<li><a href=\"https:\/\/www.usp.gv.at\/mitarbeiter\/arten-von-beschaeftigung\/neue-selbststaendige.html\">Neue Selbstst\u00e4ndige (Unternehmensservice Portal)<\/a><\/li>\n\n\n\n<li><a href=\"https:\/\/www.arbeiterkammer.at\/beratung\/steuerundeinkommen\/freiedienstnehmerinnen\/beschaeftigungsformen\/Bin_ich_neuer_Selbststaendiger.html\">Bin ich neuer Selbst\u00adst\u00e4ndiger? (AK)<\/a><\/li>\n<\/ul>\n","protected":false},"excerpt":{"rendered":"<p>Als Neue*r Selbstst\u00e4ndige*r arbeite ich selbstst\u00e4ndig, habe aber kein Gewerbe angemeldet. Ich arbeite mit Werkvertrag. Ich werde also von meinem*r Auftraggeber*in f\u00fcr ein bestimmtes Werk oder f\u00fcr eine Dienstleistung bezahlt. Neue Selbstst\u00e4ndige sind Personen, die zu keiner anderen Berufsgruppe geh\u00f6ren.&nbsp; Neue Selbstst\u00e4ndige sind Selbstst\u00e4ndige, die nicht Mitglied bei der Wirtschaftskammer (WKO) sind. Das sind zum [&hellip;]<\/p>\n","protected":false},"author":2,"featured_media":0,"parent":0,"menu_order":0,"comment_status":"closed","ping_status":"closed","template":"","meta":{"footnotes":""},"class_list":["post-4133","page","type-page","status-publish","hentry"],"_links":{"self":[{"href":"https:\/\/digmit.at\/index.php\/wp-json\/wp\/v2\/pages\/4133","targetHints":{"allow":["GET"]}}],"collection":[{"href":"https:\/\/digmit.at\/index.php\/wp-json\/wp\/v2\/pages"}],"about":[{"href":"https:\/\/digmit.at\/index.php\/wp-json\/wp\/v2\/types\/page"}],"author":[{"embeddable":true,"href":"https:\/\/digmit.at\/index.php\/wp-json\/wp\/v2\/users\/2"}],"replies":[{"embeddable":true,"href":"https:\/\/digmit.at\/index.php\/wp-json\/wp\/v2\/comments?post=4133"}],"version-history":[{"count":3,"href":"https:\/\/digmit.at\/index.php\/wp-json\/wp\/v2\/pages\/4133\/revisions"}],"predecessor-version":[{"id":4448,"href":"https:\/\/digmit.at\/index.php\/wp-json\/wp\/v2\/pages\/4133\/revisions\/4448"}],"wp:attachment":[{"href":"https:\/\/digmit.at\/index.php\/wp-json\/wp\/v2\/media?parent=4133"}],"curies":[{"name":"wp","href":"https:\/\/api.w.org\/{rel}","templated":true}]}}