{"id":4138,"date":"2023-11-21T19:26:10","date_gmt":"2023-11-21T19:26:10","guid":{"rendered":"https:\/\/digmit.at\/?page_id=4138"},"modified":"2023-11-21T21:12:42","modified_gmt":"2023-11-21T21:12:42","slug":"ich-arbeite-in-einem-privaten-haushalt-dienstleistungsscheck","status":"publish","type":"page","link":"https:\/\/digmit.at\/index.php\/ich-arbeite-in-einem-privaten-haushalt-dienstleistungsscheck\/","title":{"rendered":"Ich arbeite in einem privaten Haushalt. (Dienstleistungsscheck)"},"content":{"rendered":"\n<p>Mein*e Arbeitgeber*in kann mich f\u00fcr meine <strong>Arbeit im privaten Haushalt<\/strong> mit einem Dienstleistungsscheck (DLS) bezahlen. <\/p>\n\n\n\n<p>Solche Arbeiten sind zum Beispiel<\/p>\n\n\n\n<ul class=\"wp-block-list\">\n<li><strong>Kinderbetreuung<\/strong><\/li>\n\n\n\n<li><strong>Reinigung<\/strong><\/li>\n\n\n\n<li><strong>Einkaufen<\/strong><\/li>\n<\/ul>\n\n\n\n<p><br>Mit Dienstleistungsschecks darf ich <strong>maximal geringf\u00fcgig<\/strong>, also <strong>500,91 \u20ac pro Monat<\/strong> (2023), verdienen.<\/p>\n\n\n\n<p><br>Ich darf mit dem DLS f\u00fcr meine Arbeit bezahlt werden, wenn ich<\/p>\n\n\n\n<ul class=\"wp-block-list\">\n<li><strong>\u00f6sterreichische Staatsb\u00fcrger*in<\/strong>,<br><strong>EU-<\/strong> oder <strong>EWR-B\u00fcrger*in<\/strong> oder <strong>Schweizer*in<\/strong> bin<\/li>\n\n\n\n<li>einen <strong>Niederlassungsnachweis<\/strong>,<br>einen <strong>Befreiungsschein<\/strong><br>oder eine <strong>Arbeitserlaubnis<\/strong> habe<\/li>\n\n\n\n<li><strong>Asylwerber*in<\/strong> bin,<br>wenn ich seit 3 Monaten zum Asylverfahren zugelassen bin<\/li>\n<\/ul>\n\n\n\n<p><br>Mit dem DLS werden kurze, <strong>befristete Arbeit<\/strong>sverh\u00e4ltnisse (<strong>maximal 1 Monat<\/strong>) bezahlt.<br>Ich kann aber <strong>immer wieder f\u00fcr 1 Monat<\/strong> im gleichen Haushalt arbeiten.<\/p>\n\n\n\n<p><br><strong>Pro Arbeitstag<\/strong> bekomme ich <strong>einen DLS<\/strong>.<\/p>\n\n\n\n<p><br>Mit dem DLS bin ich mit dem 1. Arbeitstag <a href=\"https:\/\/digmit.at\/index.php\/startseite\/gesundheit\/kranken-und-unfallversicherung\/unfallversicherung\/\"><strong>unfallversichert<\/strong><\/a>.<\/p>\n\n\n\n<p>Wenn ich <strong>geringf\u00fcgig<\/strong> arbeite, bin ich <strong>nicht <\/strong><a href=\"https:\/\/digmit.at\/index.php\/startseite\/gesundheit\/kranken-und-unfallversicherung\/krankenversicherung\/\"><strong>krankenversichert<\/strong><\/a>. Ich kann mich <a href=\"https:\/\/www.gesundheitskasse.at\/cdscontent\/?contentid=10007.870435&amp;portal=oegkportal\">selbst versichern<\/a>. <\/p>\n\n\n\n<p><br>DLSs k\u00f6nnen in Trafiken, bei der Post oder <a href=\"https:\/\/www.dienstleistungsscheck-online.at\/dienstleistungsscheck-webapp\/about\/wieFunktioniertDlsOnline.jsf?conversationContext=1\">online<\/a> gekauft werden.\u00a0<br>DLSs k\u00f6nnen in einer H\u00f6he von 1 bis 100 \u20ac gekauft werden.<\/p>\n\n\n\n<p><br>Es gibt eine Dienstleistungsscheck-<strong>Handy-App<\/strong>: <a href=\"https:\/\/play.google.com\/store\/apps\/details?id=at.vaeb.mobile.dlsapp&amp;hl=de_AT&amp;pcampaignid=pcampaignidMKT-Other-global-all-co-prtnr-py-PartBadge-Mar2515-1&amp;conversationContext=1\">Google Play<\/a>, <a href=\"https:\/\/apps.apple.com\/at\/app\/dls-dienstleistungsscheck\/id1454033326?mt=8&amp;conversationContext=1\">App Store<\/a><\/p>\n\n\n\n<p>Wenn ich Fragen habe, kann ich beim <strong>Servicetelefon<\/strong> anrufen: 050405-40500 oder 0810 555 666<\/p>\n\n\n\n<p><br><\/p>\n\n\n\n<h2 class=\"wp-block-heading\"><strong>weitere Informationen<\/strong><\/h2>\n\n\n\n<ul class=\"wp-block-list\">\n<li><a href=\"https:\/\/www.arbeiterkammer.at\/beratung\/arbeitundrecht\/Arbeitsvertraege\/Dienstleistungs-Scheck.html\">Dienstleistungsscheck (AK)<\/a><\/li>\n\n\n\n<li><a href=\"https:\/\/www.dienstleistungsscheck-online.at\/dienstleistungsscheck-webapp\/index.jsf?conversationContext=1\">Dienstleistungsscheck-Online (BMAW)<\/a><\/li>\n\n\n\n<li><a href=\"https:\/\/www.arbeiterkammer.at\/beratung\/steuerundeinkommen\/dazuverdienen\/Arbeitsverhaeltnis_und_geringfuegige_Beschaeftigung.html\">Arbeitsverh\u00e4ltnis &amp; geringf\u00fcgige Besch\u00e4ftigung (AK)<\/a><\/li>\n<\/ul>\n","protected":false},"excerpt":{"rendered":"<p>Mein*e Arbeitgeber*in kann mich f\u00fcr meine Arbeit im privaten Haushalt mit einem Dienstleistungsscheck (DLS) bezahlen. Solche Arbeiten sind zum Beispiel Mit Dienstleistungsschecks darf ich maximal geringf\u00fcgig, also 500,91 \u20ac pro Monat (2023), verdienen. Ich darf mit dem DLS f\u00fcr meine Arbeit bezahlt werden, wenn ich Mit dem DLS werden kurze, befristete Arbeitsverh\u00e4ltnisse (maximal 1 Monat) [&hellip;]<\/p>\n","protected":false},"author":2,"featured_media":0,"parent":0,"menu_order":0,"comment_status":"closed","ping_status":"closed","template":"","meta":{"footnotes":""},"class_list":["post-4138","page","type-page","status-publish","hentry"],"_links":{"self":[{"href":"https:\/\/digmit.at\/index.php\/wp-json\/wp\/v2\/pages\/4138","targetHints":{"allow":["GET"]}}],"collection":[{"href":"https:\/\/digmit.at\/index.php\/wp-json\/wp\/v2\/pages"}],"about":[{"href":"https:\/\/digmit.at\/index.php\/wp-json\/wp\/v2\/types\/page"}],"author":[{"embeddable":true,"href":"https:\/\/digmit.at\/index.php\/wp-json\/wp\/v2\/users\/2"}],"replies":[{"embeddable":true,"href":"https:\/\/digmit.at\/index.php\/wp-json\/wp\/v2\/comments?post=4138"}],"version-history":[{"count":3,"href":"https:\/\/digmit.at\/index.php\/wp-json\/wp\/v2\/pages\/4138\/revisions"}],"predecessor-version":[{"id":4224,"href":"https:\/\/digmit.at\/index.php\/wp-json\/wp\/v2\/pages\/4138\/revisions\/4224"}],"wp:attachment":[{"href":"https:\/\/digmit.at\/index.php\/wp-json\/wp\/v2\/media?parent=4138"}],"curies":[{"name":"wp","href":"https:\/\/api.w.org\/{rel}","templated":true}]}}