{"id":4148,"date":"2023-11-21T19:35:42","date_gmt":"2023-11-21T19:35:42","guid":{"rendered":"https:\/\/digmit.at\/?page_id=4148"},"modified":"2023-11-22T01:59:04","modified_gmt":"2023-11-22T01:59:04","slug":"normalarbeitszeit","status":"publish","type":"page","link":"https:\/\/digmit.at\/index.php\/normalarbeitszeit\/","title":{"rendered":"Normalarbeitszeit"},"content":{"rendered":"\n<p>Die normale Arbeitszeit (= <strong>Normalarbeitszeit<\/strong>) ist<br><strong>8 Stunden pro Tag<\/strong><br>und <strong>40 Stunden pro Woche<\/strong> (= <strong>Wochenstunden<\/strong>).<\/p>\n\n\n\n<p><br><strong>Kollektivvertr\u00e4ge<\/strong> regeln auch die Normalarbeitszeit.<br>In vielen Kollektivvertr\u00e4gen ist die <strong>Normalarbeitszeit k\u00fcrzer<\/strong>, zum Beispiel 38,5 Stunden pro Woche.&nbsp;<\/p>\n\n\n\n<p><br>Wenn ich <strong>\u00fcber die Normalarbeitszeit<\/strong> arbeite, dann mache ich <strong><a href=\"https:\/\/digmit.at\/index.php\/uberstunden-mehrstunden\/\" data-type=\"page\" data-id=\"4163\">\u00dcberstunden<\/a><\/strong>.<\/p>\n\n\n\n<p><br>Wenn ich 40 Wochenstunden arbeite, kann ich auch von Montag bis Donnerstag 9 Stunden am Tag arbeiten und daf\u00fcr dann am Freitag k\u00fcrzer arbeiten.<\/p>\n\n\n\n<p>Ich kann auch mehr als 40 Stunden pro Woche arbeiten, wenn es zum Beispiel eine <strong>Gleitzeit<\/strong>vereinbarung gibt.<br>Gleitzeit bedeutet, dass ich Beginn und Ende der t\u00e4glichen Normalarbeitszeit in einem bestimmten Zeitraum frei gestalten kann. Ich kann also zum Beispiel zwischen 8 und 10 Uhr beginnen zu arbeiten.<\/p>\n\n\n\n<p><br>Gewerkschaften und die <a href=\"http:\/\/arbeiterkammer\">Arbeiterkammer<\/a> k\u00e4mpfen daf\u00fcr, die <strong>Normalarbeitszeit zu verk\u00fcrzen<\/strong>.<\/p>\n","protected":false},"excerpt":{"rendered":"<p>Die normale Arbeitszeit (= Normalarbeitszeit) ist8 Stunden pro Tagund 40 Stunden pro Woche (= Wochenstunden). Kollektivvertr\u00e4ge regeln auch die Normalarbeitszeit.In vielen Kollektivvertr\u00e4gen ist die Normalarbeitszeit k\u00fcrzer, zum Beispiel 38,5 Stunden pro Woche.&nbsp; Wenn ich \u00fcber die Normalarbeitszeit arbeite, dann mache ich \u00dcberstunden. Wenn ich 40 Wochenstunden arbeite, kann ich auch von Montag bis Donnerstag 9 [&hellip;]<\/p>\n","protected":false},"author":2,"featured_media":0,"parent":0,"menu_order":0,"comment_status":"closed","ping_status":"closed","template":"","meta":{"footnotes":""},"class_list":["post-4148","page","type-page","status-publish","hentry"],"_links":{"self":[{"href":"https:\/\/digmit.at\/index.php\/wp-json\/wp\/v2\/pages\/4148","targetHints":{"allow":["GET"]}}],"collection":[{"href":"https:\/\/digmit.at\/index.php\/wp-json\/wp\/v2\/pages"}],"about":[{"href":"https:\/\/digmit.at\/index.php\/wp-json\/wp\/v2\/types\/page"}],"author":[{"embeddable":true,"href":"https:\/\/digmit.at\/index.php\/wp-json\/wp\/v2\/users\/2"}],"replies":[{"embeddable":true,"href":"https:\/\/digmit.at\/index.php\/wp-json\/wp\/v2\/comments?post=4148"}],"version-history":[{"count":3,"href":"https:\/\/digmit.at\/index.php\/wp-json\/wp\/v2\/pages\/4148\/revisions"}],"predecessor-version":[{"id":4449,"href":"https:\/\/digmit.at\/index.php\/wp-json\/wp\/v2\/pages\/4148\/revisions\/4449"}],"wp:attachment":[{"href":"https:\/\/digmit.at\/index.php\/wp-json\/wp\/v2\/media?parent=4148"}],"curies":[{"name":"wp","href":"https:\/\/api.w.org\/{rel}","templated":true}]}}