{"id":4154,"date":"2023-11-21T19:38:06","date_gmt":"2023-11-21T19:38:06","guid":{"rendered":"https:\/\/digmit.at\/?page_id=4154"},"modified":"2023-11-22T02:00:23","modified_gmt":"2023-11-22T02:00:23","slug":"vollzeit-teilzeit-geringfugig","status":"publish","type":"page","link":"https:\/\/digmit.at\/index.php\/vollzeit-teilzeit-geringfugig\/","title":{"rendered":"Vollzeit \/ Teilzeit \/ geringf\u00fcgig"},"content":{"rendered":"\n<p><img loading=\"lazy\" decoding=\"async\" src=\"https:\/\/lh7-us.googleusercontent.com\/3Hm5ptcQx5pk1bWahEvq-zjSwThdwAibmiKs_gKUmlvloMX-fZl6x1u7C4UW13trHWYrt_W89NSCWIs99JYiSU9yVyjPcVAi-cdFDeb0-KQ1Yk29nMQduy_rd4n2uA6bT04hpQCfShEq\" width=\"605\" height=\"79\"><\/p>\n\n\n\n<p>Wenn ich so viele Wochenstunden arbeite, wie in meiner Arbeit die <strong><a href=\"https:\/\/digmit.at\/index.php\/normalarbeitszeit\/\">Normalarbeitszeit<\/a><\/strong> ist, dann arbeite ich <strong>Vollzeit<\/strong>.<br>Wenn die Normalarbeitszeit 38,5 Stunden ist, und ich 38,5 Stunden pro Woche arbeite, dann arbeite ich also Vollzeit.<\/p>\n\n\n\n<p>Wenn ich <strong>weniger als die Normalarbeitszeit<\/strong> und <strong>mehr als geringf\u00fcgig<\/strong> arbeite, arbeite ich <strong>Teilzeit<\/strong>.&nbsp;<\/p>\n\n\n\n<p>Wenn ich <strong>weniger als 500,91 \u20ac<\/strong> (Stand: 2023) verdiene, arbeite ich <strong>geringf\u00fcgig<\/strong>.<br>Es ist <strong>egal<\/strong>, <strong>wie viele Stunden pro Woche<\/strong> ich arbeite.<\/p>\n\n\n\n<p><br>Wenn ich <strong>Vollzeit oder Teilzeit<\/strong> arbeite, bin ich<\/p>\n\n\n\n<ul class=\"wp-block-list\">\n<li><a href=\"https:\/\/digmit.at\/index.php\/startseite\/gesundheit\/kranken-und-unfallversicherung\/unfallversicherung\/\"><strong>unfallversichert<\/strong><\/a> und <a href=\"https:\/\/digmit.at\/index.php\/startseite\/gesundheit\/kranken-und-unfallversicherung\/krankenversicherung\/\"><strong>krankenversichert<\/strong><\/a><\/li>\n\n\n\n<li><strong>pensionsversichert<\/strong><br>Wenn ich genug <a href=\"https:\/\/digmit.at\/index.php\/versicherungszeiten\/\">Versicherungszeiten<\/a> habe, kann ich in <a href=\"https:\/\/digmit.at\/index.php\/startseite\/alter-pension-2\/ich-mochte-in-pension-gehen-alterspension\/wann-kann-ich-in-pension-gehen\/\">Pension<\/a> gehen.<\/li>\n\n\n\n<li><strong>arbeitslosenversichert<\/strong><br>Wenn ich eine bestimmte Zeit lang arbeite und dann aufh\u00f6re zu arbeiten, bekomme ich <a href=\"https:\/\/digmit.at\/index.php\/startseite\/zeit-geld\/arbeitslosengeld-notstand\/arbeitslosengeld\/\" data-type=\"page\" data-id=\"402\">Arbeitslosengeld<\/a>.<\/li>\n<\/ul>\n\n\n\n<p>Wenn ich <strong>geringf\u00fcgig<\/strong> arbeite, bin ich <strong>nur <\/strong><a href=\"https:\/\/digmit.at\/index.php\/startseite\/gesundheit\/kranken-und-unfallversicherung\/unfallversicherung\/\"><strong>unfallversichert<\/strong><\/a>, aber <strong>nicht <\/strong><a href=\"https:\/\/digmit.at\/index.php\/startseite\/gesundheit\/kranken-und-unfallversicherung\/krankenversicherung\/\"><strong>krankenversichert<\/strong><\/a>. Ich kann mich <a href=\"https:\/\/www.gesundheitskasse.at\/cdscontent\/?contentid=10007.870435&amp;portal=oegkportal\">selbst versichern<\/a>.<br>Ich bin auch <strong>nicht <\/strong><a href=\"https:\/\/digmit.at\/index.php\/versicherungszeiten\/\"><strong>pensionsversichert<\/strong><\/a>. Das bedeutet, dass die Zeiten, in denen ich geringf\u00fcgig arbeite, nicht als Versicherungszeiten f\u00fcr die Pension z\u00e4hlen.<br>Ich bin auch <strong>nicht arbeitslosenversichert<\/strong>. Das bedeutet, dass ich kein Arbeitslosengeld bekomme, wenn ich aufh\u00f6re zu arbeiten.<\/p>\n\n\n\n<p><br>Wenn ich <strong>mehrere Jobs<\/strong> habe und zusammen <strong>mehr als geringf\u00fcgig <\/strong>arbeite, also mehr als 500,91 \u20ac (2023) verdiene, muss ich <strong>Sozialversicherungsbeitr\u00e4ge<\/strong> f\u00fcr die <a href=\"https:\/\/digmit.at\/index.php\/startseite\/gesundheit\/kranken-und-unfallversicherung\/krankenversicherung\/\">Krankenversicherung<\/a>, <a href=\"http:\/\/Arbeitslosengeld\">Arbeitslosenversicherung<\/a> und <a href=\"https:\/\/digmit.at\/index.php\/versicherungszeiten\/\">Pensionsversicherung<\/a><strong> nachzahlen<\/strong>.<\/p>\n\n\n\n<p>Wenn ich \u00fcber 17.111 \u20ac pro Jahr (2023) verdiene, muss ich auch <strong><a href=\"http:\/\/Steuern\">Steuern<\/a> nachzahlen<\/strong>.<\/p>\n\n\n\n<p><br><\/p>\n\n\n\n<h2 class=\"wp-block-heading\"><strong>weitere Informationen<\/strong><\/h2>\n\n\n\n<ul class=\"wp-block-list\">\n<li><a href=\"https:\/\/www.arbeiterkammer.at\/beratung\/arbeitundrecht\/Arbeitszeit\/Normalarbeitszeit\/Normalarbeitszeit.html\">Normalarbeitszeit (AK)<\/a><\/li>\n\n\n\n<li><a href=\"https:\/\/www.arbeiterkammer.at\/beratung\/arbeitundrecht\/Arbeitszeit\/SonderformenderArbeitszeit\/Teilzeitarbeit.html\">Teilzeitarbeit (AK)<\/a><\/li>\n\n\n\n<li><a href=\"https:\/\/www.arbeiterkammer.at\/beratung\/arbeitundrecht\/Arbeitszeit\/SonderformenderArbeitszeit\/Geringfuegige_Beschaeftigung.html\">Was bedeutet geringf\u00fcgige Besch\u00e4ftigung? (AK)<\/a><\/li>\n\n\n\n<li>Video: <a href=\"https:\/\/www.youtube.com\/watch?v=dvDcnjnVCwQ&amp;t=6s\">Geringf\u00fcgige Besch\u00e4ftigung | Arbeitszeit, Sozialversicherung &amp; Urlaubsanspruch (AK)<\/a><\/li>\n\n\n\n<li><a href=\"https:\/\/www.arbeiterkammer.at\/beratung\/steuerundeinkommen\/dazuverdienen\/Zwei_oder_mehr_Arbeitsverhaeltnisse.html\">Zwei oder mehrere Arbeitsverh\u00e4ltnisse (AK)<\/a><\/li>\n<\/ul>\n\n\n\n<p><\/p>\n\n\n\n<p><\/p>\n","protected":false},"excerpt":{"rendered":"<p>Wenn ich so viele Wochenstunden arbeite, wie in meiner Arbeit die Normalarbeitszeit ist, dann arbeite ich Vollzeit.Wenn die Normalarbeitszeit 38,5 Stunden ist, und ich 38,5 Stunden pro Woche arbeite, dann arbeite ich also Vollzeit. Wenn ich weniger als die Normalarbeitszeit und mehr als geringf\u00fcgig arbeite, arbeite ich Teilzeit.&nbsp; Wenn ich weniger als 500,91 \u20ac (Stand: [&hellip;]<\/p>\n","protected":false},"author":2,"featured_media":0,"parent":0,"menu_order":0,"comment_status":"closed","ping_status":"closed","template":"","meta":{"footnotes":""},"class_list":["post-4154","page","type-page","status-publish","hentry"],"_links":{"self":[{"href":"https:\/\/digmit.at\/index.php\/wp-json\/wp\/v2\/pages\/4154","targetHints":{"allow":["GET"]}}],"collection":[{"href":"https:\/\/digmit.at\/index.php\/wp-json\/wp\/v2\/pages"}],"about":[{"href":"https:\/\/digmit.at\/index.php\/wp-json\/wp\/v2\/types\/page"}],"author":[{"embeddable":true,"href":"https:\/\/digmit.at\/index.php\/wp-json\/wp\/v2\/users\/2"}],"replies":[{"embeddable":true,"href":"https:\/\/digmit.at\/index.php\/wp-json\/wp\/v2\/comments?post=4154"}],"version-history":[{"count":5,"href":"https:\/\/digmit.at\/index.php\/wp-json\/wp\/v2\/pages\/4154\/revisions"}],"predecessor-version":[{"id":4451,"href":"https:\/\/digmit.at\/index.php\/wp-json\/wp\/v2\/pages\/4154\/revisions\/4451"}],"wp:attachment":[{"href":"https:\/\/digmit.at\/index.php\/wp-json\/wp\/v2\/media?parent=4154"}],"curies":[{"name":"wp","href":"https:\/\/api.w.org\/{rel}","templated":true}]}}