{"id":4186,"date":"2023-11-21T20:28:41","date_gmt":"2023-11-21T20:28:41","guid":{"rendered":"https:\/\/digmit.at\/?page_id=4186"},"modified":"2023-11-21T20:40:58","modified_gmt":"2023-11-21T20:40:58","slug":"wie-viel-geld-bekomme-ich-fur-meine-arbeit","status":"publish","type":"page","link":"https:\/\/digmit.at\/index.php\/wie-viel-geld-bekomme-ich-fur-meine-arbeit\/","title":{"rendered":"Wie viel Geld bekomme ich f\u00fcr meine Arbeit?"},"content":{"rendered":"\n<p>In \u00d6sterreich gibt es <strong>keinen<\/strong> gesetzlichen <strong>Mindestlohn<\/strong>.<\/p>\n\n\n\n<p>L\u00f6hne oder Geh\u00e4lter, also auch Mindestl\u00f6hne\/Mindestgeh\u00e4lter, sind in den <strong><a href=\"https:\/\/digmit.at\/index.php\/kollektivvertrag-arbeitsvertrag-dienstzettel\/\">Kollektivvertr\u00e4gen<\/a><\/strong> geregelt.<\/p>\n\n\n\n<p><strong>Ich darf nicht unter dem Kollektivvertrag bezahlt werden.<\/strong><\/p>\n\n\n\n<p>In <strong>Stellenanzeigen<\/strong> muss das <strong>Mindestentgelt<\/strong> stehen, zum Beispiel<br>\u201eGehalt mindestens \u20ac 1.337,35 brutto\/Monat\u201c.<\/p>\n\n\n\n<p><br>Im Kollektivvertrag gibt es Gehaltstabellen mit verschiedenen <strong>Besch\u00e4ftigungsgruppen<\/strong>.<br>Je nachdem, was ich arbeite, werde ich in eine der Besch\u00e4ftigungsgruppen eingestuft.<br>Je nach Gruppe bekomme ich mehr oder weniger bezahlt.<\/p>\n\n\n\n<div class=\"wp-block-buttons is-layout-flex wp-block-buttons-is-layout-flex\">\n<div class=\"wp-block-button\"><a class=\"wp-block-button__link wp-element-button\" href=\"https:\/\/digmit.at\/index.php\/einstufung\/\">Einstufung<\/a><\/div>\n<\/div>\n\n\n\n<p><br>Wenn ich <strong>nicht nach Kollektivvertrag<\/strong> arbeite, bekomme ich so viel Lohn\/Gehalt, wie ich mit meinem*r Arbeitgeber*in ausgemacht habe.<\/p>\n\n\n\n<p><br>Ich sollte mir den Lohn\/das Gehalt <strong>schriftlich<\/strong> geben lassen.<br>Der Lohn\/das Gehalt steht im <a href=\"https:\/\/digmit.at\/index.php\/kollektivvertrag-arbeitsvertrag-dienstzettel\/#arbeitsvertrag\">Arbeitsvertrag<\/a> oder auf dem <a href=\"https:\/\/digmit.at\/index.php\/kollektivvertrag-arbeitsvertrag-dienstzettel\/#dienstzettel\">Dienstzettel<\/a>.\u00a0<\/p>\n\n\n\n<p><br>Wenn ich zu arbeiten beginne, muss mir mein*e Arbeitgeber*in einen <strong>Dienstzettel<\/strong> geben. Auf dem Dienstzettel steht, <strong>wie ich eingestuft bin<\/strong> und wie viel ich <strong>brutto pro Monat<\/strong> verdiene.<\/p>\n\n\n\n<div class=\"wp-block-buttons is-layout-flex wp-block-buttons-is-layout-flex\">\n<div class=\"wp-block-button\"><a class=\"wp-block-button__link wp-element-button\" href=\"https:\/\/digmit.at\/index.php\/brutto-netto\/\">brutto \/ netto<\/a><\/div>\n<\/div>\n\n\n\n<p><br>Normalerweise bekomme ich ein\/en <strong>13. und 14. Gehalt\/Lohn<\/strong>:<\/p>\n\n\n\n<div class=\"wp-block-buttons is-layout-flex wp-block-buttons-is-layout-flex\">\n<div class=\"wp-block-button\"><a class=\"wp-block-button__link wp-element-button\" href=\"https:\/\/digmit.at\/index.php\/weihnachtsgeld-urlaubsgeld\/\">Weihnachtsgeld und Urlaubsgeld<\/a><\/div>\n<\/div>\n\n\n\n<p><br>Wenn ich <strong>\u00fcber die <a href=\"https:\/\/digmit.at\/index.php\/normalarbeitszeit\/\">Normalarbeitszeit<\/a><\/strong> arbeite, dann mache ich <strong>\u00dcberstunden<\/strong>.<br><strong>\u00dcberstunden<\/strong> sind <strong>mit 1,5 auszubezahlen oder zu konsumieren<\/strong>. 1 \u00dcberstunde z\u00e4hlt also als 1,5 Stunden. <\/p>\n\n\n\n<div class=\"wp-block-buttons is-layout-flex wp-block-buttons-is-layout-flex\">\n<div class=\"wp-block-button\"><a class=\"wp-block-button__link wp-element-button\" href=\"https:\/\/digmit.at\/index.php\/uberstunden-mehrstunden\/\">\u00dcberstunden<\/a><\/div>\n<\/div>\n\n\n\n<p><br>Als Arbeitnehmer*in habe ich das Recht auf einen <strong>Lohnzettel<\/strong> \/ <strong>Gehaltszettel<\/strong>.<br>Ein Lohnzettel \/ Gehaltszettel ist eine Abrechnung \u00fcber meinen Lohn \/ mein Gehalt pro Monat.<\/p>\n\n\n\n<p>Hier finde ich ein <a href=\"https:\/\/lohnzettel.arbeiterkammer.at\">Beispiel f\u00fcr einen Lohnzettel<\/a>.<\/p>\n\n\n\n<p><br>Die <a href=\"https:\/\/www.oegb.at\/gewerkschaften\">Gewerkschaften<\/a> verhandeln jedes Jahr <strong>Lohnerh\u00f6hungen<\/strong>. Wenn ich <strong>nach Kollektivvertrag<\/strong> verdiene, bekomme ich diese Lohnerh\u00f6hung.<\/p>\n\n\n\n<p><br><\/p>\n\n\n\n<h2 class=\"wp-block-heading\"><strong>weitere Informationen<\/strong><\/h2>\n\n\n\n<ul class=\"wp-block-list\">\n<li><a href=\"https:\/\/www.arbeiterkammer.at\/beratung\/arbeitundrecht\/Arbeitsvertraege\/So_viel_Lohn_steht_mir_zu.html\">So viel Lohn steht mir zu (AK)<\/a><\/li>\n<\/ul>\n","protected":false},"excerpt":{"rendered":"<p>In \u00d6sterreich gibt es keinen gesetzlichen Mindestlohn. L\u00f6hne oder Geh\u00e4lter, also auch Mindestl\u00f6hne\/Mindestgeh\u00e4lter, sind in den Kollektivvertr\u00e4gen geregelt. Ich darf nicht unter dem Kollektivvertrag bezahlt werden. In Stellenanzeigen muss das Mindestentgelt stehen, zum Beispiel\u201eGehalt mindestens \u20ac 1.337,35 brutto\/Monat\u201c. Im Kollektivvertrag gibt es Gehaltstabellen mit verschiedenen Besch\u00e4ftigungsgruppen.Je nachdem, was ich arbeite, werde ich in eine der [&hellip;]<\/p>\n","protected":false},"author":2,"featured_media":0,"parent":0,"menu_order":0,"comment_status":"closed","ping_status":"closed","template":"","meta":{"footnotes":""},"class_list":["post-4186","page","type-page","status-publish","hentry"],"_links":{"self":[{"href":"https:\/\/digmit.at\/index.php\/wp-json\/wp\/v2\/pages\/4186","targetHints":{"allow":["GET"]}}],"collection":[{"href":"https:\/\/digmit.at\/index.php\/wp-json\/wp\/v2\/pages"}],"about":[{"href":"https:\/\/digmit.at\/index.php\/wp-json\/wp\/v2\/types\/page"}],"author":[{"embeddable":true,"href":"https:\/\/digmit.at\/index.php\/wp-json\/wp\/v2\/users\/2"}],"replies":[{"embeddable":true,"href":"https:\/\/digmit.at\/index.php\/wp-json\/wp\/v2\/comments?post=4186"}],"version-history":[{"count":4,"href":"https:\/\/digmit.at\/index.php\/wp-json\/wp\/v2\/pages\/4186\/revisions"}],"predecessor-version":[{"id":4199,"href":"https:\/\/digmit.at\/index.php\/wp-json\/wp\/v2\/pages\/4186\/revisions\/4199"}],"wp:attachment":[{"href":"https:\/\/digmit.at\/index.php\/wp-json\/wp\/v2\/media?parent=4186"}],"curies":[{"name":"wp","href":"https:\/\/api.w.org\/{rel}","templated":true}]}}