{"id":4201,"date":"2023-11-21T20:51:02","date_gmt":"2023-11-21T20:51:02","guid":{"rendered":"https:\/\/digmit.at\/?page_id=4201"},"modified":"2023-11-22T02:13:10","modified_gmt":"2023-11-22T02:13:10","slug":"steuern","status":"publish","type":"page","link":"https:\/\/digmit.at\/index.php\/steuern\/","title":{"rendered":"Steuern"},"content":{"rendered":"\n<p><strong>Je mehr ich verdiene, desto mehr Steuern zahle ich.<\/strong><\/p>\n\n\n\n<p><br>Als <strong>Arbeitnehmer*in<\/strong> zahle ich <strong>Lohnsteuer<\/strong>, wenn ich <strong><a href=\"https:\/\/digmit.at\/index.php\/vollzeit-teilzeit-geringfugig\/\">Teilzeit oder Vollzeit<\/a><\/strong> arbeite.<\/p>\n\n\n\n<p>Wenn ich <strong><a href=\"https:\/\/digmit.at\/index.php\/vollzeit-teilzeit-geringfugig\/\">geringf\u00fcgig<\/a><\/strong> arbeite, also bis 500,91 \u20ac (2023) verdiene, zahle ich <strong>keine Steuern<\/strong>.<\/p>\n\n\n\n<p>Wenn ich arbeite, wird die Lohnsteuer jeden Monat von meinem <a href=\"https:\/\/digmit.at\/index.php\/brutto-netto\/\">Brutto<\/a>-Entgelt abgezogen.<\/p>\n\n\n\n<p>F\u00fcr die Sonderzahlungen (= <a href=\"https:\/\/digmit.at\/index.php\/weihnachtsgeld-urlaubsgeld\/\">Weihnachtsgeld und Urlaubsgeld<\/a>) zahle ich weniger Steuern als f\u00fcr das normale Monatsentgelt.<\/p>\n\n\n\n<p><br>Wenn ich <strong>unselbstst\u00e4ndig<\/strong> arbeite, kann mir jedes Jahr \u00fcber die <strong>Arbeitnehmer*innenveranlagung<\/strong> Geld zur\u00fcckholen.<\/p>\n\n\n\n<div class=\"wp-block-buttons is-layout-flex wp-block-buttons-is-layout-flex\">\n<div class=\"wp-block-button\"><a class=\"wp-block-button__link wp-element-button\" href=\"https:\/\/digmit.at\/index.php\/arbeitnehmerinnenveranlagung\/\">Arbeitnehmer*innenveranlagung<\/a><\/div>\n<\/div>\n\n\n\n<p><br><\/p>\n\n\n\n<p>Wenn ich <strong>mehrere Jobs<\/strong> habe und zusammen <strong>mehr als geringf\u00fcgig <\/strong>arbeite, also mehr als 500,91 \u20ac (2023) pro Monat verdiene, muss ich <strong>Sozialversicherungsbeitr\u00e4ge<\/strong> f\u00fcr die <a href=\"https:\/\/digmit.at\/index.php\/startseite\/gesundheit\/kranken-und-unfallversicherung\/krankenversicherung\/\">Krankenversicherung<\/a>, <a href=\"https:\/\/digmit.at\/index.php\/startseite\/zeit-geld\/arbeitslosengeld-notstand\/arbeitslosengeld\/\" data-type=\"page\" data-id=\"402\">Arbeitslosenversicherung<\/a> und <a href=\"https:\/\/digmit.at\/index.php\/versicherungszeiten\/\">Pensionsversicherung<\/a><strong> nachzahlen<\/strong>.<\/p>\n\n\n\n<p>Wenn ich <strong>\u00fcber 17.111 \u20ac pro Jahr<\/strong> (2023) verdiene, muss ich auch <strong>Steuern nachzahlen<\/strong>.<\/p>\n\n\n\n<p><br>Wenn ich <strong>unselbstst\u00e4ndig<\/strong> arbeite und <strong>\u00fcber 12.756 \u20ac im Jahr<\/strong> (2023) <strong>verdiene<\/strong>, kann ich <strong>bis 730 \u20ac<\/strong> im Kalenderjahr aus <a href=\"https:\/\/digmit.at\/index.php\/werkvertrag-selbststandige\/\" data-type=\"page\" data-id=\"4115\">selbstst\u00e4ndiger Arbeit (Werkvertrag)<\/a> <strong>steuerfrei dazuverdienen<\/strong>.<\/p>\n\n\n\n<p><br>Mit dem <strong><a href=\"https:\/\/digmit.at\/index.php\/startseite\/zeit-geld\/lohn-gehalt-bezahlung\/zuverdienstrechner\/\">AK-Zuverdienstrechner<\/a><\/strong> kann ich berechnen, <strong>wie viel Steuer und Sozialversicherung ich f\u00fcr mein zus\u00e4tzliches Einkommen nachzahlen muss<\/strong>.<\/p>\n\n\n\n<p><br><\/p>\n\n\n\n<p>Als <strong><a href=\"https:\/\/digmit.at\/index.php\/freier-dienstvertrag\/\" data-type=\"page\" data-id=\"4106\">freie*r Dienstnehmer*in<\/a><\/strong> und als <strong><a href=\"https:\/\/digmit.at\/index.php\/werkvertrag-selbststandige\/\" data-type=\"page\" data-id=\"4115\">(Neue*r) Selbstst\u00e4ndige*r<\/a><\/strong> gelte ich als <strong>Unternehmer*in<\/strong>.<\/p>\n\n\n\n<p>Als Unternehmer*in muss ich mein<strong> Einkommen selbst versteuern<\/strong>.<br>Das hei\u00dft, ich muss eine <strong>Einkommensteuererkl\u00e4rung<\/strong> machen.<\/p>\n\n\n\n<div class=\"wp-block-buttons is-layout-flex wp-block-buttons-is-layout-flex\">\n<div class=\"wp-block-button\"><a class=\"wp-block-button__link wp-element-button\" href=\"https:\/\/digmit.at\/index.php\/einkommensteuererklarung\/\">Einkommensteuererkl\u00e4rung<\/a><\/div>\n<\/div>\n\n\n\n<p><br><\/p>\n\n\n\n<p>Wenn ich ein Kind\/Kinder habe, kann ich \u00fcber die <strong>Arbeitnehmer*innenveranlagung<\/strong><br>oder \u00fcber die <strong>Einkommensteuererkl\u00e4rung<\/strong> Absetzbetr\u00e4ge und Zuschl\u00e4ge beantragen:<\/p>\n\n\n\n<ul class=\"wp-block-list\">\n<li><strong><a href=\"http:\/\/Familienbonus Plus\">Familienbonus Plus<\/a><\/strong><br>wenn ich <strong>\u00fcber 1260 \u20ac brutto verdiene<\/strong><\/li>\n\n\n\n<li><strong><a href=\"https:\/\/digmit.at\/index.php\/wie-viel-familienbeihilfe-bekomme-ich\/\" data-type=\"page\" data-id=\"4351\">Mehrkindzuschlag<\/a><\/strong><br>wenn ich f\u00fcr <strong>mindestens 3 Kinder<\/strong> Familienbeihilfe bekomme<br>und wenn mein <strong>Haushaltseinkommen unter 55.000 \u20ac pro Jahr<\/strong> liegt<\/li>\n\n\n\n<li><a href=\"https:\/\/digmit.at\/index.php\/beihilfen-begunstigungen-fur-alleinerzieherinnen\/\" data-type=\"page\" data-id=\"4389\"><strong>Alleinerzieher*innenabsetzbetrag<\/strong> oder <strong>Alleinverdiener*innenabsetzbetrag<\/strong><\/a><strong><br><\/strong>wenn ich <strong>Alleinerzieher*in<\/strong> oder <strong>Alleinverdiener*in<\/strong> bin<\/li>\n<\/ul>\n\n\n\n<ul class=\"wp-block-list\">\n<li><strong><a href=\"https:\/\/digmit.at\/index.php\/beihilfen-begunstigungen-fur-alleinerzieherinnen\/\" data-type=\"page\" data-id=\"4389\">Kindermehrbetrag<\/a><\/strong><br>wenn ich als <strong>Alleinerzieher*in<\/strong> oder <strong>Alleinverdiener*in<\/strong> <strong>so wenig verdiene<\/strong>, dass ich <strong>(fast) keine Lohnsteuer oder Einkommensteuer zahle<\/strong><br>Ich bekomme den Kindermehrbetrag <strong>automatisch<\/strong>.<\/li>\n\n\n\n<li><a href=\"https:\/\/ooe.arbeiterkammer.at\/beratung\/steuerundeinkommen\/arbeitnehmerveranlagung_schrittfuerschritt\/aussergewoehnlichebelastungen\/Unterhaltsabsetzbetrag_und_Unterhaltsleistungen.html\"><strong>Unterhaltsabsetzbetrag<\/strong><br><\/a>wenn ich f\u00fcr ein Kind, das nicht mit mir im gleichen Haushalt wohnt, <strong>Unterhalt<\/strong> bezahle<\/li>\n<\/ul>\n\n\n\n<p><br>Wenn ich <strong>Schulden beim <\/strong><a href=\"https:\/\/www.help.gv.at\/linkaufloesung\/applikation-flow?leistung=LA-HP-GL-WFA&amp;quelle=HELP&amp;flow=LO\"><strong>Finanzamt<\/strong><\/a> habe, kann ich eine <strong>Stundung<\/strong> oder eine <strong>Ratenzahlung beantragen<\/strong>.<br>Hier finde ich <strong>Musteransuchen<\/strong> auf <a href=\"https:\/\/www.arbeiterkammer.at\/service\/musterbriefe\/steuerundeinkommen\/Stundung.html\">Stundung<\/a> und auf <a href=\"https:\/\/www.arbeiterkammer.at\/service\/musterbriefe\/steuerundeinkommen\/Ratenzahlung.html\">Ratenvereinbarung<\/a>.<\/p>\n\n\n\n<p><br>Wenn ich <strong>Fragen zum Thema Steuer f\u00fcr Arbeitnehmer*innen<\/strong> habe, kann ich mich bei der <a href=\"http:\/\/arbeiterkammer\"><strong>Arbeiterkammer (AK)<\/strong><\/a> informieren: <a href=\"tel: +431 501 65 1207\">01 501 65 1207<\/a><br><a href=\"https:\/\/wien.arbeiterkammer.at\/ueberuns\/kontakt\/steuerrecht\/Sie_haben_Fragen_zum_Steuerrecht_.html\">Kontaktformular<\/a><\/p>\n\n\n\n<p>Wenn ich <strong>Fragen zum Thema Steuer f\u00fcr Selbstst\u00e4ndige\/Unternehmer*innen<\/strong> habe, kann ich mich bei der <a href=\"https:\/\/www.wko.at\/wien\"><strong>Wirtschaftskammer (WKO)<\/strong><\/a> informieren: <a href=\"http:\/\/+431 51450 1010\">01 51450 1010<\/a><br>Adresse: Stra\u00dfe der Wiener Wirtschaft 1, 1020 Wien<br><a href=\"https:\/\/www.wko.at\/service\/w\/Kontakt-WKW.html\">Kontaktformular<\/a><\/p>\n\n\n\n<p><br>Wenn ich <strong>Fragen zur Arbeitnehmer*innenveranlagung<\/strong> oder <strong>Einkommensteuererkl\u00e4rung<\/strong> habe, kann ich das <a href=\"https:\/\/www.help.gv.at\/linkaufloesung\/applikation-flow?leistung=LA-HP-GL-WFA&amp;quelle=HELP&amp;flow=LO\"><strong>Finanzamt<\/strong><\/a> kontaktieren:<br>Hotline f\u00fcr Privatpersonen: 050 233 233<br>Hotline f\u00fcr Unternehmer*innen: 050 233 333<br>FinanzOnline-Hotine: 050 233 790<br>Ich kann auch einen pers\u00f6nlichen Termin vereinbaren \u2013 unter 050 233 700 oder <a href=\"https:\/\/www.bmf.gv.at\/services\/Terminvereinbarungen.html\">online<\/a>.<br>Adresse: 3. Bezirk, Marxergasse 4 (U3 Landstra\u00dfe)<\/p>\n\n\n\n<p><br><\/p>\n\n\n\n<h2 class=\"wp-block-heading\"><strong>weitere Informationen<\/strong><\/h2>\n\n\n\n<ul class=\"wp-block-list\">\n<li>Video: <a href=\"https:\/\/www.youtube.com\/watch?v=APwam0eSq_M\">Lohn- &amp; Einkommensteuer einfach erkl\u00e4rt | \u00d6sterreich 2022 (FinanzAT)<\/a><\/li>\n\n\n\n<li><a href=\"https:\/\/www.arbeiterkammer.at\/beratung\/steuerundeinkommen\/dazuverdienen\/Zwei_oder_mehr_Arbeitsverhaeltnisse.html\">Zwei oder mehrere Arbeitsverh\u00e4ltnisse (AK)<\/a><\/li>\n\n\n\n<li><a href=\"https:\/\/www.arbeiterkammer.at\/beratung\/steuerundeinkommen\/dazuverdienen\/Zwei_oder_mehr_geringfuegige_Beschaeftigungen.html\">Mehrere geringf\u00fcgige Besch\u00e4ftigungen (AK)<\/a><\/li>\n\n\n\n<li>Video: <a href=\"https:\/\/www.youtube.com\/watch?v=9FFbFAy3nbM\">Mehrere geringf\u00fcgige Jobs? Das musst du beachten! (AK)<\/a><\/li>\n\n\n\n<li><a href=\"https:\/\/www.arbeiterkammer.at\/beratung\/steuerundeinkommen\/dazuverdienen\/Arbeitsverhaeltnis_und_Werkvertrag.html#:~:text=Andere%20Eink%C3%BCnfte%20neben%20einem%20Arbeitsverh%C3%A4ltnis,regul%C3%A4r%20eine%20Arbeitnehmer%3Ainnenveranlagung%20einreichen.\">Arbeitsverh\u00e4ltnis &amp; Werkvertrag (AK)<\/a><\/li>\n<\/ul>\n","protected":false},"excerpt":{"rendered":"<p>Je mehr ich verdiene, desto mehr Steuern zahle ich. Als Arbeitnehmer*in zahle ich Lohnsteuer, wenn ich Teilzeit oder Vollzeit arbeite. Wenn ich geringf\u00fcgig arbeite, also bis 500,91 \u20ac (2023) verdiene, zahle ich keine Steuern. Wenn ich arbeite, wird die Lohnsteuer jeden Monat von meinem Brutto-Entgelt abgezogen. F\u00fcr die Sonderzahlungen (= Weihnachtsgeld und Urlaubsgeld) zahle ich [&hellip;]<\/p>\n","protected":false},"author":2,"featured_media":0,"parent":0,"menu_order":0,"comment_status":"closed","ping_status":"closed","template":"","meta":{"footnotes":""},"class_list":["post-4201","page","type-page","status-publish","hentry"],"_links":{"self":[{"href":"https:\/\/digmit.at\/index.php\/wp-json\/wp\/v2\/pages\/4201","targetHints":{"allow":["GET"]}}],"collection":[{"href":"https:\/\/digmit.at\/index.php\/wp-json\/wp\/v2\/pages"}],"about":[{"href":"https:\/\/digmit.at\/index.php\/wp-json\/wp\/v2\/types\/page"}],"author":[{"embeddable":true,"href":"https:\/\/digmit.at\/index.php\/wp-json\/wp\/v2\/users\/2"}],"replies":[{"embeddable":true,"href":"https:\/\/digmit.at\/index.php\/wp-json\/wp\/v2\/comments?post=4201"}],"version-history":[{"count":4,"href":"https:\/\/digmit.at\/index.php\/wp-json\/wp\/v2\/pages\/4201\/revisions"}],"predecessor-version":[{"id":4459,"href":"https:\/\/digmit.at\/index.php\/wp-json\/wp\/v2\/pages\/4201\/revisions\/4459"}],"wp:attachment":[{"href":"https:\/\/digmit.at\/index.php\/wp-json\/wp\/v2\/media?parent=4201"}],"curies":[{"name":"wp","href":"https:\/\/api.w.org\/{rel}","templated":true}]}}