{"id":4202,"date":"2023-11-21T20:46:30","date_gmt":"2023-11-21T20:46:30","guid":{"rendered":"https:\/\/digmit.at\/?page_id=4202"},"modified":"2023-11-21T20:46:30","modified_gmt":"2023-11-21T20:46:30","slug":"arbeitnehmerinnenveranlagung","status":"publish","type":"page","link":"https:\/\/digmit.at\/index.php\/arbeitnehmerinnenveranlagung\/","title":{"rendered":"Arbeitnehmer*innenveranlagung"},"content":{"rendered":"\n<p>Wenn ich <strong>unselbstst\u00e4ndig<\/strong> arbeite, kann mir jedes Jahr \u00fcber die <strong>Arbeitnehmer*innenveranlagung<\/strong> Geld zur\u00fcckholen \u2013 f\u00fcr:<\/p>\n\n\n\n<ul class=\"wp-block-list\">\n<li>eventuell zu viel bezahlte Lohnsteuer<\/li>\n\n\n\n<li><a href=\"https:\/\/arbeiterkammer.at\/beratung\/steuerundeinkommen\/steuertipps\/Werbungskosten.html\">Werbungskosten<\/a> (zum Beispiel Kosten f\u00fcr PC, Ausbildung\/Weiterbildung\u2026)<\/li>\n\n\n\n<li><a href=\"https:\/\/ooe.arbeiterkammer.at\/beratung\/steuerundeinkommen\/geldvomfinanzamt\/Absetzbetraege_.html\">Absetzbetr\u00e4ge<\/a> (zum Beispiel Kinderabsetzbetr\u00e4ge)<\/li>\n\n\n\n<li><a href=\"https:\/\/arbeiterkammer.at\/beratung\/steuerundeinkommen\/steuertipps\/Aussergewoehnliche_Belastungen.html\">Au\u00dfergew\u00f6hnliche Belastungen<\/a> (zum Beispiel Krankheitskosten)<\/li>\n\n\n\n<li>\u2026<br><\/li>\n<\/ul>\n\n\n\n<p>Wenn ich <strong>wenig verdient<\/strong> oder <strong>nicht das ganze Jahr gearbeitet<\/strong> habe, kann ich mir \u00fcber die Arbeitnehmer*innenveranlagung <strong>mehr Geld zur\u00fcckholen<\/strong>.<\/p>\n\n\n\n<p><br>Ich kann die Arbeitnehmer*innenveranlagung <strong>5 Jahre r\u00fcckwirkend<\/strong> machen. Das hei\u00dft, ich kann zum Beispiel den Antrag f\u00fcr das Jahr 2022 bis Ende 2027 stellen.<\/p>\n\n\n\n<figure class=\"wp-block-embed is-type-video is-provider-youtube wp-block-embed-youtube wp-embed-aspect-16-9 wp-has-aspect-ratio\"><div class=\"wp-block-embed__wrapper\">\n<iframe loading=\"lazy\" title=\"Hol dir dein Geld zur\u00fcck!\" width=\"500\" height=\"281\" src=\"https:\/\/www.youtube.com\/embed\/ncaagxNpPAY?feature=oembed\" frameborder=\"0\" allow=\"accelerometer; autoplay; clipboard-write; encrypted-media; gyroscope; picture-in-picture; web-share\" referrerpolicy=\"strict-origin-when-cross-origin\" allowfullscreen><\/iframe>\n<\/div><figcaption class=\"wp-element-caption\"><a href=\"https:\/\/www.youtube.com\/watch?v=ncaagxNpPAY\">Hol dir dein Geld zur\u00fcck! (AK)<\/a><\/figcaption><\/figure>\n\n\n\n<p><br><\/p>\n\n\n\n<h2 class=\"wp-block-heading\">weitere Informationen<\/h2>\n\n\n\n<ul class=\"wp-block-list\">\n<li><a href=\"https:\/\/www.arbeiterkammer.at\/beratung\/steuerundeinkommen\/arbeitnehmerInnenveranlagung\/index.html\">ArbeitnehmerInnenveranlagung (AK)<\/a><\/li>\n\n\n\n<li>Video: <a href=\"https:\/\/www.youtube.com\/watch?v=QCcem5Fi_NU&amp;t=0s\">Lohnsteuerausgleich &#8211; Schritt f\u00fcr Schritt zur \ud83d\udcd1\ud83d\udcb0 Arbeitnehmerveranlagung in \u00d6sterreich (FinanzAT)<\/a><\/li>\n<\/ul>\n","protected":false},"excerpt":{"rendered":"<p>Wenn ich unselbstst\u00e4ndig arbeite, kann mir jedes Jahr \u00fcber die Arbeitnehmer*innenveranlagung Geld zur\u00fcckholen \u2013 f\u00fcr: Wenn ich wenig verdient oder nicht das ganze Jahr gearbeitet habe, kann ich mir \u00fcber die Arbeitnehmer*innenveranlagung mehr Geld zur\u00fcckholen. Ich kann die Arbeitnehmer*innenveranlagung 5 Jahre r\u00fcckwirkend machen. Das hei\u00dft, ich kann zum Beispiel den Antrag f\u00fcr das Jahr 2022 [&hellip;]<\/p>\n","protected":false},"author":2,"featured_media":0,"parent":0,"menu_order":0,"comment_status":"closed","ping_status":"closed","template":"","meta":{"footnotes":""},"class_list":["post-4202","page","type-page","status-publish","hentry"],"_links":{"self":[{"href":"https:\/\/digmit.at\/index.php\/wp-json\/wp\/v2\/pages\/4202","targetHints":{"allow":["GET"]}}],"collection":[{"href":"https:\/\/digmit.at\/index.php\/wp-json\/wp\/v2\/pages"}],"about":[{"href":"https:\/\/digmit.at\/index.php\/wp-json\/wp\/v2\/types\/page"}],"author":[{"embeddable":true,"href":"https:\/\/digmit.at\/index.php\/wp-json\/wp\/v2\/users\/2"}],"replies":[{"embeddable":true,"href":"https:\/\/digmit.at\/index.php\/wp-json\/wp\/v2\/comments?post=4202"}],"version-history":[{"count":1,"href":"https:\/\/digmit.at\/index.php\/wp-json\/wp\/v2\/pages\/4202\/revisions"}],"predecessor-version":[{"id":4203,"href":"https:\/\/digmit.at\/index.php\/wp-json\/wp\/v2\/pages\/4202\/revisions\/4203"}],"wp:attachment":[{"href":"https:\/\/digmit.at\/index.php\/wp-json\/wp\/v2\/media?parent=4202"}],"curies":[{"name":"wp","href":"https:\/\/api.w.org\/{rel}","templated":true}]}}