{"id":4208,"date":"2023-11-21T20:55:10","date_gmt":"2023-11-21T20:55:10","guid":{"rendered":"https:\/\/digmit.at\/?page_id=4208"},"modified":"2023-11-21T20:57:47","modified_gmt":"2023-11-21T20:57:47","slug":"einkommensteuererklarung","status":"publish","type":"page","link":"https:\/\/digmit.at\/index.php\/einkommensteuererklarung\/","title":{"rendered":"Einkommensteuererkl\u00e4rung"},"content":{"rendered":"\n<p>Als <strong><a href=\"https:\/\/digmit.at\/index.php\/freier-dienstvertrag\/\" data-type=\"page\" data-id=\"4106\">freie*r Dienstnehmer*in<\/a><\/strong> und als <strong><a href=\"https:\/\/digmit.at\/index.php\/werkvertrag-selbststandige\/\" data-type=\"page\" data-id=\"4115\">(Neue*r) Selbstst\u00e4ndige*r<\/a><\/strong> gelte ich als <strong>Unternehmer*in<\/strong>.<br>Als Unternehmer*in muss ich mein<strong> Einkommen selbst versteuern<\/strong>.<br>Das hei\u00dft, ich muss eine <strong>Einkommensteuererkl\u00e4rung<\/strong> machen.<br>Dazu muss ich das <a href=\"https:\/\/www.usp.gv.at\/linkaufloesung\/applikation-flow?flow=FO&amp;quelle=HELP&amp;leistung=LA-HP-GL-FormularE1_2009\">Formular E1<\/a> einreichen.<\/p>\n\n\n\n<p>Ich bekomme vom <strong>Finanzamt<\/strong> einen <strong>Einkommensteuerbescheid<\/strong>.<\/p>\n\n\n\n<p><br>Ich muss <strong>jedes Quartal<\/strong> die <strong>Einkommensteuer<\/strong> <strong>im Voraus<\/strong> an das Finanzamt \u00fcberweisen.<br>Ich muss jedes Jahr bis zum 15. Februar | 15. Mai | 15. August | 15. Oktober das Geld \u00fcberweisen.<br>Wenn ich zu viel oder zu wenig Einkommenssteuer bezahlt habe, bekomme ich entweder Geld zur\u00fcck oder ich muss nachzahlen.<\/p>\n\n\n\n<figure class=\"wp-block-table\"><table><tbody><tr><td class=\"has-text-align-right\" data-align=\"right\"><strong>Einkommen im Jahr<\/strong><\/td><td><strong>Steuer<\/strong><\/td><\/tr><tr><td class=\"has-text-align-right\" data-align=\"right\">bis 11.000 \u20ac<\/td><td>0 %<\/td><\/tr><tr><td class=\"has-text-align-right\" data-align=\"right\">\u00fcber 11.000 \u20ac bis 18.000 \u20ac<\/td><td>20 %<\/td><\/tr><tr><td class=\"has-text-align-right\" data-align=\"right\">\u00fcber 18.000 \u20ac bis 31.000 \u20ac<\/td><td>30 %<\/td><\/tr><tr><td class=\"has-text-align-right\" data-align=\"right\">\u00fcber 31.000 \u20ac bis 60.000 \u20ac<\/td><td>41 % (2023) \/ 40 % ab 2024<\/td><\/tr><tr><td class=\"has-text-align-right\" data-align=\"right\">\u00fcber 60.000 \u20ac bis 90.000 \u20ac<\/td><td>48 %<\/td><\/tr><tr><td class=\"has-text-align-right\" data-align=\"right\">\u00fcber 90.000 \u20ac bis 1.000.000 \u20ac<\/td><td>50 %<\/td><\/tr><tr><td class=\"has-text-align-right\" data-align=\"right\">mehr als 1.000.000 \u20ac<\/td><td>55 %<\/td><\/tr><\/tbody><\/table><\/figure>\n\n\n\n<p>Beispiel:<br>Ich verdiene 30.000 \u20ac pro Jahr.<br>11.000 \u20ac sind steuerfrei. Das hei\u00dft, ich zahle keine Steuern.<br>Auf 7.000 \u20ac zahle ich 20 %.<br>Auf 12.000 \u20ac zahle ich 30 %.<\/p>\n\n\n\n<p><br><\/p>\n\n\n\n<h2 class=\"wp-block-heading\">weitere Informationen<\/h2>\n\n\n\n<ul class=\"wp-block-list\">\n<li><a href=\"https:\/\/www.usp.gv.at\/steuern-finanzen\/einkommensteuer\/einkommensteuererklaerung.html\">Einkommenssteuererkl\u00e4rung (Unternehmensservice Portal)<\/a><\/li>\n\n\n\n<li><a href=\"https:\/\/wien.arbeiterkammer.at\/beratung\/steuerundeinkommen\/dazuverdienen\/Einkommensteuer.html\">Einkommensteuererkl\u00e4rung (AK)<\/a><\/li>\n<\/ul>\n","protected":false},"excerpt":{"rendered":"<p>Als freie*r Dienstnehmer*in und als (Neue*r) Selbstst\u00e4ndige*r gelte ich als Unternehmer*in.Als Unternehmer*in muss ich mein Einkommen selbst versteuern.Das hei\u00dft, ich muss eine Einkommensteuererkl\u00e4rung machen.Dazu muss ich das Formular E1 einreichen. Ich bekomme vom Finanzamt einen Einkommensteuerbescheid. Ich muss jedes Quartal die Einkommensteuer im Voraus an das Finanzamt \u00fcberweisen.Ich muss jedes Jahr bis zum 15. Februar [&hellip;]<\/p>\n","protected":false},"author":2,"featured_media":0,"parent":0,"menu_order":0,"comment_status":"closed","ping_status":"closed","template":"","meta":{"footnotes":""},"class_list":["post-4208","page","type-page","status-publish","hentry"],"_links":{"self":[{"href":"https:\/\/digmit.at\/index.php\/wp-json\/wp\/v2\/pages\/4208","targetHints":{"allow":["GET"]}}],"collection":[{"href":"https:\/\/digmit.at\/index.php\/wp-json\/wp\/v2\/pages"}],"about":[{"href":"https:\/\/digmit.at\/index.php\/wp-json\/wp\/v2\/types\/page"}],"author":[{"embeddable":true,"href":"https:\/\/digmit.at\/index.php\/wp-json\/wp\/v2\/users\/2"}],"replies":[{"embeddable":true,"href":"https:\/\/digmit.at\/index.php\/wp-json\/wp\/v2\/comments?post=4208"}],"version-history":[{"count":3,"href":"https:\/\/digmit.at\/index.php\/wp-json\/wp\/v2\/pages\/4208\/revisions"}],"predecessor-version":[{"id":4211,"href":"https:\/\/digmit.at\/index.php\/wp-json\/wp\/v2\/pages\/4208\/revisions\/4211"}],"wp:attachment":[{"href":"https:\/\/digmit.at\/index.php\/wp-json\/wp\/v2\/media?parent=4208"}],"curies":[{"name":"wp","href":"https:\/\/api.w.org\/{rel}","templated":true}]}}