{"id":422,"date":"2020-11-13T23:53:37","date_gmt":"2020-11-13T23:53:37","guid":{"rendered":"https:\/\/digmit.tantemalkah.at\/?page_id=422"},"modified":"2024-01-02T12:57:04","modified_gmt":"2024-01-02T12:57:04","slug":"aufenthaltsrecht","status":"publish","type":"page","link":"https:\/\/digmit.at\/index.php\/startseite\/aufenthaltsrecht\/","title":{"rendered":"Aufenthaltsrecht"},"content":{"rendered":"\n<div class=\"wp-block-buttons is-layout-flex wp-block-buttons-is-layout-flex\">\n<div class=\"wp-block-button\"><a class=\"wp-block-button__link wp-element-button\" href=\"https:\/\/digmit.at\/index.php\/startseite\/aufenthaltsrecht\/ich-mochte-in-osterreich-leben-und-oder-arbeiten\/\">Ich m\u00f6chte in \u00d6sterreich leben und\/oder arbeiten.<\/a><\/div>\n<\/div>\n\n\n\n<div class=\"wp-block-buttons is-layout-flex wp-block-buttons-is-layout-flex\">\n<div class=\"wp-block-button\"><a class=\"wp-block-button__link wp-element-button\" href=\"https:\/\/digmit.at\/index.php\/startseite\/aufenthaltsrecht\/ich-will-nach-einer-scheidung-in-osterreich-bleiben-und-habe\/\">Ich will nach einer Scheidung in \u00d6sterreich bleiben.<\/a><\/div>\n<\/div>\n\n\n\n<div class=\"wp-block-buttons is-layout-flex wp-block-buttons-is-layout-flex\">\n<div class=\"wp-block-button\"><a class=\"wp-block-button__link wp-element-button\" href=\"https:\/\/digmit.at\/index.php\/startseite\/aufenthaltsrecht\/ich-mochte-in-osterreich-leben-und-oder-arbeiten\/ich-bin-drittstaatsangehoriger-und\/ich-bin-drittstaatsangehoriger-und-betroffener-von-gewalt-menschenhandel-frauenhandel\/\">Ich bin Betroffene*r von Gewalt \/ Menschenhandel \/ Frauenhandel.<\/a><\/div>\n<\/div>\n\n\n\n<div class=\"wp-block-buttons is-layout-flex wp-block-buttons-is-layout-flex\">\n<div class=\"wp-block-button\"><a class=\"wp-block-button__link wp-element-button\" href=\"https:\/\/digmit.at\/index.php\/ich-mochte-die-osterreichische-staatsburgerschaft-beantragen\/\">Ich m\u00f6chte die \u00f6sterreichische Staatsb\u00fcrgerschaft beantragen.<\/a><\/div>\n<\/div>\n\n\n\n<p>Stand: J\u00e4nner 2022<\/p>\n\n\n\n<p>ACHTUNG<br>Im Aufenthaltsrecht kommt es immer wieder zu <strong>\u00c4nderungen<\/strong>! <br>Wenn ich Informationen zu <strong>aktuelle<\/strong>n <strong>Gesetze<\/strong>n brauche, kann ich mich <strong>beraten<\/strong> lassen:<\/p>\n\n\n\n<div class=\"wp-block-buttons is-layout-flex wp-block-buttons-is-layout-flex\">\n<div class=\"wp-block-button is-style-outline is-style-outline--1\"><a class=\"wp-block-button__link wp-element-button\" href=\"https:\/\/digmit.at\/index.php\/startseite\/aufenthaltsrecht\/beratungsstellen\/\">Beratungsstellen <\/a><\/div>\n<\/div>\n\n\n\n<p><\/p>\n\n\n\n<div class=\"wp-block-buttons is-layout-flex wp-block-buttons-is-layout-flex\">\n<div class=\"wp-block-button\"><a class=\"wp-block-button__link wp-element-button\" href=\"https:\/\/digmit.at\/index.php\/die-osterreichische-migrationspolitik\/\">Die \u00f6sterreichische Migrationspolitik<\/a><\/div>\n<\/div>\n\n\n\n<p><br><\/p>\n\n\n\n<div class=\"wp-block-group\"><div class=\"wp-block-group__inner-container is-layout-constrained wp-block-group-is-layout-constrained\">\n<h2 class=\"wp-block-heading\" id=\"weitere-informationen\">weitere Informationen<\/h2>\n\n\n\n<ul class=\"wp-block-list\">\n<li><a href=\"https:\/\/www.migrant.at\/informationsblaetter\/\">Informationsbl\u00e4tter in zu unterschiedlichen Themen (Beratungszentrum f\u00fcr Migranten und Migrantinnen)<\/a> <\/li>\n\n\n\n<li>Fremdenrecht. Asyl \u2013 Ausl\u00e4nderbesch\u00e4ftigung \u2013 Einb\u00fcrgerung \u2013 Einwanderung \u2013 Verwaltungsverfahren<br>Autoren*: Thomas Neugschwendtner, Johannes Peyrl, Christian Schmaus (\u00d6GB Verlag, 7. Auflage 2018)<\/li>\n\n\n\n<li><a href=\"https:\/\/docplayer.org\/73874991-Oesterreichische-fremden-und-asylrechtliche-dokumente-stand-jaenner-2018.html\">\u00d6sterreichische fremden- und asylrechtliche Dokumente \u2013 Stand J\u00e4nner 2018 (Dunja Bogdanovic-Govedarica)<\/a> <\/li>\n\n\n\n<li><a href=\"https:\/\/www.migration.gv.at\/de\/formen-der-zuwanderung\/dauerhafte-zuwanderung\/\">migration.gv.at<\/a><\/li>\n\n\n\n<li><a href=\"https:\/\/immigration-guide.workinaustria.com\/\">Immigration Guide Austria<\/a><\/li>\n<\/ul>\n<\/div><\/div>\n","protected":false},"excerpt":{"rendered":"<p>Stand: J\u00e4nner 2022 ACHTUNGIm Aufenthaltsrecht kommt es immer wieder zu \u00c4nderungen! Wenn ich Informationen zu aktuellen Gesetzen brauche, kann ich mich beraten lassen: weitere Informationen<\/p>\n","protected":false},"author":2,"featured_media":0,"parent":25,"menu_order":0,"comment_status":"closed","ping_status":"closed","template":"templates\/main-topic-page.php","meta":{"footnotes":""},"class_list":["post-422","page","type-page","status-publish","hentry"],"_links":{"self":[{"href":"https:\/\/digmit.at\/index.php\/wp-json\/wp\/v2\/pages\/422","targetHints":{"allow":["GET"]}}],"collection":[{"href":"https:\/\/digmit.at\/index.php\/wp-json\/wp\/v2\/pages"}],"about":[{"href":"https:\/\/digmit.at\/index.php\/wp-json\/wp\/v2\/types\/page"}],"author":[{"embeddable":true,"href":"https:\/\/digmit.at\/index.php\/wp-json\/wp\/v2\/users\/2"}],"replies":[{"embeddable":true,"href":"https:\/\/digmit.at\/index.php\/wp-json\/wp\/v2\/comments?post=422"}],"version-history":[{"count":26,"href":"https:\/\/digmit.at\/index.php\/wp-json\/wp\/v2\/pages\/422\/revisions"}],"predecessor-version":[{"id":4603,"href":"https:\/\/digmit.at\/index.php\/wp-json\/wp\/v2\/pages\/422\/revisions\/4603"}],"up":[{"embeddable":true,"href":"https:\/\/digmit.at\/index.php\/wp-json\/wp\/v2\/pages\/25"}],"wp:attachment":[{"href":"https:\/\/digmit.at\/index.php\/wp-json\/wp\/v2\/media?parent=422"}],"curies":[{"name":"wp","href":"https:\/\/api.w.org\/{rel}","templated":true}]}}