{"id":4225,"date":"2023-11-21T21:21:49","date_gmt":"2023-11-21T21:21:49","guid":{"rendered":"https:\/\/digmit.at\/?page_id=4225"},"modified":"2023-11-22T02:13:57","modified_gmt":"2023-11-22T02:13:57","slug":"kundigung-entlassung-einvernehmliche-auflosung","status":"publish","type":"page","link":"https:\/\/digmit.at\/index.php\/kundigung-entlassung-einvernehmliche-auflosung\/","title":{"rendered":"K\u00fcndigung \/ Entlassung \/ Einvernehmliche Aufl\u00f6sung"},"content":{"rendered":"\n<div class=\"wp-block-buttons is-layout-flex wp-block-buttons-is-layout-flex\">\n<div class=\"wp-block-button\"><a class=\"wp-block-button__link wp-element-button\" href=\"https:\/\/digmit.at\/index.php\/ich-will-meinen-job-kundigen\/\">Ich will meinen Job k\u00fcndigen.<\/a><\/div>\n<\/div>\n\n\n\n<div class=\"wp-block-buttons is-layout-flex wp-block-buttons-is-layout-flex\">\n<div class=\"wp-block-button\"><a class=\"wp-block-button__link wp-element-button\" href=\"https:\/\/digmit.at\/index.php\/meine-arbeitgeberin-will-mich-kundigen-entlassen\/\">Meine Arbeitgeberin will mich k\u00fcndigen \/ entlassen.<\/a><\/div>\n<\/div>\n\n\n\n<div class=\"wp-block-buttons is-layout-flex wp-block-buttons-is-layout-flex\">\n<div class=\"wp-block-button\"><a class=\"wp-block-button__link wp-element-button\" href=\"https:\/\/digmit.at\/index.php\/abfertigung\/\">Abfertigung<\/a><\/div>\n<\/div>\n\n\n\n<p>Wenn ich meinen Job k\u00fcndigen m\u00f6chte oder mich mein*e Arbeitgeber*in k\u00fcndigen will und ich <strong>Fragen<\/strong> habe, kann ich mich bei meinem <a href=\"https:\/\/www.arbeiterkammer.at\/service\/betriebsrat\/rechteundpflichtendesbetriebsrates\/Aufgaben_des_Betriebsrates.html\"><strong>Betriebsrat<\/strong><\/a>, bei der <a href=\"https:\/\/www.oegb.at\/gewerkschaften\"><strong>Gewerkschaft<\/strong><\/a> oder bei der <a href=\"https:\/\/www.arbeiterkammer.at\/index.html\"><strong>Arbeiterkammer<\/strong><\/a> <strong>informieren und<\/strong> mich <strong>beraten<\/strong> lassen.<\/p>\n\n\n\n<p><br>Wenn ich aufh\u00f6re zu arbeiten, muss mir mein*e Arbeitgeber*in ein <a href=\"https:\/\/www.arbeiterkammer.at\/dienstzeugnis\"><strong>Dienstzeugnis<\/strong><\/a><strong> <\/strong>geben.<br>Ich muss auch eine endg\u00fcltige <a href=\"https:\/\/www.arbeiterkammer.at\/beratung\/arbeitundrecht\/beendigung\/Lohnabrechnung.html\"><strong>Lohn- oder Gehaltsabrechnung<\/strong><\/a> bekommen.<br>Ich kann die Lohnabrechnung und das Dienstzeugnis von der Arbeiterkammer oder von der Gewerkschaft pr\u00fcfen lassen.<\/p>\n\n\n\n<p><br>Wenn ich aufh\u00f6re zu arbeiten, bin ich noch <strong>6 Wochen<\/strong> lang <strong>krankenversichert<\/strong>.<\/p>\n\n\n\n<p><br>Wenn ich <strong>gearbeitet<\/strong> habe und dann <strong>aufh\u00f6re zu arbeiten<\/strong>, also <strong>arbeitslos<\/strong> bin, bekomme ich <strong><a href=\"https:\/\/digmit.at\/index.php\/startseite\/zeit-geld\/arbeitslosengeld-notstand\/arbeitslosengeld\/\" data-type=\"page\" data-id=\"402\">Arbeitslosengeld<\/a><\/strong>.<br>Ich muss eine <strong>bestimmte Zeit lang<\/strong> <strong>mehr als geringf\u00fcgig<\/strong> (2023: <strong>500,91 \u20ac<\/strong>) verdient haben, um Arbeitslosengeld zu bekommen.<\/p>\n\n\n\n<p>ACHTUNG<br>Wenn ich <strong>selbst k\u00fcndige oder (fristlos) entlassen<\/strong> wurde, bekomme ich <strong>4 Wochen kein Arbeitslosengeld<\/strong>.<\/p>\n","protected":false},"excerpt":{"rendered":"<p>Wenn ich meinen Job k\u00fcndigen m\u00f6chte oder mich mein*e Arbeitgeber*in k\u00fcndigen will und ich Fragen habe, kann ich mich bei meinem Betriebsrat, bei der Gewerkschaft oder bei der Arbeiterkammer informieren und mich beraten lassen. Wenn ich aufh\u00f6re zu arbeiten, muss mir mein*e Arbeitgeber*in ein Dienstzeugnis geben.Ich muss auch eine endg\u00fcltige Lohn- oder Gehaltsabrechnung bekommen.Ich kann [&hellip;]<\/p>\n","protected":false},"author":2,"featured_media":0,"parent":0,"menu_order":0,"comment_status":"closed","ping_status":"closed","template":"","meta":{"footnotes":""},"class_list":["post-4225","page","type-page","status-publish","hentry"],"_links":{"self":[{"href":"https:\/\/digmit.at\/index.php\/wp-json\/wp\/v2\/pages\/4225","targetHints":{"allow":["GET"]}}],"collection":[{"href":"https:\/\/digmit.at\/index.php\/wp-json\/wp\/v2\/pages"}],"about":[{"href":"https:\/\/digmit.at\/index.php\/wp-json\/wp\/v2\/types\/page"}],"author":[{"embeddable":true,"href":"https:\/\/digmit.at\/index.php\/wp-json\/wp\/v2\/users\/2"}],"replies":[{"embeddable":true,"href":"https:\/\/digmit.at\/index.php\/wp-json\/wp\/v2\/comments?post=4225"}],"version-history":[{"count":5,"href":"https:\/\/digmit.at\/index.php\/wp-json\/wp\/v2\/pages\/4225\/revisions"}],"predecessor-version":[{"id":4460,"href":"https:\/\/digmit.at\/index.php\/wp-json\/wp\/v2\/pages\/4225\/revisions\/4460"}],"wp:attachment":[{"href":"https:\/\/digmit.at\/index.php\/wp-json\/wp\/v2\/media?parent=4225"}],"curies":[{"name":"wp","href":"https:\/\/api.w.org\/{rel}","templated":true}]}}