{"id":4234,"date":"2023-11-21T21:34:07","date_gmt":"2023-11-21T21:34:07","guid":{"rendered":"https:\/\/digmit.at\/?page_id=4234"},"modified":"2023-11-21T21:44:49","modified_gmt":"2023-11-21T21:44:49","slug":"abfertigung","status":"publish","type":"page","link":"https:\/\/digmit.at\/index.php\/abfertigung\/","title":{"rendered":"Abfertigung"},"content":{"rendered":"\n<p>Wenn ich <strong>ab dem 1. J\u00e4nner 2003 zu arbeiten begonnen<\/strong> habe, gilt f\u00fcr mich die<\/p>\n\n\n\n<div class=\"wp-block-buttons is-layout-flex wp-block-buttons-is-layout-flex\">\n<div class=\"wp-block-button\"><a class=\"wp-block-button__link wp-element-button\" href=\"https:\/\/digmit.at\/index.php\/abfertigung-neu\/\"><strong>Abfertigung neu<\/strong><\/a><\/div>\n<\/div>\n\n\n\n<p><br>Wenn ich <strong>vor dem 1. J\u00e4nner 2003 zu arbeiten begonnen<\/strong> habe, gilt f\u00fcr mich die<\/p>\n\n\n\n<div class=\"wp-block-buttons is-layout-flex wp-block-buttons-is-layout-flex\">\n<div class=\"wp-block-button\"><a class=\"wp-block-button__link wp-element-button\" href=\"https:\/\/digmit.at\/index.php\/abfertigung-alt\/\"><strong>Abfertigung alt<\/strong><\/a><\/div>\n<\/div>\n\n\n\n<p><br><\/p>\n\n\n\n<h2 class=\"wp-block-heading\"><strong>weitere Informationen<\/strong><\/h2>\n\n\n\n<ul class=\"wp-block-list\">\n<li><a href=\"https:\/\/www.arbeiterkammer.at\/beratung\/arbeitundrecht\/abfertigung\/index.html\">Abfertigung (AK)<\/a><\/li>\n\n\n\n<li><a href=\"https:\/\/www.arbeiterkammer.at\/beratung\/arbeitundrecht\/abfertigung\/Abfertigung_neu.html\">Abfertigung neu (AK)<\/a><\/li>\n\n\n\n<li><a href=\"https:\/\/www.arbeiterkammer.at\/beratung\/arbeitundrecht\/abfertigung\/Abfertigung_alt.html\">Abfertigung alt (AK)<\/a><\/li>\n<\/ul>\n","protected":false},"excerpt":{"rendered":"<p>Wenn ich ab dem 1. J\u00e4nner 2003 zu arbeiten begonnen habe, gilt f\u00fcr mich die Wenn ich vor dem 1. J\u00e4nner 2003 zu arbeiten begonnen habe, gilt f\u00fcr mich die weitere Informationen<\/p>\n","protected":false},"author":2,"featured_media":0,"parent":0,"menu_order":0,"comment_status":"closed","ping_status":"closed","template":"","meta":{"footnotes":""},"class_list":["post-4234","page","type-page","status-publish","hentry"],"_links":{"self":[{"href":"https:\/\/digmit.at\/index.php\/wp-json\/wp\/v2\/pages\/4234","targetHints":{"allow":["GET"]}}],"collection":[{"href":"https:\/\/digmit.at\/index.php\/wp-json\/wp\/v2\/pages"}],"about":[{"href":"https:\/\/digmit.at\/index.php\/wp-json\/wp\/v2\/types\/page"}],"author":[{"embeddable":true,"href":"https:\/\/digmit.at\/index.php\/wp-json\/wp\/v2\/users\/2"}],"replies":[{"embeddable":true,"href":"https:\/\/digmit.at\/index.php\/wp-json\/wp\/v2\/comments?post=4234"}],"version-history":[{"count":3,"href":"https:\/\/digmit.at\/index.php\/wp-json\/wp\/v2\/pages\/4234\/revisions"}],"predecessor-version":[{"id":4242,"href":"https:\/\/digmit.at\/index.php\/wp-json\/wp\/v2\/pages\/4234\/revisions\/4242"}],"wp:attachment":[{"href":"https:\/\/digmit.at\/index.php\/wp-json\/wp\/v2\/media?parent=4234"}],"curies":[{"name":"wp","href":"https:\/\/api.w.org\/{rel}","templated":true}]}}