{"id":4239,"date":"2023-11-21T21:43:59","date_gmt":"2023-11-21T21:43:59","guid":{"rendered":"https:\/\/digmit.at\/?page_id=4239"},"modified":"2023-11-21T21:43:59","modified_gmt":"2023-11-21T21:43:59","slug":"abfertigung-alt","status":"publish","type":"page","link":"https:\/\/digmit.at\/index.php\/abfertigung-alt\/","title":{"rendered":"Abfertigung alt"},"content":{"rendered":"\n<p>Wenn ich <strong>vor dem 1. J\u00e4nner 2003 zu arbeiten begonnen<\/strong> habe, gilt f\u00fcr mich die \u201e<a href=\"https:\/\/www.arbeiterkammer.at\/beratung\/arbeitundrecht\/abfertigung\/Abfertigung_alt.html\"><strong>Abfertigung alt<\/strong><\/a>\u201c.&nbsp;<\/p>\n\n\n\n<p>Ich kann die <strong>Abfertigung alt nur dann<\/strong> bekommen, <strong>wenn ich 3 Jahre ohne Unterbrechung gearbeitet<\/strong> habe, und wenn<br>&#8211; ich<strong> gek\u00fcndigt<\/strong> oder <strong>unverschuldet entlassen<\/strong> werde<br>&#8211; bei <strong>einvernehmlicher L\u00f6sung<\/strong><br>&#8211; die <strong>Befristung ausl\u00e4uft<\/strong> oder ich <strong>berechtigt austrete<\/strong><\/p>\n\n\n\n<p><a href=\"https:\/\/www.arbeiterkammer.at\/beratung\/arbeitundrecht\/abfertigung\/Abfertigung_alt.html#heading_Wann_wird_eine_Ab__fertigung_aus_be_zahlt_\">In bestimmten F\u00e4llen<\/a> bekomme ich die Abfertigung auch, wenn ich selbst k\u00fcndige.<br><strong>Wie viel Abfertigung<\/strong> ich bekomme h\u00e4ngt davon ab, <strong>wie lange ich gearbeitet<\/strong> habe:<\/p>\n\n\n\n<figure class=\"wp-block-table\"><table><tbody><tr><td class=\"has-text-align-right\" data-align=\"right\">nach 3 Jahre<\/td><td>2 Monatsentgelte<\/td><\/tr><tr><td class=\"has-text-align-right\" data-align=\"right\">nach 5 Jahren<\/td><td>3 Monatsentgelte<\/td><\/tr><tr><td class=\"has-text-align-right\" data-align=\"right\">nach 10 Jahren<\/td><td>4 Monatsentgelte<\/td><\/tr><tr><td class=\"has-text-align-right\" data-align=\"right\">nach 15 Jahren<\/td><td>6 Monatsentgelte<\/td><\/tr><tr><td class=\"has-text-align-right\" data-align=\"right\">nach 20 Jahren<\/td><td>9 Monatsentgelte<\/td><\/tr><tr><td class=\"has-text-align-right\" data-align=\"right\">nach 25 Jahren<\/td><td>12 Monatsentgelte<\/td><\/tr><\/tbody><\/table><\/figure>\n\n\n\n<p><a href=\"https:\/\/abfertigung.arbeiterkammer.at\/abfertigungAlt.php\">Mit dem <strong>AK-Abfertigungsrechner<\/strong> Abfertigung Alt<\/a> kann ich berechnen, wie viel Abfertigung ich bekommen kann.<\/p>\n\n\n\n<p>Ich kann auch <strong>von der Abfertigung alt in die Abfertigung neu umsteigen<\/strong>.<br>Ich kann mit meinem*r Arbeitgeber*in eine von <strong>2 Varianten<\/strong> vereinbaren:<\/p>\n\n\n\n<ul class=\"wp-block-list\">\n<li>Die alte Abfertigung wird eingefroren.<br>F\u00fcr sie gilt das alte Recht weiter. Das bedeutet zum Beispiel, dass ich die Abfertigung verliere, wenn ich selbst k\u00fcndige.<br>Ab einem Stichtag gilt dann die Abfertigung neu, und mein*e Arbeitgeber*in zahlt jeden Monat f\u00fcr mich Geld in eine Vorsorgekasse ein.<\/li>\n\n\n\n<li>Mein*e Arbeitgeber*in zahlt eine bestimmte Summe in die Vorsorgekasse ein.<br>Es gilt die Abfertigung neu.<\/li>\n<\/ul>\n\n\n\n<p>Wenn ich von der Abfertigung alt auf die Abfertigung neu umsteigen will, kann ich mit dem <a href=\"https:\/\/abfertigung.arbeiterkammer.at\/uebertritt.php\"><strong>AK-Abfertigungsrechner<\/strong> Abfertigung &#8211; Vergleich &#8211; \u00dcbertrittsvarianten<\/a> die beiden <strong>Varianten vergleichen<\/strong>.<br>Am besten informiere ich mich auch bei der <a href=\"https:\/\/www.arbeiterkammer.at\/index.html\">Arbeiterkammer<\/a>.<\/p>\n","protected":false},"excerpt":{"rendered":"<p>Wenn ich vor dem 1. J\u00e4nner 2003 zu arbeiten begonnen habe, gilt f\u00fcr mich die \u201eAbfertigung alt\u201c.&nbsp; Ich kann die Abfertigung alt nur dann bekommen, wenn ich 3 Jahre ohne Unterbrechung gearbeitet habe, und wenn&#8211; ich gek\u00fcndigt oder unverschuldet entlassen werde&#8211; bei einvernehmlicher L\u00f6sung&#8211; die Befristung ausl\u00e4uft oder ich berechtigt austrete In bestimmten F\u00e4llen bekomme [&hellip;]<\/p>\n","protected":false},"author":2,"featured_media":0,"parent":0,"menu_order":0,"comment_status":"closed","ping_status":"closed","template":"","meta":{"footnotes":""},"class_list":["post-4239","page","type-page","status-publish","hentry"],"_links":{"self":[{"href":"https:\/\/digmit.at\/index.php\/wp-json\/wp\/v2\/pages\/4239","targetHints":{"allow":["GET"]}}],"collection":[{"href":"https:\/\/digmit.at\/index.php\/wp-json\/wp\/v2\/pages"}],"about":[{"href":"https:\/\/digmit.at\/index.php\/wp-json\/wp\/v2\/types\/page"}],"author":[{"embeddable":true,"href":"https:\/\/digmit.at\/index.php\/wp-json\/wp\/v2\/users\/2"}],"replies":[{"embeddable":true,"href":"https:\/\/digmit.at\/index.php\/wp-json\/wp\/v2\/comments?post=4239"}],"version-history":[{"count":1,"href":"https:\/\/digmit.at\/index.php\/wp-json\/wp\/v2\/pages\/4239\/revisions"}],"predecessor-version":[{"id":4241,"href":"https:\/\/digmit.at\/index.php\/wp-json\/wp\/v2\/pages\/4239\/revisions\/4241"}],"wp:attachment":[{"href":"https:\/\/digmit.at\/index.php\/wp-json\/wp\/v2\/media?parent=4239"}],"curies":[{"name":"wp","href":"https:\/\/api.w.org\/{rel}","templated":true}]}}