{"id":4247,"date":"2023-11-21T22:01:16","date_gmt":"2023-11-21T22:01:16","guid":{"rendered":"https:\/\/digmit.at\/?page_id=4247"},"modified":"2024-01-21T11:31:45","modified_gmt":"2024-01-21T11:31:45","slug":"wer-bekommt-arbeitslosengeld","status":"publish","type":"page","link":"https:\/\/digmit.at\/index.php\/wer-bekommt-arbeitslosengeld\/","title":{"rendered":"Wer bekommt Arbeitslosengeld?"},"content":{"rendered":"\n<p><strong>Wenn ich gearbeitet habe und dann aufh\u00f6re zu arbeiten<\/strong>, also <strong>arbeitslos<\/strong> bin, bekomme ich <strong>Arbeitslosengeld, wenn ich<\/strong><\/p>\n\n\n\n<ul class=\"wp-block-list\">\n<li>vorher eine <strong>bestimmte Zeit lang mehr als geringf\u00fcgig<\/strong> (2023: <strong>500,91 \u20ac<\/strong>) <strong>gearbeitet<\/strong> habe.<br><strong>Beim ersten Antrag<\/strong> muss ich <strong>52 Wochen in den letzten 2 Jahren<\/strong> gearbeitet haben. Wenn ich <strong>unter 25<\/strong> bin, brauche ich <strong>26 Wochen innerhalb des letzten Jahres<\/strong>.<br><strong>Bei einem weiteren Antrag<\/strong> muss ich <strong>28 Wochen innerhalb des letzten Jahres<\/strong> gearbeitet haben. Wenn ich unter 25 bin, dann 26 Wochen.<br><\/li>\n\n\n\n<li><strong>arbeitswillig<\/strong> bin.<br>Das bedeutet, dass ich eine <strong>Arbeit suchen<\/strong> will und dem Arbeitsmarkt <strong>mindestens 20 Stunden pro Woche<\/strong> zur Verf\u00fcgung stehe. Ich muss also mindestens 20 Stunden <strong>arbeiten k\u00f6nnen<\/strong>.<br>Es gibt auch Ausnahmen: Wenn ich <strong>Kinder unter 3 Jahren<\/strong> betreue, muss ich mindestens <strong>16 Stunden pro Woche<\/strong> arbeiten k\u00f6nnen.<br>Wenn das AMS einen <strong>\u201ezumutbaren\u201c Job<\/strong> f\u00fcr mich findet, <strong>darf ich<\/strong> diesen <strong>nicht ablehnen<\/strong>. Wenn ich den Job ablehne, bekomme ich f\u00fcr 6 bis 8 Wochen kein Arbeitslosengeld.<br><\/li>\n\n\n\n<li>an verschiedenen Ma\u00dfnahmen des AMS teilnehme, um schneller eine neue Arbeit zu finden. Ich muss zum Beispiel <strong>Bewerbungstrainings<\/strong>, <strong>Arbeitstrainings<\/strong>, <strong>Ausbildungen<\/strong> oder <strong>Weiterbildungen<\/strong> machen.<br><\/li>\n\n\n\n<li><strong>arbeitsf\u00e4hig<\/strong> bin.<br>Das bedeutet, dass ich <strong>arbeiten kann<\/strong>.&nbsp;<\/li>\n<\/ul>\n\n\n\n<p>Mit dem <a href=\"https:\/\/www.amsratgeber.at\/ratgeber-arbeitsuchende\/anspruch\/\"><strong>AMS Online Ratgeber \u2013 Anspruch auf Arbeitslosengeld<\/strong><\/a> kann ich \u00fcberpr\u00fcfen, ob ich <strong>Anspruch auf Arbeitslosengeld<\/strong> habe.<\/p>\n\n\n\n<p><br><strong>ACHTUNG<\/strong><br><strong>Wenn ich<\/strong> selbst <strong>k\u00fcndige<\/strong> oder (fristlos) <strong>entlassen<\/strong> wurde, bekomme ich <strong>4 Wochen kein Arbeitslosengeld<\/strong>.<\/p>\n","protected":false},"excerpt":{"rendered":"<p>Wenn ich gearbeitet habe und dann aufh\u00f6re zu arbeiten, also arbeitslos bin, bekomme ich Arbeitslosengeld, wenn ich Mit dem AMS Online Ratgeber \u2013 Anspruch auf Arbeitslosengeld kann ich \u00fcberpr\u00fcfen, ob ich Anspruch auf Arbeitslosengeld habe. ACHTUNGWenn ich selbst k\u00fcndige oder (fristlos) entlassen wurde, bekomme ich 4 Wochen kein Arbeitslosengeld.<\/p>\n","protected":false},"author":2,"featured_media":0,"parent":0,"menu_order":0,"comment_status":"closed","ping_status":"closed","template":"","meta":{"footnotes":""},"class_list":["post-4247","page","type-page","status-publish","hentry"],"_links":{"self":[{"href":"https:\/\/digmit.at\/index.php\/wp-json\/wp\/v2\/pages\/4247","targetHints":{"allow":["GET"]}}],"collection":[{"href":"https:\/\/digmit.at\/index.php\/wp-json\/wp\/v2\/pages"}],"about":[{"href":"https:\/\/digmit.at\/index.php\/wp-json\/wp\/v2\/types\/page"}],"author":[{"embeddable":true,"href":"https:\/\/digmit.at\/index.php\/wp-json\/wp\/v2\/users\/2"}],"replies":[{"embeddable":true,"href":"https:\/\/digmit.at\/index.php\/wp-json\/wp\/v2\/comments?post=4247"}],"version-history":[{"count":6,"href":"https:\/\/digmit.at\/index.php\/wp-json\/wp\/v2\/pages\/4247\/revisions"}],"predecessor-version":[{"id":4664,"href":"https:\/\/digmit.at\/index.php\/wp-json\/wp\/v2\/pages\/4247\/revisions\/4664"}],"wp:attachment":[{"href":"https:\/\/digmit.at\/index.php\/wp-json\/wp\/v2\/media?parent=4247"}],"curies":[{"name":"wp","href":"https:\/\/api.w.org\/{rel}","templated":true}]}}