{"id":4253,"date":"2023-11-21T22:08:57","date_gmt":"2023-11-21T22:08:57","guid":{"rendered":"https:\/\/digmit.at\/?page_id=4253"},"modified":"2023-11-22T02:18:31","modified_gmt":"2023-11-22T02:18:31","slug":"wie-lange-bekomme-ich-arbeitslosengeld","status":"publish","type":"page","link":"https:\/\/digmit.at\/index.php\/wie-lange-bekomme-ich-arbeitslosengeld\/","title":{"rendered":"Wie lange bekomme ich Arbeitslosengeld?"},"content":{"rendered":"\n<p>Ich bekomme das Arbeitslosengeld normalerweise <strong>20 bis 30 Wochen lang<\/strong>.<br>Wenn ich <strong>\u00fcber 40<\/strong> Jahre alt bin und <strong>schon l\u00e4nger gearbeitet<\/strong> habe, kann ich das Arbeitslosengeld auch <strong>l\u00e4nger<\/strong> bekommen.<\/p>\n\n\n\n<p><strong>Wie lange<\/strong> ich Arbeitslosengeld bekommen kann, sagt mir der <a href=\"https:\/\/www.amsratgeber.at\/ratgeber-arbeitsuchende\/bezugsdauer\/\"><strong>AMS Online Ratgeber \u2013 Dauer des Arbeitslosengeldbezugs<\/strong><\/a>.<\/p>\n\n\n\n<p><br>Wenn ich <strong>kein Arbeitslosengeld mehr<\/strong> bekomme und noch keine neue Arbeit gefunden habe, kann ich <strong><a href=\"http:\/\/Notstandshilfe\">Notstandshilfe<\/a><\/strong> beantragen.<\/p>\n","protected":false},"excerpt":{"rendered":"<p>Ich bekomme das Arbeitslosengeld normalerweise 20 bis 30 Wochen lang.Wenn ich \u00fcber 40 Jahre alt bin und schon l\u00e4nger gearbeitet habe, kann ich das Arbeitslosengeld auch l\u00e4nger bekommen. Wie lange ich Arbeitslosengeld bekommen kann, sagt mir der AMS Online Ratgeber \u2013 Dauer des Arbeitslosengeldbezugs. Wenn ich kein Arbeitslosengeld mehr bekomme und noch keine neue Arbeit [&hellip;]<\/p>\n","protected":false},"author":2,"featured_media":0,"parent":0,"menu_order":0,"comment_status":"closed","ping_status":"closed","template":"","meta":{"footnotes":""},"class_list":["post-4253","page","type-page","status-publish","hentry"],"_links":{"self":[{"href":"https:\/\/digmit.at\/index.php\/wp-json\/wp\/v2\/pages\/4253","targetHints":{"allow":["GET"]}}],"collection":[{"href":"https:\/\/digmit.at\/index.php\/wp-json\/wp\/v2\/pages"}],"about":[{"href":"https:\/\/digmit.at\/index.php\/wp-json\/wp\/v2\/types\/page"}],"author":[{"embeddable":true,"href":"https:\/\/digmit.at\/index.php\/wp-json\/wp\/v2\/users\/2"}],"replies":[{"embeddable":true,"href":"https:\/\/digmit.at\/index.php\/wp-json\/wp\/v2\/comments?post=4253"}],"version-history":[{"count":2,"href":"https:\/\/digmit.at\/index.php\/wp-json\/wp\/v2\/pages\/4253\/revisions"}],"predecessor-version":[{"id":4466,"href":"https:\/\/digmit.at\/index.php\/wp-json\/wp\/v2\/pages\/4253\/revisions\/4466"}],"wp:attachment":[{"href":"https:\/\/digmit.at\/index.php\/wp-json\/wp\/v2\/media?parent=4253"}],"curies":[{"name":"wp","href":"https:\/\/api.w.org\/{rel}","templated":true}]}}