{"id":4255,"date":"2023-11-21T22:10:20","date_gmt":"2023-11-21T22:10:20","guid":{"rendered":"https:\/\/digmit.at\/?page_id=4255"},"modified":"2023-11-21T22:10:20","modified_gmt":"2023-11-21T22:10:20","slug":"wie-melde-ich-mich-arbeitslos-und-wie-beantrage-ich-arbeitslosengeld","status":"publish","type":"page","link":"https:\/\/digmit.at\/index.php\/wie-melde-ich-mich-arbeitslos-und-wie-beantrage-ich-arbeitslosengeld\/","title":{"rendered":"Wie melde ich mich arbeitslos, und wie beantrage ich Arbeitslosengeld?"},"content":{"rendered":"\n<p>Damit ich Arbeitslosengeld bekomme, muss ich mich <strong>beim <\/strong><a href=\"http:\/\/www.ams.at\/\"><strong>AMS<\/strong><\/a><strong> arbeitslos melden<\/strong> und <strong>Arbeitslosengeld beantragen<\/strong>.<\/p>\n\n\n\n<p>Ich sollte mich am besten schon <strong>arbeitslos melden<\/strong>, wenn ich wei\u00df, ab wann ich nicht mehr arbeite. Ich muss mich <strong>sp\u00e4testens am 1. Tag der Arbeitslosigkeit<\/strong> arbeitslos melden.<br><\/p>\n\n\n\n<p>So kann ich mich <strong>arbeitslos melden<\/strong>:<br>&#8211; pers\u00f6nlich bei meiner <a href=\"https:\/\/www.ams.at\/organisation\/adressen-und-telefonnummern\">AMS-Gesch\u00e4ftsstelle<br><\/a>&#8211; \u00fcber mein <a href=\"https:\/\/www.e-ams.at\/eams-sfa-account\/p\/index.jsf\">eAMS-Konto<br><\/a>&#8211; die <a href=\"https:\/\/www.formularservice.gv.at\/site\/fsrv\/user\/formular.aspx?pid=0e007d0306b14468b6b9531abef7e079&amp;pn=B44f90472612247cf978fab0023578663\">Arbeitslosfr\u00fchmeldung<\/a> ausf\u00fcllen und gleich an meine <a href=\"https:\/\/www.ams.at\/organisation\/adressen-und-telefonnummern\">AMS-Gesch\u00e4ftsstelle<\/a> senden<\/p>\n\n\n\n<p>Den <strong>Antrag auf Arbeitslosengeld<\/strong> bekomme ich in meiner <a href=\"https:\/\/www.ams.at\/organisation\/adressen-und-telefonnummern\">AMS-Gesch\u00e4ftsstelle<\/a>.<br>Ich kann den Antrag auch \u00fcber mein <a href=\"https:\/\/www.e-ams.at\/eams-sfa-account\/p\/index.jsf\">eAMS-Konto<\/a> stellen.<br><br><\/p>\n\n\n\n<h2 class=\"wp-block-heading\"><strong>weitere Informationen<\/strong><\/h2>\n\n\n\n<ul class=\"wp-block-list\">\n<li><a href=\"https:\/\/www.ams.at\/arbeitsuchende\/arbeitslos-was-tun\/beim-ams-arbeitslos-melden#wien\">Beim AMS arbeitslos melden (AMS)<\/a><\/li>\n\n\n\n<li>Video: <a href=\"https:\/\/www.youtube.com\/watch?v=tUxh9DxFFEc\">Arbeitslosengeld &#8211; Tipps zur Antragstellung (deutsch) (AK Wien)<\/a><\/li>\n<\/ul>\n","protected":false},"excerpt":{"rendered":"<p>Damit ich Arbeitslosengeld bekomme, muss ich mich beim AMS arbeitslos melden und Arbeitslosengeld beantragen. Ich sollte mich am besten schon arbeitslos melden, wenn ich wei\u00df, ab wann ich nicht mehr arbeite. Ich muss mich sp\u00e4testens am 1. Tag der Arbeitslosigkeit arbeitslos melden. So kann ich mich arbeitslos melden:&#8211; pers\u00f6nlich bei meiner AMS-Gesch\u00e4ftsstelle&#8211; \u00fcber mein eAMS-Konto&#8211; [&hellip;]<\/p>\n","protected":false},"author":2,"featured_media":0,"parent":0,"menu_order":0,"comment_status":"closed","ping_status":"closed","template":"","meta":{"footnotes":""},"class_list":["post-4255","page","type-page","status-publish","hentry"],"_links":{"self":[{"href":"https:\/\/digmit.at\/index.php\/wp-json\/wp\/v2\/pages\/4255","targetHints":{"allow":["GET"]}}],"collection":[{"href":"https:\/\/digmit.at\/index.php\/wp-json\/wp\/v2\/pages"}],"about":[{"href":"https:\/\/digmit.at\/index.php\/wp-json\/wp\/v2\/types\/page"}],"author":[{"embeddable":true,"href":"https:\/\/digmit.at\/index.php\/wp-json\/wp\/v2\/users\/2"}],"replies":[{"embeddable":true,"href":"https:\/\/digmit.at\/index.php\/wp-json\/wp\/v2\/comments?post=4255"}],"version-history":[{"count":1,"href":"https:\/\/digmit.at\/index.php\/wp-json\/wp\/v2\/pages\/4255\/revisions"}],"predecessor-version":[{"id":4256,"href":"https:\/\/digmit.at\/index.php\/wp-json\/wp\/v2\/pages\/4255\/revisions\/4256"}],"wp:attachment":[{"href":"https:\/\/digmit.at\/index.php\/wp-json\/wp\/v2\/media?parent=4255"}],"curies":[{"name":"wp","href":"https:\/\/api.w.org\/{rel}","templated":true}]}}