{"id":4259,"date":"2023-11-21T22:13:20","date_gmt":"2023-11-21T22:13:20","guid":{"rendered":"https:\/\/digmit.at\/?page_id=4259"},"modified":"2023-11-21T22:13:20","modified_gmt":"2023-11-21T22:13:20","slug":"ich-bin-arbeitslos-und-habe-ein-kind-er","status":"publish","type":"page","link":"https:\/\/digmit.at\/index.php\/ich-bin-arbeitslos-und-habe-ein-kind-er\/","title":{"rendered":"Ich bin arbeitslos und habe ein Kind\/er."},"content":{"rendered":"\n<p>Damit ich Arbeitslosengeld bekomme, muss ich <strong>arbeitswillig<\/strong> sein. Das bedeutet, dass ich eine <strong>Arbeit suchen<\/strong> will und dem Arbeitsmarkt <strong>mindestens 20 Stunden pro Woche<\/strong> zur Verf\u00fcgung stehe. Ich muss also mindestens 20 Stunden <strong>arbeiten k\u00f6nnen<\/strong>.<br>Wenn ich <strong>Kinder unter 3 Jahren<\/strong> betreue, muss ich mindestens <strong>16 Stunden pro Woche<\/strong> arbeiten k\u00f6nnen.<\/p>\n\n\n\n<p><br>Ich muss f\u00fcr die 20 oder 16 Stunden pro Woche <strong>Kinderbetreuung<\/strong> haben: Kinderkrippe, Kindergarten, Tagesmutter\/Tagesvater, Verwandte\u2026<\/p>\n\n\n\n<p><br>Wenn ich Arbeitslosengeld bekomme, dann kann ich gleichzeitig auch <strong>Kinderbetreuungsgeld<\/strong> bekommen.<\/p>\n","protected":false},"excerpt":{"rendered":"<p>Damit ich Arbeitslosengeld bekomme, muss ich arbeitswillig sein. Das bedeutet, dass ich eine Arbeit suchen will und dem Arbeitsmarkt mindestens 20 Stunden pro Woche zur Verf\u00fcgung stehe. Ich muss also mindestens 20 Stunden arbeiten k\u00f6nnen.Wenn ich Kinder unter 3 Jahren betreue, muss ich mindestens 16 Stunden pro Woche arbeiten k\u00f6nnen. Ich muss f\u00fcr die 20 [&hellip;]<\/p>\n","protected":false},"author":2,"featured_media":0,"parent":0,"menu_order":0,"comment_status":"closed","ping_status":"closed","template":"","meta":{"footnotes":""},"class_list":["post-4259","page","type-page","status-publish","hentry"],"_links":{"self":[{"href":"https:\/\/digmit.at\/index.php\/wp-json\/wp\/v2\/pages\/4259","targetHints":{"allow":["GET"]}}],"collection":[{"href":"https:\/\/digmit.at\/index.php\/wp-json\/wp\/v2\/pages"}],"about":[{"href":"https:\/\/digmit.at\/index.php\/wp-json\/wp\/v2\/types\/page"}],"author":[{"embeddable":true,"href":"https:\/\/digmit.at\/index.php\/wp-json\/wp\/v2\/users\/2"}],"replies":[{"embeddable":true,"href":"https:\/\/digmit.at\/index.php\/wp-json\/wp\/v2\/comments?post=4259"}],"version-history":[{"count":1,"href":"https:\/\/digmit.at\/index.php\/wp-json\/wp\/v2\/pages\/4259\/revisions"}],"predecessor-version":[{"id":4260,"href":"https:\/\/digmit.at\/index.php\/wp-json\/wp\/v2\/pages\/4259\/revisions\/4260"}],"wp:attachment":[{"href":"https:\/\/digmit.at\/index.php\/wp-json\/wp\/v2\/media?parent=4259"}],"curies":[{"name":"wp","href":"https:\/\/api.w.org\/{rel}","templated":true}]}}