{"id":4273,"date":"2023-11-21T22:24:59","date_gmt":"2023-11-21T22:24:59","guid":{"rendered":"https:\/\/digmit.at\/?page_id=4273"},"modified":"2023-11-22T02:19:33","modified_gmt":"2023-11-22T02:19:33","slug":"wie-viel-notstandshilfe-bekomme-ich","status":"publish","type":"page","link":"https:\/\/digmit.at\/index.php\/wie-viel-notstandshilfe-bekomme-ich\/","title":{"rendered":"Wie viel Notstandshilfe bekomme ich?"},"content":{"rendered":"\n<p>Die H\u00f6he der Notstandshilfe h\u00e4ngt von der <a href=\"https:\/\/digmit.at\/index.php\/startseite\/zeit-geld\/arbeitslosengeld-notstand\/arbeitslosengeld\/rechner-arbeitslosengeld\/\">H\u00f6he des Arbeitslosengeldes<\/a> ab.<strong><br>Je mehr Arbeitslosengeld<\/strong> ich bekommen habe, <strong>desto mehr Notstandshilfe<\/strong> bekomme ich.<\/p>\n\n\n\n<p>Die Notstandshilfe betr\u00e4gt <strong>92% oder 95 % vom Arbeitslosengeld<\/strong>.<br>Wie viel Prozent genau ich bekomme, h\u00e4ngt davon ab, wie hoch mein Arbeitslosengeld war.<br>Wenn mein Arbeitslosengeld-Grundbetrag \u00fcber dem Ausgleichszulagen-Richtsatz (2023: 1.110, 26 \u20ac) war, dann bekomme ich 92%. Wenn darunter, dann 95%.<\/p>\n\n\n\n<p>Die H\u00f6he der Notstandshilfe h\u00e4ngt auch davon ab, wie lange ich Arbeitslosengeld bezogen habe. Die <strong>Notstandshilfe<\/strong> ist <strong>h\u00f6her, wenn ich vorher l\u00e4nger Arbeitslosengeld bezogen habe<\/strong>.<\/p>\n\n\n\n<p>Die Berechnung der Notstandshilfe ist sehr kompliziert.<\/p>\n\n\n\n<p><br>Ich bekomme <strong>12 Mal im Jahr<\/strong> Notstandshilfe.<\/p>\n\n\n\n<p><br>Wenn ich vorher nicht so gut verdient habe, ist die Notstandshilfe<strong> zu wenig zum Leben<\/strong>.<br>Ich kann einen Antrag auf <a href=\"https:\/\/digmit.at\/index.php\/wiener-mindestsicherung-sozialhilfe\/\" data-type=\"page\" data-id=\"4287\"><strong>Mindestsicherung<\/strong> (\u201eSozialhilfe\u201c)<\/a> stellen.<\/p>\n","protected":false},"excerpt":{"rendered":"<p>Die H\u00f6he der Notstandshilfe h\u00e4ngt von der H\u00f6he des Arbeitslosengeldes ab.Je mehr Arbeitslosengeld ich bekommen habe, desto mehr Notstandshilfe bekomme ich. Die Notstandshilfe betr\u00e4gt 92% oder 95 % vom Arbeitslosengeld.Wie viel Prozent genau ich bekomme, h\u00e4ngt davon ab, wie hoch mein Arbeitslosengeld war.Wenn mein Arbeitslosengeld-Grundbetrag \u00fcber dem Ausgleichszulagen-Richtsatz (2023: 1.110, 26 \u20ac) war, dann bekomme [&hellip;]<\/p>\n","protected":false},"author":2,"featured_media":0,"parent":0,"menu_order":0,"comment_status":"closed","ping_status":"closed","template":"","meta":{"footnotes":""},"class_list":["post-4273","page","type-page","status-publish","hentry"],"_links":{"self":[{"href":"https:\/\/digmit.at\/index.php\/wp-json\/wp\/v2\/pages\/4273","targetHints":{"allow":["GET"]}}],"collection":[{"href":"https:\/\/digmit.at\/index.php\/wp-json\/wp\/v2\/pages"}],"about":[{"href":"https:\/\/digmit.at\/index.php\/wp-json\/wp\/v2\/types\/page"}],"author":[{"embeddable":true,"href":"https:\/\/digmit.at\/index.php\/wp-json\/wp\/v2\/users\/2"}],"replies":[{"embeddable":true,"href":"https:\/\/digmit.at\/index.php\/wp-json\/wp\/v2\/comments?post=4273"}],"version-history":[{"count":2,"href":"https:\/\/digmit.at\/index.php\/wp-json\/wp\/v2\/pages\/4273\/revisions"}],"predecessor-version":[{"id":4467,"href":"https:\/\/digmit.at\/index.php\/wp-json\/wp\/v2\/pages\/4273\/revisions\/4467"}],"wp:attachment":[{"href":"https:\/\/digmit.at\/index.php\/wp-json\/wp\/v2\/media?parent=4273"}],"curies":[{"name":"wp","href":"https:\/\/api.w.org\/{rel}","templated":true}]}}