{"id":4279,"date":"2023-11-21T22:29:21","date_gmt":"2023-11-21T22:29:21","guid":{"rendered":"https:\/\/digmit.at\/?page_id=4279"},"modified":"2023-11-21T22:29:21","modified_gmt":"2023-11-21T22:29:21","slug":"wie-beantrage-ich-notstandshilfe","status":"publish","type":"page","link":"https:\/\/digmit.at\/index.php\/wie-beantrage-ich-notstandshilfe\/","title":{"rendered":"Wie beantrage ich Notstandshilfe?"},"content":{"rendered":"\n<p>Damit ich Notstandshilfe bekomme, muss ich sie <strong>beantragen<\/strong>.<br>Den <strong>Antrag auf Notstandshilfe<\/strong> bekomme ich in meiner <a href=\"https:\/\/www.ams.at\/organisation\/adressen-und-telefonnummern#wien\"><strong>AMS-Gesch\u00e4ftsstelle<\/strong><\/a>.<br>Ich kann den Antrag auch \u00fcber mein <a href=\"https:\/\/www.e-ams.at\/eams-sfa-account\/p\/index.jsf\"><strong>eAMS-Konto<\/strong><\/a> stellen. <\/p>\n\n\n\n<p>Wenn ich l\u00e4nger Notstandshilfe brauche, muss ich <strong>nach 52 Wochen<\/strong> einen <strong>neuen Antrag<\/strong> stellen.<\/p>\n","protected":false},"excerpt":{"rendered":"<p>Damit ich Notstandshilfe bekomme, muss ich sie beantragen.Den Antrag auf Notstandshilfe bekomme ich in meiner AMS-Gesch\u00e4ftsstelle.Ich kann den Antrag auch \u00fcber mein eAMS-Konto stellen. Wenn ich l\u00e4nger Notstandshilfe brauche, muss ich nach 52 Wochen einen neuen Antrag stellen.<\/p>\n","protected":false},"author":2,"featured_media":0,"parent":0,"menu_order":0,"comment_status":"closed","ping_status":"closed","template":"","meta":{"footnotes":""},"class_list":["post-4279","page","type-page","status-publish","hentry"],"_links":{"self":[{"href":"https:\/\/digmit.at\/index.php\/wp-json\/wp\/v2\/pages\/4279","targetHints":{"allow":["GET"]}}],"collection":[{"href":"https:\/\/digmit.at\/index.php\/wp-json\/wp\/v2\/pages"}],"about":[{"href":"https:\/\/digmit.at\/index.php\/wp-json\/wp\/v2\/types\/page"}],"author":[{"embeddable":true,"href":"https:\/\/digmit.at\/index.php\/wp-json\/wp\/v2\/users\/2"}],"replies":[{"embeddable":true,"href":"https:\/\/digmit.at\/index.php\/wp-json\/wp\/v2\/comments?post=4279"}],"version-history":[{"count":1,"href":"https:\/\/digmit.at\/index.php\/wp-json\/wp\/v2\/pages\/4279\/revisions"}],"predecessor-version":[{"id":4280,"href":"https:\/\/digmit.at\/index.php\/wp-json\/wp\/v2\/pages\/4279\/revisions\/4280"}],"wp:attachment":[{"href":"https:\/\/digmit.at\/index.php\/wp-json\/wp\/v2\/media?parent=4279"}],"curies":[{"name":"wp","href":"https:\/\/api.w.org\/{rel}","templated":true}]}}