{"id":4301,"date":"2023-11-21T23:03:21","date_gmt":"2023-11-21T23:03:21","guid":{"rendered":"https:\/\/digmit.at\/?page_id=4301"},"modified":"2023-11-21T23:04:15","modified_gmt":"2023-11-21T23:04:15","slug":"wie-lange-bekomme-ich-mindestsicherung","status":"publish","type":"page","link":"https:\/\/digmit.at\/index.php\/wie-lange-bekomme-ich-mindestsicherung\/","title":{"rendered":"Wie lange bekomme ich Mindestsicherung?"},"content":{"rendered":"\n<p>Ich kann <strong>so lange Mindestsicherung<\/strong> bekommen, <strong>solange ich mir mein Leben nicht anders finanzieren kann<\/strong> und ich die <a href=\"https:\/\/digmit.at\/index.php\/wer-bekommt-mindestsicherung\/\">Voraussetzungen<\/a> erf\u00fclle.<\/p>\n\n\n\n<p><br>Normalerweise bekommt man die <strong>Mindestsicherung nicht f\u00fcr immer<\/strong>.<br>Das Ziel ist, dass die Menschen einen Job bekommen.<br><\/p>\n\n\n\n<p>Es gibt aber <strong>Personen, die l\u00e4nger Mindestsicherung brauchen<\/strong>:<\/p>\n\n\n\n<p>Ich bekomme <strong>Dauerleistung<\/strong>, wenn ich<\/p>\n\n\n\n<ul class=\"wp-block-list\">\n<li>in Alterspension bin<\/li>\n\n\n\n<li>\u00e4lter als 18 bin und f\u00fcr immer nicht arbeiten kann, also \u201earbeitsunf\u00e4hig\u201c bin<\/li>\n\n\n\n<li>\u00e4lter als 18 bin und Pflegegeld ab Pflegestufe 4 bekomme<\/li>\n\n\n\n<li>vor dem 1.1.1964 geboren wurde und schon mindestens 6 Monate nicht arbeiten kann\/\u201earbeitsunf\u00e4hig\u201c bin<\/li>\n<\/ul>\n\n\n\n<p>Die Dauerleistung wird <strong>14 Mal im Jahr<\/strong> ausbezahlt.<\/p>\n","protected":false},"excerpt":{"rendered":"<p>Ich kann so lange Mindestsicherung bekommen, solange ich mir mein Leben nicht anders finanzieren kann und ich die Voraussetzungen erf\u00fclle. Normalerweise bekommt man die Mindestsicherung nicht f\u00fcr immer.Das Ziel ist, dass die Menschen einen Job bekommen. Es gibt aber Personen, die l\u00e4nger Mindestsicherung brauchen: Ich bekomme Dauerleistung, wenn ich Die Dauerleistung wird 14 Mal im [&hellip;]<\/p>\n","protected":false},"author":2,"featured_media":0,"parent":0,"menu_order":0,"comment_status":"closed","ping_status":"closed","template":"","meta":{"footnotes":""},"class_list":["post-4301","page","type-page","status-publish","hentry"],"_links":{"self":[{"href":"https:\/\/digmit.at\/index.php\/wp-json\/wp\/v2\/pages\/4301","targetHints":{"allow":["GET"]}}],"collection":[{"href":"https:\/\/digmit.at\/index.php\/wp-json\/wp\/v2\/pages"}],"about":[{"href":"https:\/\/digmit.at\/index.php\/wp-json\/wp\/v2\/types\/page"}],"author":[{"embeddable":true,"href":"https:\/\/digmit.at\/index.php\/wp-json\/wp\/v2\/users\/2"}],"replies":[{"embeddable":true,"href":"https:\/\/digmit.at\/index.php\/wp-json\/wp\/v2\/comments?post=4301"}],"version-history":[{"count":3,"href":"https:\/\/digmit.at\/index.php\/wp-json\/wp\/v2\/pages\/4301\/revisions"}],"predecessor-version":[{"id":4304,"href":"https:\/\/digmit.at\/index.php\/wp-json\/wp\/v2\/pages\/4301\/revisions\/4304"}],"wp:attachment":[{"href":"https:\/\/digmit.at\/index.php\/wp-json\/wp\/v2\/media?parent=4301"}],"curies":[{"name":"wp","href":"https:\/\/api.w.org\/{rel}","templated":true}]}}