{"id":4328,"date":"2023-11-21T23:21:50","date_gmt":"2023-11-21T23:21:50","guid":{"rendered":"https:\/\/digmit.at\/?page_id=4328"},"modified":"2023-11-21T23:21:50","modified_gmt":"2023-11-21T23:21:50","slug":"wie-viel-wohnbeihilfe-bekomme-ich","status":"publish","type":"page","link":"https:\/\/digmit.at\/index.php\/wie-viel-wohnbeihilfe-bekomme-ich\/","title":{"rendered":"Wie viel Wohnbeihilfe bekomme ich?"},"content":{"rendered":"\n<p><strong>Ob und wie viel Wohnbeihilfe<\/strong> ich bekomme, h\u00e4ngt ab<\/p>\n\n\n\n<ul class=\"wp-block-list\">\n<li>von der <strong>Haushaltsgr\u00f6\u00dfe<\/strong>, also wie viele Personen im Haushalt leben<\/li>\n\n\n\n<li>vom <strong>Haushaltseinkommen<\/strong>, also wie viel Geld die Personen verdienen\/bekommen, die im Haushalt leben<\/li>\n\n\n\n<li>von der <strong>H\u00f6he der Miete<\/strong><br>Es z\u00e4hlt nur der Hauptmietzins ohne Betriebskosten und Umsatzsteuer.<\/li>\n\n\n\n<li>der <strong>Gr\u00f6\u00dfe der Wohnung<\/strong><br>Es werden f\u00fcr 1 Person 50 m<sup>2<\/sup>, f\u00fcr 2 Personen 70 m<sup>2<\/sup> und f\u00fcr jede weitere Person 15 m<sup>2<\/sup> angerechnet.<\/li>\n<\/ul>\n\n\n\n<p><br>Ich muss der <a href=\"https:\/\/www.wien.gv.at\/advuew\/internet\/AdvPrSrv.asp?Layout=stelle&amp;Type=K&amp;stellecd=1997100214104414&amp;STELLE=Y\"><strong>Wohnbeihilfenstelle<\/strong><\/a><strong> <\/strong><strong>jede \u00c4nderung<\/strong> meines Einkommens oder des Haushaltseinkommens oder der Mieth\u00f6he <strong>melden<\/strong>. Ich muss auch melden, wenn sich etwas an der Haushaltsgr\u00f6\u00dfe \u00e4ndert, also jemand auszieht oder einzieht.<\/p>\n","protected":false},"excerpt":{"rendered":"<p>Ob und wie viel Wohnbeihilfe ich bekomme, h\u00e4ngt ab Ich muss der Wohnbeihilfenstelle jede \u00c4nderung meines Einkommens oder des Haushaltseinkommens oder der Mieth\u00f6he melden. Ich muss auch melden, wenn sich etwas an der Haushaltsgr\u00f6\u00dfe \u00e4ndert, also jemand auszieht oder einzieht.<\/p>\n","protected":false},"author":2,"featured_media":0,"parent":0,"menu_order":0,"comment_status":"closed","ping_status":"closed","template":"","meta":{"footnotes":""},"class_list":["post-4328","page","type-page","status-publish","hentry"],"_links":{"self":[{"href":"https:\/\/digmit.at\/index.php\/wp-json\/wp\/v2\/pages\/4328","targetHints":{"allow":["GET"]}}],"collection":[{"href":"https:\/\/digmit.at\/index.php\/wp-json\/wp\/v2\/pages"}],"about":[{"href":"https:\/\/digmit.at\/index.php\/wp-json\/wp\/v2\/types\/page"}],"author":[{"embeddable":true,"href":"https:\/\/digmit.at\/index.php\/wp-json\/wp\/v2\/users\/2"}],"replies":[{"embeddable":true,"href":"https:\/\/digmit.at\/index.php\/wp-json\/wp\/v2\/comments?post=4328"}],"version-history":[{"count":1,"href":"https:\/\/digmit.at\/index.php\/wp-json\/wp\/v2\/pages\/4328\/revisions"}],"predecessor-version":[{"id":4330,"href":"https:\/\/digmit.at\/index.php\/wp-json\/wp\/v2\/pages\/4328\/revisions\/4330"}],"wp:attachment":[{"href":"https:\/\/digmit.at\/index.php\/wp-json\/wp\/v2\/media?parent=4328"}],"curies":[{"name":"wp","href":"https:\/\/api.w.org\/{rel}","templated":true}]}}