{"id":4331,"date":"2023-11-21T23:23:47","date_gmt":"2023-11-21T23:23:47","guid":{"rendered":"https:\/\/digmit.at\/?page_id=4331"},"modified":"2023-11-21T23:23:47","modified_gmt":"2023-11-21T23:23:47","slug":"wie-beantrage-ich-wohnbeihilfe","status":"publish","type":"page","link":"https:\/\/digmit.at\/index.php\/wie-beantrage-ich-wohnbeihilfe\/","title":{"rendered":"Wie beantrage ich Wohnbeihilfe?"},"content":{"rendered":"\n<p>Meinen <strong>Antrag<\/strong> auf Wohnbeihilfe kann ich <a href=\"https:\/\/mein.wien.gv.at\/formularserver-mw\/user\/formular.aspx?path=(mw%2fwohnen)&amp;pid=34e6631460d94bef8661391a3208f069&amp;pn=B46431974646f43f09f87d850e81ccc53&amp;data=%3cah%3e0%3c%2fah%3e\"><strong>online<\/strong><\/a> stellen oder das ausgef\u00fcllte <a href=\"https:\/\/www.wien.gv.at\/wohnen\/wohnbaufoerderung\/ahs-info\/pdf\/wbh-sd103.pdf\"><strong>Formular<\/strong><\/a><strong> per Post<\/strong> an die <a href=\"https:\/\/www.wien.gv.at\/advuew\/internet\/AdvPrSrv.asp?Layout=stelle&amp;Type=K&amp;stellecd=1997100214104414&amp;STELLE=Y\">Wohnbeihilfenstelle<\/a> (<a href=\"https:\/\/www.wien.gv.at\/advuew\/internet\/AdvPrSrv.asp?Layout=ort&amp;Type=K&amp;ORTCD=2008100909170150\">Heiligenst\u00e4dter Stra\u00dfe 31, 1190 Wien<\/a>) schicken.<\/p>\n\n\n\n<p><br><strong>Wenn<\/strong> ich den Antrag auf Wohnbeihilfe bis zum 15. des Monats stelle, kann ich die Wohnbeihilfe <strong>noch ab dem 1. Tag dieses Monats<\/strong> ausgezahlt bekommen.\u00a0<\/p>\n\n\n\n<p><br>Wenn ich Fragen habe oder Hilfe brauche, kann ich mich bei der <a href=\"https:\/\/www.wien.gv.at\/advuew\/internet\/AdvPrSrv.asp?Layout=stelle&amp;Type=K&amp;stellecd=1997100214104414&amp;STELLE=Y\"><strong>Wohnbeihilfenstelle<\/strong><\/a> informieren:<br>Telefon: <a href=\"tel: +431 4000 74880\">01 4000 74880<\/a><br>Einen pers\u00f6nlichen <strong>Termin<\/strong> muss ich vorher <strong>reservieren<\/strong>. Das kann ich auch online machen: <a href=\"https:\/\/www.wien.gv.at\/bkatermin\/internet\/Startseite.aspx?vkz=ma50&amp;gf=wohnbh2\">f\u00fcr die Bezirke 1 bis 15<\/a>, <a href=\"https:\/\/www.wien.gv.at\/bkatermin\/internet\/Startseite.aspx?vkz=ma50&amp;gf=wohnbh3\">f\u00fcr die Bezirke 16 bis 23<br><\/a>Termine: Montag, Dienstag, Donnerstag und Freitag von 8.00 bis 13.00 Uhr + Donnerstag von 15.30 Uhr bis 17.30 Uhr<br>Adresse: <a href=\"https:\/\/www.wien.gv.at\/advuew\/internet\/AdvPrSrv.asp?Layout=ort&amp;Type=K&amp;ORTCD=2008100909170150\">Heiligenst\u00e4dter Stra\u00dfe 31, 1190 Wien<\/a><\/p>\n\n\n\n<p><br>Ich bekomme Wohnbeihilfe f\u00fcr maximal <strong>zwei Jahre<\/strong>. Nach zwei Jahren muss ich wieder einen neuen Antrag stellen.<br>Wenn ich zum Beispiel <strong><a href=\"https:\/\/digmit.at\/index.php\/startseite\/zeit-geld\/arbeitslosengeld-notstand\/arbeitslosengeld\/\" data-type=\"page\" data-id=\"402\">Arbeitslosenentgelt<\/a><\/strong> oder Krankengeld bekomme, bekomme ich Wohnbeihilfe f\u00fcr <strong>k\u00fcrzer<\/strong>e Zeit. Ich muss dann wieder einen neuen Antrag stellen.<\/p>\n","protected":false},"excerpt":{"rendered":"<p>Meinen Antrag auf Wohnbeihilfe kann ich online stellen oder das ausgef\u00fcllte Formular per Post an die Wohnbeihilfenstelle (Heiligenst\u00e4dter Stra\u00dfe 31, 1190 Wien) schicken. Wenn ich den Antrag auf Wohnbeihilfe bis zum 15. des Monats stelle, kann ich die Wohnbeihilfe noch ab dem 1. Tag dieses Monats ausgezahlt bekommen.\u00a0 Wenn ich Fragen habe oder Hilfe brauche, [&hellip;]<\/p>\n","protected":false},"author":2,"featured_media":0,"parent":0,"menu_order":0,"comment_status":"closed","ping_status":"closed","template":"","meta":{"footnotes":""},"class_list":["post-4331","page","type-page","status-publish","hentry"],"_links":{"self":[{"href":"https:\/\/digmit.at\/index.php\/wp-json\/wp\/v2\/pages\/4331","targetHints":{"allow":["GET"]}}],"collection":[{"href":"https:\/\/digmit.at\/index.php\/wp-json\/wp\/v2\/pages"}],"about":[{"href":"https:\/\/digmit.at\/index.php\/wp-json\/wp\/v2\/types\/page"}],"author":[{"embeddable":true,"href":"https:\/\/digmit.at\/index.php\/wp-json\/wp\/v2\/users\/2"}],"replies":[{"embeddable":true,"href":"https:\/\/digmit.at\/index.php\/wp-json\/wp\/v2\/comments?post=4331"}],"version-history":[{"count":1,"href":"https:\/\/digmit.at\/index.php\/wp-json\/wp\/v2\/pages\/4331\/revisions"}],"predecessor-version":[{"id":4332,"href":"https:\/\/digmit.at\/index.php\/wp-json\/wp\/v2\/pages\/4331\/revisions\/4332"}],"wp:attachment":[{"href":"https:\/\/digmit.at\/index.php\/wp-json\/wp\/v2\/media?parent=4331"}],"curies":[{"name":"wp","href":"https:\/\/api.w.org\/{rel}","templated":true}]}}