{"id":4358,"date":"2023-11-21T23:54:11","date_gmt":"2023-11-21T23:54:11","guid":{"rendered":"https:\/\/digmit.at\/?page_id=4358"},"modified":"2023-11-22T00:47:45","modified_gmt":"2023-11-22T00:47:45","slug":"andere-beihilfen-begunstigungen-fur-familien-kinder","status":"publish","type":"page","link":"https:\/\/digmit.at\/index.php\/andere-beihilfen-begunstigungen-fur-familien-kinder\/","title":{"rendered":"Andere Beihilfen &amp; Beg\u00fcnstigungen f\u00fcr Familien &amp; Kinder"},"content":{"rendered":"\n<div class=\"wp-block-buttons is-layout-flex wp-block-buttons-is-layout-flex\">\n<div class=\"wp-block-button\"><a class=\"wp-block-button__link wp-element-button\" href=\"https:\/\/digmit.at\/index.php\/kinderkrippe-tageseltern-kindergarten\/\">Kinderkrippe \/ Tageseltern \/ Kindergarten<\/a><\/div>\n<\/div>\n\n\n\n<div class=\"wp-block-buttons is-layout-flex wp-block-buttons-is-layout-flex\">\n<div class=\"wp-block-button\"><a class=\"wp-block-button__link wp-element-button\" href=\"https:\/\/digmit.at\/index.php\/schule\/\">Schule<\/a><\/div>\n<\/div>\n\n\n\n<div class=\"wp-block-buttons is-layout-flex wp-block-buttons-is-layout-flex\">\n<div class=\"wp-block-button\"><a class=\"wp-block-button__link wp-element-button\" href=\"https:\/\/digmit.at\/index.php\/hort\/\">Hort<\/a><\/div>\n<\/div>\n\n\n\n<div class=\"wp-block-buttons is-layout-flex wp-block-buttons-is-layout-flex\">\n<div class=\"wp-block-button\"><a class=\"wp-block-button__link wp-element-button\" href=\"https:\/\/digmit.at\/index.php\/kinderzuschuss-fur-familien-mit-wenig-geld\/\">Kinderzuschuss f\u00fcr Familien mit wenig Geld<\/a><\/div>\n<\/div>\n\n\n\n<div class=\"wp-block-buttons is-layout-flex wp-block-buttons-is-layout-flex\">\n<div class=\"wp-block-button\"><a class=\"wp-block-button__link wp-element-button\" href=\"https:\/\/digmit.at\/wp-admin\/post.php?post=4371&amp;action=edit\">Kinderzuschuss f\u00fcr Pensionist*innen<\/a><\/div>\n<\/div>\n\n\n\n<div class=\"wp-block-buttons is-layout-flex wp-block-buttons-is-layout-flex\">\n<div class=\"wp-block-button\"><a class=\"wp-block-button__link wp-element-button\" href=\"https:\/\/digmit.at\/index.php\/notsituation\/\">Notsituation<\/a><\/div>\n<\/div>\n\n\n\n<div class=\"wp-block-buttons is-layout-flex wp-block-buttons-is-layout-flex\">\n<div class=\"wp-block-button\"><a class=\"wp-block-button__link wp-element-button\" href=\"https:\/\/digmit.at\/index.php\/fur-arbeitnehmerinnen\/\">F\u00fcr Arbeitnehmer*innen<\/a><\/div>\n<\/div>\n\n\n\n<div class=\"wp-block-buttons is-layout-flex wp-block-buttons-is-layout-flex\">\n<div class=\"wp-block-button\"><a class=\"wp-block-button__link wp-element-button\" href=\"https:\/\/digmit.at\/index.php\/fur-eltern-in-karenz\/\">F\u00fcr Eltern in Karenz<\/a><\/div>\n<\/div>\n\n\n\n<div class=\"wp-block-buttons is-layout-flex wp-block-buttons-is-layout-flex\">\n<div class=\"wp-block-button\"><a class=\"wp-block-button__link wp-element-button\" href=\"https:\/\/digmit.at\/index.php\/fur-studierende-mit-kindern\/\">F\u00fcr Studierende mit Kind(ern)<\/a><\/div>\n<\/div>\n\n\n\n<div class=\"wp-block-buttons is-layout-flex wp-block-buttons-is-layout-flex\">\n<div class=\"wp-block-button\"><a class=\"wp-block-button__link wp-element-button\" href=\"https:\/\/digmit.at\/index.php\/ich-bin-eu-burgerin-ich-arbeite-in-osterreich-mein-kind-lebt-in-einem-anderen-eu-land\/\">Ich bin EU-B\u00fcrger*in. Ich arbeite in \u00d6sterreich. Mein Kind lebt in einem anderen EU-Land.<\/a><\/div>\n<\/div>\n\n\n\n<div class=\"wp-block-buttons is-layout-flex wp-block-buttons-is-layout-flex\">\n<div class=\"wp-block-button\"><a class=\"wp-block-button__link wp-element-button\" href=\"https:\/\/digmit.at\/index.php\/freizeit-urlaub\/\">Freizeit &amp; Urlaub<\/a><\/div>\n<\/div>\n\n\n\n<p><br><\/p>\n\n\n\n<h2 class=\"wp-block-heading\"><strong>weitere Informationen<\/strong><\/h2>\n\n\n\n<ul class=\"wp-block-list\">\n<li><a href=\"https:\/\/www.sozialleistungen.at\/buch\/590349-0.1_pr590589_3821021\/Ueberblick-ueber-die-Familienleistungen-in-Oesterreich\"><em>\u00dcberblick \u00fcber die Familienleistungen in \u00d6sterreich<\/em>. In: Sozialleistungen im \u00dcberblick 2023 (AK Wien)<\/a><\/li>\n\n\n\n<li><a href=\"https:\/\/www.wien.gv.at\/sozialinfo\/content\/de\/10\/SearchResults.do?alpha=f&amp;keyword=Finanzielle+Nothilfen+f%C3%BCr+Familien\">Thema &#8220;Finanzielle Nothilfen f\u00fcr Familien&#8221; (Stadt Wien\/FSW)<\/a><\/li>\n\n\n\n<li><a href=\"https:\/\/www.bmbwf.gv.at\/dam\/jcr:f35f941a-1ecf-46a8-b51b-a557ddaf32e3\/sbh_info_a4.pdf\">Sch\u00fcler\/innenbeihilfen-Info (BMBWF)<\/a><\/li>\n\n\n\n<li><a href=\"https:\/\/www.sozialministerium.at\/Services\/Neuigkeiten-und-Termine\/Archiv-2023\/Mai-2023\/ma%C3%9Fnahmenpaket-fuer-familien.html#:~:text=Unterst%C3%BCtzung%20f%C3%BCr%20alleinerziehende%20Familien%20mit,pro%20Monat%20nicht%20%C3%BCberschritten%20wird\">Ma\u00dfnahmenpaket bringt vielseitige Unterst\u00fctzung von Familien mit Kindern (BMSGPK)<\/a><\/li>\n<\/ul>\n","protected":false},"excerpt":{"rendered":"<p>weitere Informationen<\/p>\n","protected":false},"author":2,"featured_media":0,"parent":0,"menu_order":0,"comment_status":"closed","ping_status":"closed","template":"","meta":{"footnotes":""},"class_list":["post-4358","page","type-page","status-publish","hentry"],"_links":{"self":[{"href":"https:\/\/digmit.at\/index.php\/wp-json\/wp\/v2\/pages\/4358","targetHints":{"allow":["GET"]}}],"collection":[{"href":"https:\/\/digmit.at\/index.php\/wp-json\/wp\/v2\/pages"}],"about":[{"href":"https:\/\/digmit.at\/index.php\/wp-json\/wp\/v2\/types\/page"}],"author":[{"embeddable":true,"href":"https:\/\/digmit.at\/index.php\/wp-json\/wp\/v2\/users\/2"}],"replies":[{"embeddable":true,"href":"https:\/\/digmit.at\/index.php\/wp-json\/wp\/v2\/comments?post=4358"}],"version-history":[{"count":4,"href":"https:\/\/digmit.at\/index.php\/wp-json\/wp\/v2\/pages\/4358\/revisions"}],"predecessor-version":[{"id":4388,"href":"https:\/\/digmit.at\/index.php\/wp-json\/wp\/v2\/pages\/4358\/revisions\/4388"}],"wp:attachment":[{"href":"https:\/\/digmit.at\/index.php\/wp-json\/wp\/v2\/media?parent=4358"}],"curies":[{"name":"wp","href":"https:\/\/api.w.org\/{rel}","templated":true}]}}