{"id":4365,"date":"2023-11-22T00:22:47","date_gmt":"2023-11-22T00:22:47","guid":{"rendered":"https:\/\/digmit.at\/?page_id=4365"},"modified":"2024-01-21T12:14:55","modified_gmt":"2024-01-21T12:14:55","slug":"schule","status":"publish","type":"page","link":"https:\/\/digmit.at\/index.php\/schule\/","title":{"rendered":"Schule"},"content":{"rendered":"\n<p>F\u00fcr Sch\u00fcler*innen gibt es viele verschiedene Beihilfen und Unterst\u00fctzungen.<br>Hier die wichtigsten:<\/p>\n\n\n\n<h2 class=\"wp-block-heading\"><strong>Geld f\u00fcr den Schulstart<\/strong><\/h2>\n\n\n\n<p>Ich bekomme <a href=\"https:\/\/www.bundeskanzleramt.gv.at\/agenda\/familie\/familienbeihilfe\/schulstartgeld.html\"><strong>Schulstartgeld<\/strong><\/a> <strong>f\u00fcr jedes Kind zwischen 6 und 15 Jahren<\/strong>, f\u00fcr das ich auch <strong><a href=\"https:\/\/digmit.at\/index.php\/familienbeihilfe\/\" data-type=\"page\" data-id=\"4342\">Familienbeihilfe<\/a><\/strong> bekomme.<\/p>\n\n\n\n<p>Ich bekomme das Schulstartgeld <strong>jedes Jahr<\/strong> im August.<\/p>\n\n\n\n<p>2023 bekomme ich <strong>106 \u20ac pro Kind<\/strong>.<\/p>\n\n\n\n<p><br>Wiener Familien, die <a href=\"https:\/\/digmit.at\/index.php\/wiener-mindestsicherung-sozialhilfe\/\" data-type=\"page\" data-id=\"4287\"><strong>Mindestsicherung<\/strong> (\u201eSozialhilfe\u201c)<\/a> bekommen, bekommen f\u00fcr ihre Kinder das <strong>Schulstartpaket <\/strong><a href=\"https:\/\/www.sozialministerium.at\/Themen\/Soziales\/Soziale-Themen\/Schulstartklar.html\"><strong><em>Schulstartklar<\/em><\/strong><\/a>.&nbsp;<\/p>\n\n\n\n<p>Pro Kind gibt es einen <strong>Gutschein<\/strong> im Wert von <strong>150 \u20ac<\/strong> f\u00fcr den Kauf von <strong>Schulartikeln<\/strong>.<\/p>\n\n\n\n<p>Ich kann den Gutschein vom 7. August bis 15. September 2023 abholen.<\/p>\n\n\n\n<p>Ich kann mit dem Gutschein vom 7. August bis 14. Oktober 2023 beim LIBRO oder bei PAGRO DISKONT einkaufen.<\/p>\n\n\n\n<p>2024 wird es wieder Schulstartklar-Gutscheine geben.<\/p>\n\n\n\n<p>Informationen auf <a href=\"https:\/\/www.sozialministerium.at\/dam\/jcr:b985906f-0352-4c68-b9b3-30bf115025da\/Schulstartklar_Infoblatt_Deutsch%202023.07.19.pdf\">Deutsch<\/a>, <a href=\"https:\/\/www.sozialministerium.at\/dam\/jcr:562a4169-eea0-4039-b081-2581259bf3a2\/Schulstartklar_Infoblatt%20Arabisch%202023.07.18.pdf\">Arabisch<\/a>, <a href=\"https:\/\/www.sozialministerium.at\/dam\/jcr:2c19dd0e-77c4-47fa-a6e8-41ad29cb6026\/Schulstartklar_Infoblatt_Englisch2023.07.19.pdf\">Englisch<\/a>, <a href=\"https:\/\/www.sozialministerium.at\/dam\/jcr:75b53080-ea81-4d81-ac27-aaaeef69c0de\/Schulstartklar_Infoblatt_Persisch_Dari%202023.07.19.pdf\">Persisch\/Dari<\/a>, <a href=\"https:\/\/www.sozialministerium.at\/dam\/jcr:80040ec0-2612-47c4-8a8c-061a830e9ae9\/Schulstartklar_Infoblatt_Russisch%202023.07.19.pdf\">Russisch<\/a>, <a href=\"https:\/\/www.sozialministerium.at\/dam\/jcr:05ff81bf-8afa-4388-8732-82d21e5b928d\/Schulstartklar_Infoblatt_Serbisch%202023.07.19.pdf\">Serbisch<\/a>, <a href=\"https:\/\/www.sozialministerium.at\/dam\/jcr:a6204f8d-d84d-433f-af66-08bf9f86854a\/Schulstartklar_Infoblatt_T%C3%BCrkisch%202023.07.19.pdf\">T\u00fcrkisch<\/a>, <a href=\"https:\/\/www.sozialministerium.at\/dam\/jcr:7a9d298f-a18d-497c-a405-fe8dd13aa50a\/Schulstartklar_Infoblatt_Ukrainisch2023.07.19.pdf\">Ukrainisch<\/a><\/p>\n\n\n\n<p><br>Auch der <a href=\"https:\/\/verein-mut.eu\">Verein MUT<\/a> hilft mit der <strong>Schulstarthilfe Familien mit wenig Geld<\/strong> beim Schulstart.<br>E-Mail: \u202f<a href=\"mailto:schulstarthilfe@verein-mut.eu\">schulstarthilfe@verein-mut.eu<\/a>&nbsp;<\/p>\n\n\n\n<p><\/p>\n\n\n\n<h2 class=\"wp-block-heading\"><br><a href=\"https:\/\/www.bmbwf.gv.at\/Themen\/schule\/befoe\/sbh.html\"><strong>Schulbeihilfe<\/strong><\/a><strong> &amp; <\/strong><a href=\"https:\/\/www.bmbwf.gv.at\/Themen\/schule\/befoe\/sbh.html\"><strong>Heimbeihilfe<\/strong><\/a><\/h2>\n\n\n\n<p>Ich kann <strong>Schulbeihilfe<\/strong> oder <strong>Heimbeihilfe<\/strong> bekommen, wenn<\/p>\n\n\n\n<ul class=\"wp-block-list\">\n<li>meine Familie oder ich <strong>nicht viel Geld<\/strong> haben,<\/li>\n\n\n\n<li>ich <strong>\u00d6sterreicher*in<\/strong>, <strong>EU- und EWR-B\u00fcrger*in<\/strong>, <strong>Konventionsfl\u00fcchtling<\/strong> bin oder meine <strong>Eltern mindestens 5 Jahre in \u00d6sterreich gearbeitet<\/strong> haben,<\/li>\n\n\n\n<li>und wenn ich meine <strong>Ausbildung begonnen<\/strong> habe, <strong>bevor<\/strong> ich <strong>35<\/strong> Jahre alt war.<\/li>\n<\/ul>\n\n\n\n<p>Ich kann <strong>Schulbeihilfe<\/strong> <strong>ab der 10. Schulstufe<\/strong> <a href=\"https:\/\/digmit.at\/index.php\/ahs-oberstufe-bms-bhs-poly\/\"><strong>AHS<\/strong>, <strong>BMS<\/strong> oder <strong>BHS<\/strong><\/a> bekommen.<\/p>\n\n\n\n<p>Ich kann <strong>Heimbeihilfe<\/strong> bekommen, wenn&nbsp;<\/p>\n\n\n\n<ul class=\"wp-block-list\">\n<li>ich in <a href=\"https:\/\/digmit.at\/index.php\/ahs-oberstufe-bms-bhs-poly\/\">ein <strong>Poly<\/strong>, eine <strong>BMS<\/strong> oder <strong>BHS<\/strong><\/a> gehe (<strong>ab der 9. Schulstufe<\/strong>),<\/li>\n\n\n\n<li>meine <strong>Schule so weit weg von zu Hause<\/strong> ist, dass ich <strong>nicht oder nur schwer hin- und herfahren kann<\/strong>,<\/li>\n\n\n\n<li>es <strong>keine n\u00e4here gleichartige Schule<\/strong> gibt, in die ich gehen k\u00f6nnte.<\/li>\n<\/ul>\n\n\n\n<p>Wenn ich Heimbeihilfe bekomme, dann bekomme ich automatisch auch <strong>Fahrtkostenbeihilfe<\/strong>.<\/p>\n\n\n\n<p>Im <a href=\"https:\/\/ratgeber.schuelerbeihilfe.at\/cgi\/expert\/enb.cgi?WHAT=ANZEIGE&amp;WAS=E1_BEIHILFE-Sprachauswahl.html&amp;WIZARD=BEIHILFE&amp;BEREICH=BMUKK&amp;TRAEGER=DEFAULT&amp;OHNEWEITERBUTTON=1\"><strong>Online-Ratgeber Sch\u00fclerbeihilfe<\/strong><\/a> finde ich Informationen zur<br>&#8211; <strong>Schulbeihilfe<\/strong>,<br>&#8211; <strong>Heimbeihilfe<\/strong> und<br>&#8211; zur <strong>Unterst\u00fctzung zur Teilnahme an einer Schulveranstaltung<\/strong>.<\/p>\n\n\n\n<p>Online-Ratgeber auf <a href=\"https:\/\/ratgeber.schuelerbeihilfe.at\/cgi\/expert\/enb.cgi?WIZARD=BEIHILFE&amp;TRAEGER=DEFAULT&amp;BEREICH=BMUKK&amp;SHOWMODE=1&amp;LAYOUT=\">Deutsch<\/a>, <a href=\"https:\/\/ratgeber.schuelerbeihilfe.at\/cgi\/expert\/enb.cgi?WIZARD=BEIHILFE&amp;TRAEGER=DEFAULT&amp;BEREICH=BMUKK&amp;SHOWMODE=1&amp;LANG=BS&amp;TRANSMODE=BI\">Bosanski<\/a>, <a href=\"https:\/\/ratgeber.schuelerbeihilfe.at\/cgi\/expert\/enb.cgi?WIZARD=BEIHILFE&amp;TRAEGER=DEFAULT&amp;BEREICH=BMUKK&amp;SHOWMODE=1&amp;LANG=BG&amp;TRANSMODE=BI\">\u0431\u044a\u043b\u0433\u0430\u0440\u0441\u043a\u0438<\/a>, <a href=\"https:\/\/ratgeber.schuelerbeihilfe.at\/cgi\/expert\/enb.cgi?WIZARD=BEIHILFE&amp;TRAEGER=DEFAULT&amp;BEREICH=BMUKK&amp;SHOWMODE=1&amp;LANG=CS&amp;TRANSMODE=BI\">\u010ce\u0161tina<\/a>, <a href=\"https:\/\/ratgeber.schuelerbeihilfe.at\/cgi\/expert\/enb.cgi?WIZARD=BEIHILFE&amp;TRAEGER=DEFAULT&amp;BEREICH=BMUKK&amp;SHOWMODE=1&amp;LANG=ZH&amp;TRANSMODE=BI\">\u4e2d\u570b<\/a>, <a href=\"https:\/\/ratgeber.schuelerbeihilfe.at\/cgi\/expert\/enb.cgi?WIZARD=BEIHILFE&amp;TRAEGER=DEFAULT&amp;BEREICH=BMUKK&amp;SHOWMODE=1&amp;LANG=EN&amp;TRANSMODE=BI\">English<\/a>, <a href=\"https:\/\/ratgeber.schuelerbeihilfe.at\/cgi\/expert\/enb.cgi?WIZARD=BEIHILFE&amp;TRAEGER=DEFAULT&amp;BEREICH=BMUKK&amp;SHOWMODE=1&amp;LANG=HR&amp;TRANSMODE=BI\">Hrvatski<\/a>, <a href=\"https:\/\/ratgeber.schuelerbeihilfe.at\/cgi\/expert\/enb.cgi?WIZARD=BEIHILFE&amp;TRAEGER=DEFAULT&amp;BEREICH=BMUKK&amp;SHOWMODE=1&amp;LANG=IT&amp;TRANSMODE=BI\">Italiano<\/a>, <a href=\"https:\/\/ratgeber.schuelerbeihilfe.at\/cgi\/expert\/enb.cgi?WIZARD=BEIHILFE&amp;TRAEGER=DEFAULT&amp;BEREICH=BMUKK&amp;SHOWMODE=1&amp;LANG=HU&amp;TRANSMODE=BI\">Magyar<\/a>, <a href=\"https:\/\/ratgeber.schuelerbeihilfe.at\/cgi\/expert\/enb.cgi?WIZARD=BEIHILFE&amp;TRAEGER=DEFAULT&amp;BEREICH=BMUKK&amp;SHOWMODE=1&amp;LANG=MK&amp;TRANSMODE=BI\">\u043c\u0430\u043a\u0435\u0434\u043e\u043d\u0441\u043a\u0438<\/a>,<a href=\"https:\/\/ratgeber.schuelerbeihilfe.at\/cgi\/expert\/enb.cgi?WIZARD=BEIHILFE&amp;TRAEGER=DEFAULT&amp;BEREICH=BMUKK&amp;SHOWMODE=1&amp;LANG=PL&amp;TRANSMODE=BI\">Polski<\/a>, <a href=\"https:\/\/ratgeber.schuelerbeihilfe.at\/cgi\/expert\/enb.cgi?WIZARD=BEIHILFE&amp;TRAEGER=DEFAULT&amp;BEREICH=BMUKK&amp;SHOWMODE=1&amp;LANG=RO&amp;TRANSMODE=BI\">Rom\u0101n\u0103<\/a>, <a href=\"https:\/\/ratgeber.schuelerbeihilfe.at\/cgi\/expert\/enb.cgi?WIZARD=BEIHILFE&amp;TRAEGER=DEFAULT&amp;BEREICH=BMUKK&amp;SHOWMODE=1&amp;LANG=RU&amp;TRANSMODE=BI\">\u0440\u0443\u0441\u0441\u043a\u0438\u0439<\/a>, <a href=\"https:\/\/ratgeber.schuelerbeihilfe.at\/cgi\/expert\/enb.cgi?WIZARD=BEIHILFE&amp;TRAEGER=DEFAULT&amp;BEREICH=BMUKK&amp;SHOWMODE=1&amp;LANG=SK&amp;TRANSMODE=BI\">Slovensky<\/a>, <a href=\"https:\/\/ratgeber.schuelerbeihilfe.at\/cgi\/expert\/enb.cgi?WIZARD=BEIHILFE&amp;TRAEGER=DEFAULT&amp;BEREICH=BMUKK&amp;SHOWMODE=1&amp;LANG=SL&amp;TRANSMODE=BI\">Sloven\u0161cina<\/a>, <a href=\"https:\/\/ratgeber.schuelerbeihilfe.at\/cgi\/expert\/enb.cgi?WIZARD=BEIHILFE&amp;TRAEGER=DEFAULT&amp;BEREICH=BMUKK&amp;SHOWMODE=1&amp;LANG=SR&amp;TRANSMODE=BI\">Srpski<\/a>, <a href=\"https:\/\/ratgeber.schuelerbeihilfe.at\/cgi\/expert\/enb.cgi?WIZARD=BEIHILFE&amp;TRAEGER=DEFAULT&amp;BEREICH=BMUKK&amp;SHOWMODE=1&amp;LANG=TR&amp;TRANSMODE=BI\">T\u00fcrk\u00e7e<\/a>, <a href=\"https:\/\/ratgeber.schuelerbeihilfe.at\/cgi\/expert\/enb.cgi?WIZARD=BEIHILFE&amp;TRAEGER=DEFAULT&amp;BEREICH=BMUKK&amp;SHOWMODE=1&amp;LANG=UA&amp;TRANSMODE=BI\">\u0423\u043a\u0440\u0430\u0457\u043d\u0441\u044c\u043a\u0430<\/a><\/p>\n\n\n\n<p><br>Ich gebe den <a href=\"https:\/\/ratgeber.schuelerbeihilfe.at\/bmukkexpert\/bilder\/dl_formular_a1.pdf\"><strong>Antrag auf Schulbeihilfe und Heimbeihilfe<\/strong><\/a> in der Schule ab.<br>Mit Handysignatur oder B\u00fcrgerkarte kann ich den Antrag auch <a href=\"https:\/\/www.formularservice.gv.at\/site\/fsrv\/user\/formular.aspx?pid=4e5d41ffd076417494ba9c901a1b8e82&amp;pn=Baef790bfa71941338f38b3cd7988117a\">online<\/a> stellen.<br>Ich brauche auch eine <a href=\"https:\/\/www.bmbwf.gv.at\/dam\/jcr:32b2cedf-4c64-49ea-b4fa-dcfc1885ba02\/olaf_schul_heimbesuchsbestaetigung_a1_a3_a5_2023_24.pdf\">Schulbest\u00e4tigung<\/a>.&nbsp;<br>Ich kann den Antrag <strong>bis zum 31. Dezember<\/strong> des Schuljahres, f\u00fcr das ich Schulbeihilfe oder Heimbeihilfe bekommen m\u00f6chte, stellen. Wenn ich den Antrag sp\u00e4ter stelle, wird die Beihilfe gek\u00fcrzt.<br>An <strong>Schulen f\u00fcr Berufst\u00e4tige<\/strong> muss ich f\u00fcr <strong>jedes Semester<\/strong> einen Antrag stellen. F\u00fcr das Wintersemester muss ich den Antrag bis 31. Dezember und f\u00fcr das Sommersemester bis 31. Mai stellen.<\/p>\n\n\n\n<p><br>Familien mit <strong>wenig Geld<\/strong>, die <strong>keine Schulbeihilfe oder Heimbeihilfe<\/strong> bekommen k\u00f6nnen, k\u00f6nnen ein Mal eine <a href=\"https:\/\/transparenzportal.gv.at\/tdb\/tp\/leistung\/1006105.html\"><strong>au\u00dferordentliche Unterst\u00fctzung aus dem H\u00e4rtefonds<\/strong><\/a> bekommen.&nbsp;<\/p>\n\n\n\n<p><\/p>\n\n\n\n<h2 class=\"wp-block-heading\"><br><a href=\"https:\/\/www.bmbwf.gv.at\/Themen\/schule\/befoe\/sbh.html\"><strong>Besondere Schulbeihilfe<\/strong><\/a><\/h2>\n\n\n\n<p>Wenn ich eine <strong>h\u00f6here Schule f\u00fcr Berufst\u00e4tige<\/strong> besuche und mich auf die <strong>Abschlusspr\u00fcfung<\/strong> vorbereite, kann ich <strong><em>Besondere Schulbeihilfe<\/em><\/strong> bekommen, wenn ich&nbsp;<\/p>\n\n\n\n<ul class=\"wp-block-list\">\n<li><strong>mindestens ein Jahr<\/strong> lang gearbeitet und <strong>mich selbst erhalten<\/strong> habe und<\/li>\n\n\n\n<li>in <strong>Bildungskarenz<\/strong> gehe, <strong>unbezahlten Urlaub<\/strong> nehme oder <strong>aufh\u00f6re zu arbeiten<\/strong>.<\/li>\n<\/ul>\n\n\n\n<p>Ich kann <strong>sechs Monate vor der Pr\u00fcfung<\/strong> <em>Besondere Schulbeihilfe<\/em> bekommen.&nbsp;<\/p>\n\n\n\n<p>Den <a href=\"https:\/\/www.bmbwf.gv.at\/dam\/jcr:88bcc49d-0fe1-4f7d-84c8-0ae9b4ce4d09\/sbh_f_a2_c2_2023_24.pdf\"><strong>Antrag<\/strong><\/a> muss ich bei der zust\u00e4ndigen <a href=\"https:\/\/www.bmbwf.gv.at\/Themen\/schule\/befoe\/sbh\/sbh_behoerde.html\">Sch\u00fcler*innenbeihilfenbeh\u00f6rde<\/a> stellen.<br>Mit Handysignatur oder B\u00fcrgerkarte kann ich den Antrag auch <a href=\"https:\/\/www.formularservice.gv.at\/site\/fsrv\/user\/formular.aspx?pid=4e5d41ffd076417494ba9c901a1b8e82&amp;pn=B8f6f23b9daff4faeb5e2c6ac926703b8\">online<\/a> stellen.<br>Ich brauche auch eine <a href=\"https:\/\/www.bmbwf.gv.at\/dam\/jcr:328be84f-e354-4ccb-a4eb-32e784d93e24\/olaf_schulbestaetigung_a2.pdf\">Schulbest\u00e4tigung<\/a>.<\/p>\n\n\n\n<p><\/p>\n\n\n\n<p><br><strong>Wie viel Schulbeihilfe<\/strong>, <strong>Heimbeihilfe<\/strong> oder <strong>Besondere Schulbeihilfe<\/strong> ich bekommen kann, sagt mir der <a href=\"http:\/\/www.schulbeihilfenrechner.at\/\"><strong>Beihilfenrechner<\/strong><\/a>:<\/p>\n\n\n\n<iframe loading=\"lazy\" src=\"https:\/\/www.schulbeihilfenrechner.at\" width=\"100%\" height=\"500px\"><\/iframe>\n\n\n\n<h2 class=\"wp-block-heading\"><br><strong>Unterst\u00fctzung f\u00fcr Schulveranstaltungen<\/strong><\/h2>\n\n\n\n<p>F\u00fcr Sch\u00fcler*innen einer <a href=\"https:\/\/digmit.at\/index.php\/ahs-oberstufe-bms-bhs-poly\/\"><strong>AHS<\/strong>, <strong>BMS<\/strong> oder <strong>BHS<\/strong><\/a> kann ich eine <a href=\"https:\/\/www.oesterreich.gv.at\/themen\/bildung_und_neue_medien\/schule\/1\/Seite.1760290.html\"><strong>Unterst\u00fctzung f\u00fcr die Teilnahme an Schulveranstaltungen<\/strong><\/a>, die <strong>mindestens 5 Tage<\/strong> dauern, bekommen.&nbsp;<br>Schulveranstaltungen sind zum Beispiel <strong>Sportwochen<\/strong>, <strong>Skikurse<\/strong> oder <strong>Sprachreisen<\/strong>.<\/p>\n\n\n\n<p>Ich kann <strong>bis zu 242 \u20ac<\/strong> bekommen.<\/p>\n\n\n\n<p>Ich muss <strong>bis 30.4.<\/strong> einen <a href=\"https:\/\/ratgeber.schuelerbeihilfe.at\/bmukkexpert\/bilder\/dl_formular_sub.pdf\"><strong>Antrag<\/strong><\/a> stellen.<\/p>\n\n\n\n<p><br>Von der Stadt Wien gibt es f\u00fcr <strong>Kinder in der Pflichtschule<\/strong> auch einen <a href=\"https:\/\/www.wien.gv.at\/bildung\/schulen\/leistungen\/zuschuss-schulveranstaltungen.html\"><strong>Zuschuss f\u00fcr Schulveranstaltungen<\/strong><\/a>, die <strong>mindestens 3 Tage<\/strong> und <strong>maximal 5 Tage<\/strong> dauern.<\/p>\n\n\n\n<p>Ich kann den Zuschuss bekommen, wenn ich<\/p>\n\n\n\n<ul class=\"wp-block-list\">\n<li><a href=\"https:\/\/digmit.at\/index.php\/wiener-mindestsicherung-sozialhilfe\/\" data-type=\"page\" data-id=\"4287\"><strong>Mindestsicherung<\/strong> (\u201eSozialhilfe\u201c)<\/a> oder<\/li>\n\n\n\n<li><a href=\"https:\/\/digmit.at\/index.php\/wieviel-pension-bekomme-ich\/#ausgleichszulage\"><strong>Ausgleichszulage<\/strong> (\u201eMindestpension\u201c)<\/a> bekomme,<\/li>\n\n\n\n<li>in der <strong>Grundversorgung<\/strong> bin,<\/li>\n\n\n\n<li><strong>Alleinerzieher*in<\/strong> bin<br>und <strong><a href=\"https:\/\/digmit.at\/index.php\/notstandshilfe\/\" data-type=\"page\" data-id=\"4264\">Notstandshilfe<\/a><\/strong> bekomme<br>oder <strong>bis zu 1.864,94 netto pro Monat<\/strong> verdiene (inklusive 13. und 14. Gehalt und Alimente)<br><\/li>\n<\/ul>\n\n\n\n<p>Ich bekomme <strong>pro Tag<\/strong> <strong>22 \u20ac f\u00fcr Wintersporttage<\/strong> und <strong>17 \u20ac f\u00fcr Sommersporttage oder Projekttage<\/strong>.<\/p>\n\n\n\n<p>Den <strong>Antrag<\/strong> bekomme ich in der Schule, und ich kann ihn auch dort abgeben.<br>ACHTUNG<br>Es gibt <strong>Fristen<\/strong>!<\/p>\n\n\n\n<p><\/p>\n\n\n\n<h2 class=\"wp-block-heading\"><br><strong>F\u00f6rderungen durch den Elternverein<\/strong><\/h2>\n\n\n\n<p>Der Elternverein ist eine Gruppe von Eltern, deren Kinder alle zusammen in eine Schule gehen.<br>Auch der Elternverein <strong>unterst\u00fctzt Sch\u00fcler*innen, deren Familien nicht so viel Geld haben<\/strong>.<br>Der Elternverein f\u00f6rdert alles, was die Kinder f\u00fcr das Schulleben brauchen, also zum Beispiel Kosten f\u00fcr Schulausfl\u00fcge, Sportwochen, Schulmaterialien, Laptops.<\/p>\n\n\n\n<p><\/p>\n\n\n\n<h2 class=\"wp-block-heading\"><br><strong>Nachhilfe \/ Lernhilfe<\/strong><\/h2>\n\n\n\n<p>Wenn mein Kind <strong>Unterst\u00fctzung beim Lernen<\/strong> braucht, kann es <strong>Nachhilfe<\/strong> \/ <strong>Lernhilfe<\/strong> bekommen.<\/p>\n\n\n\n<p>In Wien gibt es auch <a href=\"https:\/\/digmit.at\/index.php\/mein-kind-braucht-nachhilfe-lernhilfe\/\"><strong>kostenlose<\/strong> (oder kosteng\u00fcnstige) <strong>Angebote<\/strong><\/a>.<\/p>\n","protected":false},"excerpt":{"rendered":"<p>F\u00fcr Sch\u00fcler*innen gibt es viele verschiedene Beihilfen und Unterst\u00fctzungen.Hier die wichtigsten: Geld f\u00fcr den Schulstart Ich bekomme Schulstartgeld f\u00fcr jedes Kind zwischen 6 und 15 Jahren, f\u00fcr das ich auch Familienbeihilfe bekomme. Ich bekomme das Schulstartgeld jedes Jahr im August. 2023 bekomme ich 106 \u20ac pro Kind. Wiener Familien, die Mindestsicherung (\u201eSozialhilfe\u201c) bekommen, bekommen f\u00fcr [&hellip;]<\/p>\n","protected":false},"author":2,"featured_media":0,"parent":0,"menu_order":0,"comment_status":"closed","ping_status":"closed","template":"","meta":{"footnotes":""},"class_list":["post-4365","page","type-page","status-publish","hentry"],"_links":{"self":[{"href":"https:\/\/digmit.at\/index.php\/wp-json\/wp\/v2\/pages\/4365","targetHints":{"allow":["GET"]}}],"collection":[{"href":"https:\/\/digmit.at\/index.php\/wp-json\/wp\/v2\/pages"}],"about":[{"href":"https:\/\/digmit.at\/index.php\/wp-json\/wp\/v2\/types\/page"}],"author":[{"embeddable":true,"href":"https:\/\/digmit.at\/index.php\/wp-json\/wp\/v2\/users\/2"}],"replies":[{"embeddable":true,"href":"https:\/\/digmit.at\/index.php\/wp-json\/wp\/v2\/comments?post=4365"}],"version-history":[{"count":3,"href":"https:\/\/digmit.at\/index.php\/wp-json\/wp\/v2\/pages\/4365\/revisions"}],"predecessor-version":[{"id":4678,"href":"https:\/\/digmit.at\/index.php\/wp-json\/wp\/v2\/pages\/4365\/revisions\/4678"}],"wp:attachment":[{"href":"https:\/\/digmit.at\/index.php\/wp-json\/wp\/v2\/media?parent=4365"}],"curies":[{"name":"wp","href":"https:\/\/api.w.org\/{rel}","templated":true}]}}