{"id":4371,"date":"2023-11-22T00:30:09","date_gmt":"2023-11-22T00:30:09","guid":{"rendered":"https:\/\/digmit.at\/?page_id=4371"},"modified":"2023-11-22T00:30:09","modified_gmt":"2023-11-22T00:30:09","slug":"kinderzuschuss-fur-pensionistinnen","status":"publish","type":"page","link":"https:\/\/digmit.at\/index.php\/kinderzuschuss-fur-pensionistinnen\/","title":{"rendered":"Kinderzuschuss f\u00fcr Pensionist*innen"},"content":{"rendered":"\n<p>Wenn ich in<br>&#8211; <a href=\"https:\/\/digmit.at\/index.php\/startseite\/alter-pension-2\/ich-mochte-in-pension-gehen-alterspension\/\"><strong>Alterspension<\/strong><br><\/a>&#8211;<strong> <\/strong><a href=\"https:\/\/digmit.at\/index.php\/startseite\/gesundheit\/ich-bin-krank\/ich-bin-krank-und-mochte-wegen-krankheit-in-pension\/\"><strong>Berufsunf\u00e4higkeitspension<\/strong> oder <strong>Invalidit\u00e4tspension<\/strong><br><\/a>&#8211; oder <strong>Erwerbsunf\u00e4higkeitspension<\/strong><br>bin, bekomme ich <strong>29,07 \u20ac <a href=\"https:\/\/www.oesterreich.gv.at\/themen\/arbeit_und_pension\/pension\/Seite.270223.html\">Zuschuss<\/a> pro Monat pro Kind unter 18 Jahren<\/strong>.<br>F\u00fcr <strong>Kinder in Ausbildung<\/strong> bekomme ich den Zuschuss <strong>bis zum 27. Geburtstag<\/strong>.<br>Wenn mein <strong>Kind nicht erwerbsf\u00e4hig<\/strong> ist, also nicht arbeiten kann, bekomme ich den Zuschuss f\u00fcr die Zeit, in der mein Kind nicht arbeiten kann.<\/p>\n\n\n\n<p>Den Kinderzuschuss beantrage ich bei meiner <strong>Pensionsversicherung<\/strong>.<\/p>\n","protected":false},"excerpt":{"rendered":"<p>Wenn ich in&#8211; Alterspension&#8211; Berufsunf\u00e4higkeitspension oder Invalidit\u00e4tspension&#8211; oder Erwerbsunf\u00e4higkeitspensionbin, bekomme ich 29,07 \u20ac Zuschuss pro Monat pro Kind unter 18 Jahren.F\u00fcr Kinder in Ausbildung bekomme ich den Zuschuss bis zum 27. Geburtstag.Wenn mein Kind nicht erwerbsf\u00e4hig ist, also nicht arbeiten kann, bekomme ich den Zuschuss f\u00fcr die Zeit, in der mein Kind nicht arbeiten kann. [&hellip;]<\/p>\n","protected":false},"author":2,"featured_media":0,"parent":0,"menu_order":0,"comment_status":"closed","ping_status":"closed","template":"","meta":{"footnotes":""},"class_list":["post-4371","page","type-page","status-publish","hentry"],"_links":{"self":[{"href":"https:\/\/digmit.at\/index.php\/wp-json\/wp\/v2\/pages\/4371","targetHints":{"allow":["GET"]}}],"collection":[{"href":"https:\/\/digmit.at\/index.php\/wp-json\/wp\/v2\/pages"}],"about":[{"href":"https:\/\/digmit.at\/index.php\/wp-json\/wp\/v2\/types\/page"}],"author":[{"embeddable":true,"href":"https:\/\/digmit.at\/index.php\/wp-json\/wp\/v2\/users\/2"}],"replies":[{"embeddable":true,"href":"https:\/\/digmit.at\/index.php\/wp-json\/wp\/v2\/comments?post=4371"}],"version-history":[{"count":1,"href":"https:\/\/digmit.at\/index.php\/wp-json\/wp\/v2\/pages\/4371\/revisions"}],"predecessor-version":[{"id":4372,"href":"https:\/\/digmit.at\/index.php\/wp-json\/wp\/v2\/pages\/4371\/revisions\/4372"}],"wp:attachment":[{"href":"https:\/\/digmit.at\/index.php\/wp-json\/wp\/v2\/media?parent=4371"}],"curies":[{"name":"wp","href":"https:\/\/api.w.org\/{rel}","templated":true}]}}