{"id":4386,"date":"2023-11-22T00:47:20","date_gmt":"2023-11-22T00:47:20","guid":{"rendered":"https:\/\/digmit.at\/?page_id=4386"},"modified":"2024-01-29T18:28:05","modified_gmt":"2024-01-29T18:28:05","slug":"freizeit-urlaub","status":"publish","type":"page","link":"https:\/\/digmit.at\/index.php\/freizeit-urlaub\/","title":{"rendered":"Freizeit &amp; Urlaub"},"content":{"rendered":"\n<h2 class=\"wp-block-heading\"><a href=\"https:\/\/www.wienxtra.at\/kinderaktiv\/infos-a-z\/info-tag\/kinderaktivcard\/\"><strong>Kinderaktivcard<\/strong><\/a><\/h2>\n\n\n\n<p>Mit der Kinderaktivcard gibt es <strong>Erm\u00e4\u00dfigungen oder freien Eintritt<\/strong> bei <a href=\"https:\/\/www.wienxtra.at\">WIENXTRA<\/a>&#8211;<a href=\"https:\/\/www.wienxtra.at\/kinderaktiv\/#events\">Kinderaktiv-<strong>Veranstaltungen<\/strong><\/a> f\u00fcr <strong>Kinder bis zu 13 Jahren<\/strong>.<\/p>\n\n\n\n<p>Eine Kinderaktivcard gilt f\u00fcr <strong>ein oder mehrere Kinder und ein bis zwei Erwachsene<\/strong>.&nbsp;<\/p>\n\n\n\n<p>Jede*r kann die Kinderaktivcard gratis bekommen.<\/p>\n\n\n\n<p>Ich kann die <a href=\"https:\/\/www.wienxtra.at\/kinderaktiv\/bestellen\/\"><strong>Karte bestellen<\/strong><\/a> oder die <a href=\"https:\/\/www.wienxtra.at\/kinderaktiv\/app\/\"><strong>Kinderaktiv-App<\/strong><\/a> herunterladen.<\/p>\n\n\n\n<p><br><\/p>\n\n\n\n<h2 class=\"wp-block-heading\"><a href=\"https:\/\/www.wijug.at\/angebot\/familienurlaub\/\"><strong>Familienurlaube<\/strong><\/a> &amp; <a href=\"https:\/\/www.wijug.at\/angebot\/kinderurlaub\/\"><strong>Kinderurlaube<\/strong><\/a><\/h2>\n\n\n\n<p id=\"urlaube\">Die <a href=\"http:\/\/www.kinder.wien.at\/\">Kinder- und Jugendhilfe der Stadt Wien<\/a> unterst\u00fctzt <strong>Urlaube f\u00fcr Familien und Kinder.<\/strong><\/p>\n\n\n\n<p>Die Urlaube werden vom <a href=\"https:\/\/www.wijug.at\">Verein Wiener Jugenderholung (WIJUG)<\/a> organisiert.<\/p>\n\n\n\n<p><strong>Familienurlaube<\/strong> sind f\u00fcr<strong> Wiener Familien<\/strong>, die <strong>nicht viel Geld<\/strong> haben.<\/p>\n\n\n\n<p>Hier k\u00f6nnen <strong>Eltern<\/strong> gemeinsam <strong>mit ihren Kindern<\/strong> <strong>g\u00fcnstig Urlaub<\/strong> machen.&nbsp;<\/p>\n\n\n\n<p>Die Urlaube finden im <strong>Juli und August<\/strong> <strong>in \u00d6sterreich<\/strong> statt.<br>Die Urlaube dauern <strong>8 Tage<\/strong>.<\/p>\n\n\n\n<p><strong>Erwachsene<\/strong> zahlen <strong>116 \u20ac<\/strong> pro Person. F\u00fcr <strong>Kinder unter 18<\/strong> Jahren sind die Urlaube <strong>gratis<\/strong>.<br>Pro Familie k\u00f6nnen ein bis zwei Erwachsene mitfahren.<\/p>\n\n\n\n<p>Im Urlaub gibt es viele Freizeitaktivit\u00e4ten und Ausfl\u00fcge. Eltern m\u00fcssen f\u00fcr die Ausfl\u00fcge bezahlen, f\u00fcr Kinder sind sie gratis.<\/p>\n\n\n\n<p>Ab 12. Februar 2024 k\u00f6nnen Familien buchen, die zum ersten Mal auf Familienurlaub fahren m\u00f6chten. Ab 11. M\u00e4rz 2024 k\u00f6nnen auch Familien buchen, die schon einmal auf Familienurlaub waren.<br><\/p>\n\n\n\n<p><strong>Kinderurlaube<\/strong> sind f\u00fcr <strong>Kinder zwischen 7 und 14 Jahren<\/strong>.&nbsp;<\/p>\n\n\n\n<p>Eltern fahren nicht mit. Die Kinder werden betreut.<\/p>\n\n\n\n<p>Es gibt verschiedene Urlaube, zum Beispiel Sportcamps oder Urlaub am Bauernhof.<\/p>\n\n\n\n<p>Die Urlaube dauern <strong>1 bis 2 Wochen<\/strong>.<br>Die Urlaube finden in den <strong>Osterferien<\/strong>, <strong>Sommerferien<\/strong> und in den <strong>Weihnachtsferien<\/strong> <strong>in \u00d6sterreich<\/strong> statt.<\/p>\n\n\n\n<p>Im Sommer gibt es auch <a href=\"https:\/\/www.wijug.at\/angebot\/kinderurlaub\/kinder-mit-behinderung\/\"><strong>Inklusionsurlaube<\/strong><\/a>, wo <strong>Kinder mit Behinderung gemeinsam mit Kindern ohne Behinderung<\/strong> Urlaub machen.<\/p>\n\n\n\n<p><strong>Wie viel der Urlaub kostet<\/strong>, h\u00e4ngt davon ab, <strong>wie viel die Familie verdient<\/strong>. Wenn die Familie wenig verdient, gibt es den Urlaub schon <strong>ab 24,30 \u20ac<\/strong>. Geschwister zahlen die H\u00e4lfte, also 12,15 \u20ac.&nbsp;<\/p>\n\n\n\n<p><br>Ich kann einen Familienurlaub oder einen Kinderurlaub <strong>in einer <\/strong><a href=\"https:\/\/www.wien.gv.at\/menschen\/kind-familie\/servicestellen\/sozialarbeit.html\"><strong>Regionalstelle \u2013 Soziale Arbeit mit Familien<\/strong><\/a><strong> buchen<\/strong>.&nbsp;<br>Ich muss vorher anrufen und einen Termin vereinbaren.<\/p>\n","protected":false},"excerpt":{"rendered":"<p>Kinderaktivcard Mit der Kinderaktivcard gibt es Erm\u00e4\u00dfigungen oder freien Eintritt bei WIENXTRA&#8211;Kinderaktiv-Veranstaltungen f\u00fcr Kinder bis zu 13 Jahren. Eine Kinderaktivcard gilt f\u00fcr ein oder mehrere Kinder und ein bis zwei Erwachsene.&nbsp; Jede*r kann die Kinderaktivcard gratis bekommen. Ich kann die Karte bestellen oder die Kinderaktiv-App herunterladen. Familienurlaube &amp; Kinderurlaube Die Kinder- und Jugendhilfe der Stadt [&hellip;]<\/p>\n","protected":false},"author":2,"featured_media":0,"parent":0,"menu_order":0,"comment_status":"closed","ping_status":"closed","template":"","meta":{"footnotes":""},"class_list":["post-4386","page","type-page","status-publish","hentry"],"_links":{"self":[{"href":"https:\/\/digmit.at\/index.php\/wp-json\/wp\/v2\/pages\/4386","targetHints":{"allow":["GET"]}}],"collection":[{"href":"https:\/\/digmit.at\/index.php\/wp-json\/wp\/v2\/pages"}],"about":[{"href":"https:\/\/digmit.at\/index.php\/wp-json\/wp\/v2\/types\/page"}],"author":[{"embeddable":true,"href":"https:\/\/digmit.at\/index.php\/wp-json\/wp\/v2\/users\/2"}],"replies":[{"embeddable":true,"href":"https:\/\/digmit.at\/index.php\/wp-json\/wp\/v2\/comments?post=4386"}],"version-history":[{"count":4,"href":"https:\/\/digmit.at\/index.php\/wp-json\/wp\/v2\/pages\/4386\/revisions"}],"predecessor-version":[{"id":4695,"href":"https:\/\/digmit.at\/index.php\/wp-json\/wp\/v2\/pages\/4386\/revisions\/4695"}],"wp:attachment":[{"href":"https:\/\/digmit.at\/index.php\/wp-json\/wp\/v2\/media?parent=4386"}],"curies":[{"name":"wp","href":"https:\/\/api.w.org\/{rel}","templated":true}]}}