{"id":4404,"date":"2023-11-22T01:21:30","date_gmt":"2023-11-22T01:21:30","guid":{"rendered":"https:\/\/digmit.at\/?page_id=4404"},"modified":"2024-01-22T08:51:27","modified_gmt":"2024-01-22T08:51:27","slug":"gesundheit-krankheit","status":"publish","type":"page","link":"https:\/\/digmit.at\/index.php\/gesundheit-krankheit\/","title":{"rendered":"Gesundheit &amp; Krankheit"},"content":{"rendered":"\n<h2 class=\"wp-block-heading\"><a href=\"https:\/\/www.arbeiterkammer.at\/beratung\/arbeitundrecht\/krankheitundpflege\/krankheit\/Befreiung_von_der_Rezeptgebuehr.html\"><strong>Rezeptgeb\u00fchren-Befreiung<\/strong><\/a><\/h2>\n\n\n\n<p>F\u00fcr jedes Rezept, das ich in der Apotheke einl\u00f6se, muss ich eine Geb\u00fchr von 6,85 \u20ac bezahlen.<br>Wenn ich <strong>nicht viel Geld<\/strong> habe, muss ich diese <strong>Rezeptgeb\u00fchr nicht bezahlen<\/strong>.<\/p>\n\n\n\n<p>Ich bin <strong>automatisch<\/strong> von der Rezeptgeb\u00fchr <strong>befreit<\/strong>, wenn ich<br>&#8211; <strong>Mindestsicherung<\/strong> (\u201eSozialhilfe\u201c) bekomme;<br>&#8211; <a href=\"https:\/\/digmit.at\/index.php\/wieviel-pension-bekomme-ich\/#ausgleichszulage\"><strong>Ausgleichszulage<\/strong> (\u201eMindestpension\u201c)<\/a> bekomme; [auch zu <a href=\"https:\/\/digmit.at\/index.php\/wieviel-pension-bekomme-ich\/\">Wie viel Pension bekomme ich?<\/a>]<br>&#8211; <strong>Asylwerber*in in der Grundversorgung<\/strong> bin;<br>&#8211; <strong>Zivildienst<\/strong> oder ein <strong>freiwilliges Sozialjahr<\/strong> mache.<br>Ich muss also keinen Antrag stellen.<\/p>\n\n\n\n<p><strong>Wenn ich weniger als <\/strong><strong><br><\/strong>&#8211; <strong>1.110,26 \u20ac alleine <\/strong>oder<br>&#8211; <strong>1.751,56 \u20ac zu zweit<\/strong> mit meinem*r Partner*in im gemeinsamen Haushalt (Stand: 2023)<br>verdiene, muss ich die <strong>Rezeptgeb\u00fchrenbefreiung <\/strong><strong>bei meiner Krankenkasse <\/strong><strong>beantragen<\/strong>.<\/p>\n\n\n\n<p>Wenn ich bei der <strong><a href=\"http:\/\/\u00d6GK\">\u00d6GK<\/a><\/strong> bin, kann ich den Antrag <a href=\"https:\/\/www.meineoegk.at\/gpmsv\/?contentid=10007.880829&amp;portal=meineoegkportal&amp;LO=1&amp;cat=2\">online stellen<\/a>, <a href=\"https:\/\/www.sozialversicherung.gv.at\/formgen\/?contentid=10007.881160&amp;portal=oegkportal&amp;layout=withoutNav\">online ausf\u00fcllen<\/a> oder <a href=\"https:\/\/www.sozialversicherung.at\/cdscontent\/load?contentid=10008.729415&amp;version=1586337941\">herunterladen<\/a> und per Post schicken an: \u00d6GK Wienerbergstra\u00dfe 15\u201319, 1100 Wien<\/p>\n\n\n\n<p><br>Wenn ich von der Rezeptgeb\u00fchr befreit bin, zahle ich auch <strong>keinen Selbstbehalt<\/strong>\/<strong>Kostenbeitrag<\/strong> f\u00fcr<\/p>\n\n\n\n<ul class=\"wp-block-list\">\n<li><strong>Krankenhaus<\/strong>aufenthalte<\/li>\n\n\n\n<li><strong>Reha<\/strong><\/li>\n\n\n\n<li><strong>Kur<\/strong><\/li>\n\n\n\n<li><strong>Heilbehelfe<\/strong> und <strong>Hilfsmittel<\/strong><\/li>\n\n\n\n<li><strong>Mitversicherung<\/strong><\/li>\n<\/ul>\n\n\n\n<p><br><\/p>\n\n\n\n<h2 class=\"wp-block-heading\"><a href=\"https:\/\/digmit.at\/index.php\/startseite\/gesundheit\/ich-bin-krank\/ich-bin-krank-und-bekomme-will-pflegegeld\/\"><strong>Pflegegeld<\/strong><\/a><\/h2>\n\n\n\n<p><strong>Wenn ich im Alltag Hilfe brauche<\/strong>, weil ich <strong>krank<\/strong> bin oder eine <strong>Behinderung<\/strong> habe, kann ich <strong>Pflegegeld<\/strong> bekommen.<\/p>\n","protected":false},"excerpt":{"rendered":"<p>Rezeptgeb\u00fchren-Befreiung F\u00fcr jedes Rezept, das ich in der Apotheke einl\u00f6se, muss ich eine Geb\u00fchr von 6,85 \u20ac bezahlen.Wenn ich nicht viel Geld habe, muss ich diese Rezeptgeb\u00fchr nicht bezahlen. Ich bin automatisch von der Rezeptgeb\u00fchr befreit, wenn ich&#8211; Mindestsicherung (\u201eSozialhilfe\u201c) bekomme;&#8211; Ausgleichszulage (\u201eMindestpension\u201c) bekomme; [auch zu Wie viel Pension bekomme ich?]&#8211; Asylwerber*in in der Grundversorgung [&hellip;]<\/p>\n","protected":false},"author":2,"featured_media":0,"parent":0,"menu_order":0,"comment_status":"closed","ping_status":"closed","template":"","meta":{"footnotes":""},"class_list":["post-4404","page","type-page","status-publish","hentry"],"_links":{"self":[{"href":"https:\/\/digmit.at\/index.php\/wp-json\/wp\/v2\/pages\/4404","targetHints":{"allow":["GET"]}}],"collection":[{"href":"https:\/\/digmit.at\/index.php\/wp-json\/wp\/v2\/pages"}],"about":[{"href":"https:\/\/digmit.at\/index.php\/wp-json\/wp\/v2\/types\/page"}],"author":[{"embeddable":true,"href":"https:\/\/digmit.at\/index.php\/wp-json\/wp\/v2\/users\/2"}],"replies":[{"embeddable":true,"href":"https:\/\/digmit.at\/index.php\/wp-json\/wp\/v2\/comments?post=4404"}],"version-history":[{"count":2,"href":"https:\/\/digmit.at\/index.php\/wp-json\/wp\/v2\/pages\/4404\/revisions"}],"predecessor-version":[{"id":4683,"href":"https:\/\/digmit.at\/index.php\/wp-json\/wp\/v2\/pages\/4404\/revisions\/4683"}],"wp:attachment":[{"href":"https:\/\/digmit.at\/index.php\/wp-json\/wp\/v2\/media?parent=4404"}],"curies":[{"name":"wp","href":"https:\/\/api.w.org\/{rel}","templated":true}]}}