{"id":4416,"date":"2023-11-22T01:35:08","date_gmt":"2023-11-22T01:35:08","guid":{"rendered":"https:\/\/digmit.at\/?page_id=4416"},"modified":"2023-11-22T01:35:08","modified_gmt":"2023-11-22T01:35:08","slug":"kulturpass","status":"publish","type":"page","link":"https:\/\/digmit.at\/index.php\/kulturpass\/","title":{"rendered":"Kulturpass"},"content":{"rendered":"\n<p><strong>Auch Menschen, die nicht so viel Geld haben, haben ein Recht auf Kunst und Kultur!<\/strong><br>Wenn ich<strong> nicht viel Geld<\/strong> habe, kann ich mit dem <a href=\"https:\/\/www.hungeraufkunstundkultur.at\/wien\">Kulturpass<\/a> viele <a href=\"https:\/\/www.hungeraufkunstundkultur.at\/jart\/prj3\/hakuk_ci\/data\/uploads\/HakukListederKulturpartner_2022-12-07_1012601.pdf\"><strong>Kunst<\/strong>&#8211;<strong> und Kulturangebote<\/strong><\/a> <strong>gratis<\/strong> nutzen.<br>Ich kann gratis in viele Ausstellungen, Museen und ins Theater gehen; ich kann mir Sehensw\u00fcrdigkeiten anschauen und Festivals besuchen. In manchen Kinos gibt es kostenlose Tickets f\u00fcr Menschen mit Kulturpass. Es gibt auch Gratis-Angebote f\u00fcr Kinder und Jugendliche.<\/p>\n\n\n\n<p><br><strong>Ich kann einen Kulturpass bekommen, wenn ich<\/strong><\/p>\n\n\n\n<ul class=\"wp-block-list\">\n<li><a href=\"https:\/\/digmit.at\/index.php\/wiener-mindestsicherung-sozialhilfe\/\" data-type=\"page\" data-id=\"4287\"><strong>Mindestsicherung<\/strong> (\u201eSozialhilfe\u201c)<\/a> bekomme<\/li>\n\n\n\n<li><a href=\"https:\/\/digmit.at\/index.php\/wieviel-pension-bekomme-ich\/#ausgleichszulage\"><strong>Ausgleichszulage<\/strong> (\u201eMindestpension\u201c)<\/a> bekomme<\/li>\n\n\n\n<li>mein <strong>Haushaltseinkommen unter der Armutsgef\u00e4hrdungsgrenze<\/strong> (2022: <strong>1.392 \u20ac pro Monat<\/strong> oder <strong>46,40 \u20ac pro Tag<\/strong>) liegt<\/li>\n\n\n\n<li><strong><a href=\"https:\/\/digmit.at\/index.php\/startseite\/zeit-geld\/arbeitslosengeld-notstand\/arbeitslosengeld\/\" data-type=\"page\" data-id=\"402\">Arbeitslosengeld<\/a><\/strong>, <strong><a href=\"https:\/\/digmit.at\/index.php\/notstandshilfe\/\" data-type=\"page\" data-id=\"4264\">Notstandshilfe<\/a><\/strong> oder <strong>Krankengeld<\/strong> bekomme und der <strong>Tagsatz unter 46,40 \u20ac<\/strong> liegt<\/li>\n\n\n\n<li><strong>Asylwerber*in<\/strong> bin \/ <strong>in der Grundversorgung<\/strong> bin<\/li>\n\n\n\n<li><strong>selbstst\u00e4ndig<\/strong> bin und <strong>unter 16.706 \u20ac pro Jahr<\/strong> verdiene<\/li>\n<\/ul>\n\n\n\n<p><br><strong>Hier bekomme ich den Kulturpass:<\/strong><\/p>\n\n\n\n<ul class=\"wp-block-list\">\n<li><a href=\"https:\/\/www.hungeraufkunstundkultur.at\/jart\/prj3\/hakuk_ci\/main.jart?content-id=1643627120592&amp;rel=de&amp;kategorie_typ_id=1486673911057&amp;kategorien_id=1181926269524&amp;reserve-mode=active\"><strong>Nachbarschaftszentren des Wiener Hilfswerk<\/strong><br><\/a>f\u00fcr alle, aber nicht f\u00fcr Personen, die Arbeitslosengeld oder Notstandshilfe beziehen<br>Ich brauche einen Termin.<\/li>\n\n\n\n<li><a href=\"https:\/\/www.hungeraufkunstundkultur.at\/jart\/prj3\/hakuk_ci\/main.jart?content-id=1643627120592&amp;rel=de&amp;kategorie_typ_id=1486673911057&amp;kategorien_id=1181926269526&amp;reserve-mode=active\">Sozialzentren der Stadt Wien (<strong>MA 40<\/strong>)<\/a><br>wenn ich Mindestsicherung bekomme<\/li>\n\n\n\n<li><strong>AMS<\/strong>-Landesgesch\u00e4ftsstelle, Ungargasse 37, 1030 Wien<br>wenn ich Arbeitslosengeld oder Notstandshilfe bekomme<br>Mail an <a href=\"mailto:ams.wien@ams.at\">ams.wien@ams.at<\/a> mit Namen und Sozialversicherungsnummer<\/li>\n\n\n\n<li><a href=\"https:\/\/www.hungeraufkunstundkultur.at\/jart\/prj3\/hakuk_ci\/main.jart?content-id=1643627120592&amp;rel=de&amp;kategorie_typ_id=1486673911057&amp;kategorien_id=1493046357074&amp;reserve-mode=active\"><strong>Kurs- und Projekttr\u00e4ger des AMS<\/strong><\/a><br>wenn ich arbeitslos bin oder Notstandshilfe bekomme<\/li>\n\n\n\n<li>in verschiedenen <strong>Hilfsorganisationen<\/strong> und <strong>NGOs<\/strong><\/li>\n<\/ul>\n","protected":false},"excerpt":{"rendered":"<p>Auch Menschen, die nicht so viel Geld haben, haben ein Recht auf Kunst und Kultur!Wenn ich nicht viel Geld habe, kann ich mit dem Kulturpass viele Kunst&#8211; und Kulturangebote gratis nutzen.Ich kann gratis in viele Ausstellungen, Museen und ins Theater gehen; ich kann mir Sehensw\u00fcrdigkeiten anschauen und Festivals besuchen. In manchen Kinos gibt es kostenlose [&hellip;]<\/p>\n","protected":false},"author":2,"featured_media":0,"parent":0,"menu_order":0,"comment_status":"closed","ping_status":"closed","template":"","meta":{"footnotes":""},"class_list":["post-4416","page","type-page","status-publish","hentry"],"_links":{"self":[{"href":"https:\/\/digmit.at\/index.php\/wp-json\/wp\/v2\/pages\/4416","targetHints":{"allow":["GET"]}}],"collection":[{"href":"https:\/\/digmit.at\/index.php\/wp-json\/wp\/v2\/pages"}],"about":[{"href":"https:\/\/digmit.at\/index.php\/wp-json\/wp\/v2\/types\/page"}],"author":[{"embeddable":true,"href":"https:\/\/digmit.at\/index.php\/wp-json\/wp\/v2\/users\/2"}],"replies":[{"embeddable":true,"href":"https:\/\/digmit.at\/index.php\/wp-json\/wp\/v2\/comments?post=4416"}],"version-history":[{"count":1,"href":"https:\/\/digmit.at\/index.php\/wp-json\/wp\/v2\/pages\/4416\/revisions"}],"predecessor-version":[{"id":4417,"href":"https:\/\/digmit.at\/index.php\/wp-json\/wp\/v2\/pages\/4416\/revisions\/4417"}],"wp:attachment":[{"href":"https:\/\/digmit.at\/index.php\/wp-json\/wp\/v2\/media?parent=4416"}],"curies":[{"name":"wp","href":"https:\/\/api.w.org\/{rel}","templated":true}]}}