{"id":4425,"date":"2023-11-22T01:39:49","date_gmt":"2023-11-22T01:39:49","guid":{"rendered":"https:\/\/digmit.at\/?page_id=4425"},"modified":"2023-11-22T01:39:49","modified_gmt":"2023-11-22T01:39:49","slug":"sozialmarkte-gunstig-einkaufen","status":"publish","type":"page","link":"https:\/\/digmit.at\/index.php\/sozialmarkte-gunstig-einkaufen\/","title":{"rendered":"Sozialm\u00e4rkte &amp; g\u00fcnstig einkaufen"},"content":{"rendered":"\n<p>In <a href=\"https:\/\/www.wien.gv.at\/sozialinfo\/content\/de\/10\/SearchResults.do?keyword=Sozialm%C3%A4rkte\">Sozialm\u00e4rkten<\/a> k\u00f6nnen <strong>Menschen, die wenig Geld haben<\/strong>, <strong>g\u00fcnstig einkaufen<\/strong>.<\/p>\n\n\n\n<p>Hier ein paar Sozialm\u00e4rkte:<\/p>\n\n\n\n<p>In den <a href=\"https:\/\/www.hilfswerk.at\/wien\/soma-sozialmaerkte\/sozialoekonomischer-betrieb\/soma-sozialmaerkte?gclid=CjwKCAjw7oeqBhBwEiwALyHLM8Cn8xhLJiYFdFGLOmcXAWTzOo1QdCFQlKPhTcmp-z3Yvzt72WHfDRoCZq0QAvD_BwE\"><strong>SOMA-Sozialm\u00e4rkte<\/strong>n<\/a> des Wiener Hilfswerks d\u00fcrfen Personen einkaufen, die pro Monat maximal so viel Geld haben:<br>&#8211; als Einzelperson: \u20ac 1.392,- (12 x im Jahr) oder \u20ac 1.193,- (14 x im Jahr)<br>&#8211; als Paar: \u20ac 2.088,- (12 x im Jahr) oder \u20ac 1.790,- (14 x im Jahr)<br>&#8211; pro Kind: plus \u20ac 418,- (12 x im Jahr) oder plus \u20ac 358,- (14 x im Jahr)<br>&#8211; pro weiterer erwachsener Person: plus \u20ac 696,- (12 x im Jahr) oder plus \u20ac 597,- (14 x im Jahr)<\/p>\n\n\n\n<p>Ich kann die <strong>SOMA-Karte<\/strong> <a href=\"https:\/\/www.hilfswerk.at\/wien\/soma-sozialmaerkte\/sozialoekonomischer-betrieb\/antrag-soma-karte\/\">online<\/a> oder in einem <a href=\"https:\/\/www.hilfswerk.at\/wien\/nachbarschaftszentren\/ueber-die-nachbarschaftszentren\/\">Nachbarschaftszentrum des Wiener Hilfswerks<\/a> beantragen. Wenn ich in ein Nachbarschaftszentrum gehen m\u00f6chte, brauche ich einen Termin.&nbsp;<\/p>\n\n\n\n<p><br>Bei einem <a href=\"http:\/\/www.sozialmarkt.com\"><strong>Sozialmarkt Wien<\/strong><\/a> k\u00f6nnen Menschen mit geringerem Einkommen und Studierende einkaufen.<br>Ich darf dort einkaufen, wenn ich maximal 1.259 \u20ac pro Monat habe (plus 377 \u20ac pro Kind).<\/p>\n\n\n\n<p>Ich kann pro Woche um maximal 35 \u20ac einkaufen.<\/p>\n\n\n\n<p>Menschen mit geringem Einkommen k\u00f6nnen auch in einer der <a href=\"https:\/\/www.verein-startup.at\/Verein-START-UP\/Mitglied-werden\/\"><strong>FOODPOINT<\/strong><\/a>-Filialen einkaufen.<br>Es gibt keine fixen Einkommensgrenzen.<\/p>\n\n\n\n<p><br>Bei <a href=\"https:\/\/www.caritas-leo.at\/\"><strong>Le+O<\/strong><\/a> von der Caritas bekommen Menschen, die von Armut betroffen sind, Essenspakete f\u00fcr wenig Geld.\u00a0<\/p>\n\n\n\n<p>F\u00fcr Haushalte mit 1 bis 2 Personen kostet ein Paket 4 \u20ac; f\u00fcr Haushalte mit mehreren Personen gibt es 2 Pakete f\u00fcr 6 \u20ac.&nbsp;<\/p>\n\n\n\n<p>Ich muss mich zuerst als Le+O-Gast registrieren und kann dann die Pakete bei einer <a href=\"https:\/\/www.caritas-leo.at\/unsere-hilfe\/ausgabestellen\">Ausgabestelle<\/a> abholen.<\/p>\n\n\n\n<p>Es gibt auch kostenlose Beratung.<\/p>\n\n\n\n<p><br>Im <a href=\"https:\/\/verein-mut.eu\/familienhilfe\/\"><strong>Tante Nele Laden<\/strong><\/a> gibt es <strong>kostenlose<\/strong> Lebensmittel, Hygieneartikel und Babyprodukte f\u00fcr Menschen, die es sich sonst nicht leisten k\u00f6nnen.<br>Ich brauche eine <a href=\"https:\/\/verein-mut.eu\/lebensmittel\/mut-karte\/\">MUT-Karte<\/a>.<\/p>\n\n\n\n<p>Adresse: \u200b\u200b1040 Wien, Rechte Wienzeile 37<\/p>\n\n\n\n<p><br>Im <a href=\"https:\/\/www.diakonie.at\/unsere-angebote-und-einrichtungen\/maba-mama-baby-sozialraum\"><strong>MaBa-Laden<\/strong><\/a> des Mama-Baby-Sozialraums der Diakonie finden <strong>M\u00fctter und Schwangere<\/strong> viele <strong>Baby- und Frauenprodukte<\/strong> zu g\u00fcnstigen Preisen. Es gibt Kleidung, Pflege- und Hygieneprodukte, Babynahrung und Ausstattung, Spielwaren und B\u00fccher.<\/p>\n\n\n\n<p>Adresse: Nobilegasse 23, Erdgescho\u00df, 1150 Wien<\/p>\n\n\n\n<p><br>Mit der <a href=\"https:\/\/www.toogoodtogo.com\/de-at\"><strong>Too good to go<\/strong><\/a><strong>-App<\/strong> bekomme ich <strong>Lebensmittel und Essen<\/strong> aus Superm\u00e4rkten, B\u00e4ckereien und Restaurants um<strong> \u2153 des normalen Preises<\/strong>.<br>So kann ich Lebensmittel retten, die sonst weggeworfen werden w\u00fcrden, und tue so auch etwas Gutes f\u00fcr die Umwelt.<\/p>\n","protected":false},"excerpt":{"rendered":"<p>In Sozialm\u00e4rkten k\u00f6nnen Menschen, die wenig Geld haben, g\u00fcnstig einkaufen. Hier ein paar Sozialm\u00e4rkte: In den SOMA-Sozialm\u00e4rkten des Wiener Hilfswerks d\u00fcrfen Personen einkaufen, die pro Monat maximal so viel Geld haben:&#8211; als Einzelperson: \u20ac 1.392,- (12 x im Jahr) oder \u20ac 1.193,- (14 x im Jahr)&#8211; als Paar: \u20ac 2.088,- (12 x im Jahr) oder [&hellip;]<\/p>\n","protected":false},"author":2,"featured_media":0,"parent":0,"menu_order":0,"comment_status":"closed","ping_status":"closed","template":"","meta":{"footnotes":""},"class_list":["post-4425","page","type-page","status-publish","hentry"],"_links":{"self":[{"href":"https:\/\/digmit.at\/index.php\/wp-json\/wp\/v2\/pages\/4425","targetHints":{"allow":["GET"]}}],"collection":[{"href":"https:\/\/digmit.at\/index.php\/wp-json\/wp\/v2\/pages"}],"about":[{"href":"https:\/\/digmit.at\/index.php\/wp-json\/wp\/v2\/types\/page"}],"author":[{"embeddable":true,"href":"https:\/\/digmit.at\/index.php\/wp-json\/wp\/v2\/users\/2"}],"replies":[{"embeddable":true,"href":"https:\/\/digmit.at\/index.php\/wp-json\/wp\/v2\/comments?post=4425"}],"version-history":[{"count":1,"href":"https:\/\/digmit.at\/index.php\/wp-json\/wp\/v2\/pages\/4425\/revisions"}],"predecessor-version":[{"id":4426,"href":"https:\/\/digmit.at\/index.php\/wp-json\/wp\/v2\/pages\/4425\/revisions\/4426"}],"wp:attachment":[{"href":"https:\/\/digmit.at\/index.php\/wp-json\/wp\/v2\/media?parent=4425"}],"curies":[{"name":"wp","href":"https:\/\/api.w.org\/{rel}","templated":true}]}}