{"id":52,"date":"2020-10-23T19:10:29","date_gmt":"2020-10-23T19:10:29","guid":{"rendered":"https:\/\/digmit.tantemalkah.at\/?page_id=52"},"modified":"2021-11-09T17:05:41","modified_gmt":"2021-11-09T17:05:41","slug":"impressum-datenschutz","status":"publish","type":"page","link":"https:\/\/digmit.at\/index.php\/impressum-datenschutz\/","title":{"rendered":"Impressum"},"content":{"rendered":"\n<p>LEF\u00d6 \u2013 Beratung, Bildung und Begleitung f\u00fcr Migrantinnen*<\/p>\n\n\n\n<p>Kettenbr\u00fcckengasse 15\/II\/4<br>A-1050 Wien<br><strong>Telefon:<\/strong> +43.1.5811881<br><strong>Fax:<\/strong> +43. 1.5811881-14<br><strong>E-Mail:<\/strong> <a href=\"mailto:office@lefoe.at\">office@lefoe.at<\/a><\/p>\n\n\n\n<p>ZVR-Zahl: 893710788<\/p>\n\n\n\n<p>Diese Website geh\u00f6rt zum <em>dig_mit!<\/em> Projekt, dessen Haupttr\u00e4gerin LEF\u00d6 ist. F\u00fcr ausf\u00fchrlichere Impressums-Angaben besuchen Sie bitte die <a href=\"https:\/\/lefoe.at\/impressum\/\">Impressum-Seite der LEF\u00d6-Website<\/a>.<\/p>\n","protected":false},"excerpt":{"rendered":"<p>LEF\u00d6 \u2013 Beratung, Bildung und Begleitung f\u00fcr Migrantinnen* Kettenbr\u00fcckengasse 15\/II\/4A-1050 WienTelefon: +43.1.5811881Fax: +43. 1.5811881-14E-Mail: office@lefoe.at ZVR-Zahl: 893710788 Diese Website geh\u00f6rt zum dig_mit! Projekt, dessen Haupttr\u00e4gerin LEF\u00d6 ist. F\u00fcr ausf\u00fchrlichere Impressums-Angaben besuchen Sie bitte die Impressum-Seite der LEF\u00d6-Website.<\/p>\n","protected":false},"author":1,"featured_media":0,"parent":0,"menu_order":0,"comment_status":"closed","ping_status":"closed","template":"","meta":{"footnotes":""},"class_list":["post-52","page","type-page","status-publish","hentry"],"_links":{"self":[{"href":"https:\/\/digmit.at\/index.php\/wp-json\/wp\/v2\/pages\/52","targetHints":{"allow":["GET"]}}],"collection":[{"href":"https:\/\/digmit.at\/index.php\/wp-json\/wp\/v2\/pages"}],"about":[{"href":"https:\/\/digmit.at\/index.php\/wp-json\/wp\/v2\/types\/page"}],"author":[{"embeddable":true,"href":"https:\/\/digmit.at\/index.php\/wp-json\/wp\/v2\/users\/1"}],"replies":[{"embeddable":true,"href":"https:\/\/digmit.at\/index.php\/wp-json\/wp\/v2\/comments?post=52"}],"version-history":[{"count":5,"href":"https:\/\/digmit.at\/index.php\/wp-json\/wp\/v2\/pages\/52\/revisions"}],"predecessor-version":[{"id":1295,"href":"https:\/\/digmit.at\/index.php\/wp-json\/wp\/v2\/pages\/52\/revisions\/1295"}],"wp:attachment":[{"href":"https:\/\/digmit.at\/index.php\/wp-json\/wp\/v2\/media?parent=52"}],"curies":[{"name":"wp","href":"https:\/\/api.w.org\/{rel}","templated":true}]}}