{"id":548,"date":"2020-12-13T16:01:24","date_gmt":"2020-12-13T16:01:24","guid":{"rendered":"https:\/\/digmit.tantemalkah.at\/?page_id=548"},"modified":"2023-11-19T15:39:26","modified_gmt":"2023-11-19T15:39:26","slug":"stress-stress-stress","status":"publish","type":"page","link":"https:\/\/digmit.at\/index.php\/startseite\/gesundheit\/ich-suche-eine-n-arztin\/psychotherapie-psychologische-beratung\/stress-stress-stress\/","title":{"rendered":"Stress Stress Stress"},"content":{"rendered":"\n<p>Viele Menschen haben viel <strong>Stress<\/strong> \u2013 in ihrem <strong>Privatleben<\/strong> oder\/und in der <strong>Arbeit<\/strong>.<\/p>\n\n\n\n<p><strong>Am Arbeitsplatz<\/strong> m\u00fcssen Arbeitnehmer*innen oft unter <strong>Zeitdruck<\/strong> arbeiten, m\u00fcssen <strong>zu viel in zu kurzer Zeit<\/strong> machen oder m\u00fcssen immer erreichbar und flexibel sein. Manchmal gibt es keine klaren Grenzen zwischen Arbeit und Freizeit.<\/p>\n\n\n\n<p><strong>Frauen* und besonders Migrantinnen*<\/strong> arbeiten oft in <strong>Berufe<\/strong>n, die sehr <strong>anstrengend<\/strong> und <strong>schlecht bezahlt<\/strong> sind, zum Beispiel in der Pflege, im Handel\/Verkauf, im Dienstleistungsbereich oder in der Reinigung. <\/p>\n\n\n\n<p>Au\u00dferdem werden <strong>Migrant*innen<\/strong> in \u00d6sterreich <strong>diskriminiert<\/strong> (auch am Arbeitsmarkt), m\u00fcssen sich um ihren <strong>Aufenthalt<\/strong>sstatus (Visum) sorgen, m\u00fcssen <strong>Deutsch<\/strong> lernen und Pr\u00fcfungen machen und vieles mehr.<br><br><\/p>\n\n\n\n<p>Neben der <strong>Lohnarbeit<\/strong> (= bezahlte Arbeit) machen <strong>Frauen*<\/strong> immer noch sehr oft den <strong>Haushalt<\/strong> und erziehen und betreuen die <strong>Kinder<\/strong>. Auch Hausarbeit und Kindererziehung k\u00f6nnen <strong>anstrengend<\/strong> sein.<\/p>\n\n\n\n<p>Da bleibt wenig oder gar <strong>keine freie Zeit<\/strong>, sich zu entspannen und zu erholen. <\/p>\n\n\n\n<p>Das alles macht <strong><a href=\"https:\/\/digmit.at\/index.php\/startseite\/gesundheit\/ich-suche-eine-n-arztin\/psychotherapie-psychologische-beratung\/stress-stress-stress\/\">Stress<\/a><\/strong>, und <strong>Stress <\/strong>ist <strong>schlecht f\u00fcr die Gesundheit<\/strong>. <\/p>\n\n\n\n<p>Zu viel Stress kann zu <strong>k\u00f6rperlichen <\/strong>und auch zu<strong> <a href=\"https:\/\/digmit.at\/index.php\/startseite\/gesundheit\/ich-suche-eine-n-arztin\/psychotherapie-psychologische-beratung\/psychische-gesundheit\/\" data-type=\"page\" data-id=\"546\">psychischen Problemen<\/a> und Krankheiten<\/strong> f\u00fchren. <\/p>\n","protected":false},"excerpt":{"rendered":"<p>Viele Menschen haben viel Stress \u2013 in ihrem Privatleben oder\/und in der Arbeit. Am Arbeitsplatz m\u00fcssen Arbeitnehmer*innen oft unter Zeitdruck arbeiten, m\u00fcssen zu viel in zu kurzer Zeit machen oder m\u00fcssen immer erreichbar und flexibel sein. Manchmal gibt es keine klaren Grenzen zwischen Arbeit und Freizeit. Frauen* und besonders Migrantinnen* arbeiten oft in Berufen, die [&hellip;]<\/p>\n","protected":false},"author":2,"featured_media":0,"parent":544,"menu_order":0,"comment_status":"closed","ping_status":"closed","template":"","meta":{"footnotes":""},"class_list":["post-548","page","type-page","status-publish","hentry"],"_links":{"self":[{"href":"https:\/\/digmit.at\/index.php\/wp-json\/wp\/v2\/pages\/548","targetHints":{"allow":["GET"]}}],"collection":[{"href":"https:\/\/digmit.at\/index.php\/wp-json\/wp\/v2\/pages"}],"about":[{"href":"https:\/\/digmit.at\/index.php\/wp-json\/wp\/v2\/types\/page"}],"author":[{"embeddable":true,"href":"https:\/\/digmit.at\/index.php\/wp-json\/wp\/v2\/users\/2"}],"replies":[{"embeddable":true,"href":"https:\/\/digmit.at\/index.php\/wp-json\/wp\/v2\/comments?post=548"}],"version-history":[{"count":7,"href":"https:\/\/digmit.at\/index.php\/wp-json\/wp\/v2\/pages\/548\/revisions"}],"predecessor-version":[{"id":4064,"href":"https:\/\/digmit.at\/index.php\/wp-json\/wp\/v2\/pages\/548\/revisions\/4064"}],"up":[{"embeddable":true,"href":"https:\/\/digmit.at\/index.php\/wp-json\/wp\/v2\/pages\/544"}],"wp:attachment":[{"href":"https:\/\/digmit.at\/index.php\/wp-json\/wp\/v2\/media?parent=548"}],"curies":[{"name":"wp","href":"https:\/\/api.w.org\/{rel}","templated":true}]}}