{"id":568,"date":"2020-12-13T17:03:44","date_gmt":"2020-12-13T17:03:44","guid":{"rendered":"https:\/\/digmit.tantemalkah.at\/?page_id=568"},"modified":"2024-01-21T11:04:50","modified_gmt":"2024-01-21T11:04:50","slug":"arbeitszeit-gesundheit","status":"publish","type":"page","link":"https:\/\/digmit.at\/index.php\/startseite\/gesundheit\/arbeiten-gesund-bleiben\/arbeitszeit-gesundheit\/","title":{"rendered":"Arbeitszeit &#038; Gesundheit"},"content":{"rendered":"\n<p><strong>Zu langes Arbeiten ist schlecht f\u00fcr die Gesundheit.<\/strong><\/p>\n\n\n\n<p>Wenn es geht, sollte ich nur so viel arbeiten, dass ich m\u00f6glichst gesund bleibe.<\/p>\n\n\n\n<p>Das bedeutet, dass ich das Recht habe, w\u00e4hrend meiner Arbeit <strong><a href=\"https:\/\/digmit.at\/index.php\/pausen\/\">Pausen<\/a><\/strong> zu machen.<\/p>\n\n\n\n<p>Ich habe auch das Recht auf <strong>Erholung<\/strong> und <strong>Freizeit<\/strong>.<\/p>\n\n\n\n<p>Neben der Arbeit brauche ich auch Zeit f\u00fcr mich, andere Personen (Familie, Freund*innen) und andere T\u00e4tigkeiten (Hausarbeit, Kindererziehung, Freizeitbesch\u00e4ftigungen\/Hobbys\u2026) (Work-Life-Balance).<\/p>\n\n\n\n<p>Neben der Lohnarbeit auch Zeit f\u00fcr Arbeit zu Hause und\/oder f\u00fcr die Familie zu haben, ist ein sehr wichtiges Thema, besonders f\u00fcr Frauen*. <\/p>\n\n\n\n<p><strong>Frauen* arbeiten<\/strong> h\u00e4ufig insgesamt <strong>mehr<\/strong>, weil sie oft auch im <strong>Haushalt<\/strong> arbeiten und <strong>Kinder<\/strong> erziehen und betreuen. Diese Arbeit im Haushalt und in der Kindererziehung machen zum gro\u00dfen Teil immer noch die Frauen*. <\/p>\n\n\n\n<p>Diese Arbeit braucht viel Zeit. Viele Frauen* arbeiten deshalb nur <strong>Teilzeit<\/strong> und nicht Vollzeit. <\/p>\n\n\n\n<p>Dadurch <strong>verdienen<\/strong> Frauen* oft <strong>weniger<\/strong> und bekommen <strong><a href=\"https:\/\/digmit.at\/index.php\/gender-pay-gap-gender-pension-gap\/\">weniger Pension<\/a><\/strong>.<\/p>\n\n\n\n<p>Zu langes Arbeiten, zu wenige Pausen und zu wenig Erholung kann zum <strong><a href=\"https:\/\/www.arbeiterkammer.at\/beratung\/ArbeitundGesundheit\/psychischebelastungen\/Burnout_bei_der_Arbeit.html\">Burnout<\/a> <\/strong>f\u00fchren.<br><br><\/p>\n\n\n\n<p>Die <strong>Normalarbeitszeit<\/strong> zu verk\u00fcrzen und <strong>\u00dcberstunden<\/strong> bezahlt zu bekommen, war und ist ein wichtiges Thema, f\u00fcr das Arbeitnehmer*innenvertretungen (Gewerkschaften, Arbeiterkammer) k\u00e4mpfen. <br>Seit 2018 gibt es ein neues Gesetz, das den <strong><u><a href=\"https:\/\/ooe.arbeiterkammer.at\/interessenvertretung\/arbeitswelt\/arbeitszeit\/12-Stunden-Tag_macht_krank_und_unzufrieden.html\">12-Stunden-Tag<\/a><\/u><\/strong> erlaubt. Das ist negativ f\u00fcr die Arbeitnehmer*innen und ihre Gesundheit.<\/p>\n","protected":false},"excerpt":{"rendered":"<p>Zu langes Arbeiten ist schlecht f\u00fcr die Gesundheit. Wenn es geht, sollte ich nur so viel arbeiten, dass ich m\u00f6glichst gesund bleibe. Das bedeutet, dass ich das Recht habe, w\u00e4hrend meiner Arbeit Pausen zu machen. Ich habe auch das Recht auf Erholung und Freizeit. Neben der Arbeit brauche ich auch Zeit f\u00fcr mich, andere Personen [&hellip;]<\/p>\n","protected":false},"author":2,"featured_media":0,"parent":131,"menu_order":0,"comment_status":"closed","ping_status":"closed","template":"","meta":{"footnotes":""},"class_list":["post-568","page","type-page","status-publish","hentry"],"_links":{"self":[{"href":"https:\/\/digmit.at\/index.php\/wp-json\/wp\/v2\/pages\/568","targetHints":{"allow":["GET"]}}],"collection":[{"href":"https:\/\/digmit.at\/index.php\/wp-json\/wp\/v2\/pages"}],"about":[{"href":"https:\/\/digmit.at\/index.php\/wp-json\/wp\/v2\/types\/page"}],"author":[{"embeddable":true,"href":"https:\/\/digmit.at\/index.php\/wp-json\/wp\/v2\/users\/2"}],"replies":[{"embeddable":true,"href":"https:\/\/digmit.at\/index.php\/wp-json\/wp\/v2\/comments?post=568"}],"version-history":[{"count":11,"href":"https:\/\/digmit.at\/index.php\/wp-json\/wp\/v2\/pages\/568\/revisions"}],"predecessor-version":[{"id":4656,"href":"https:\/\/digmit.at\/index.php\/wp-json\/wp\/v2\/pages\/568\/revisions\/4656"}],"up":[{"embeddable":true,"href":"https:\/\/digmit.at\/index.php\/wp-json\/wp\/v2\/pages\/131"}],"wp:attachment":[{"href":"https:\/\/digmit.at\/index.php\/wp-json\/wp\/v2\/media?parent=568"}],"curies":[{"name":"wp","href":"https:\/\/api.w.org\/{rel}","templated":true}]}}