{"id":579,"date":"2020-12-13T17:21:33","date_gmt":"2020-12-13T17:21:33","guid":{"rendered":"https:\/\/digmit.tantemalkah.at\/?page_id=579"},"modified":"2023-11-19T15:42:36","modified_gmt":"2023-11-19T15:42:36","slug":"lohnarbeit_hausarbeit_kindererziehung","status":"publish","type":"page","link":"https:\/\/digmit.at\/index.php\/startseite\/gesundheit\/arbeiten-gesund-bleiben\/frauenarbeit_frauengesundheit\/lohnarbeit_hausarbeit_kindererziehung\/","title":{"rendered":"Lohnarbeit_Hausarbeit_Kindererziehung"},"content":{"rendered":"\n<p>Frauen* arbeiten oft in der Pflege, im Handel\/Verkauf, im Dienstleistungsbereich, in der Reinigung und im Sozialbereich (Bildung und Betreuung). <br>Diese <strong>Berufe<\/strong> sind oft sehr <strong>anstrengend<\/strong> und <strong>schlecht bezahlt<\/strong>. <\/p>\n\n\n\n<p>Neben der <strong>Lohnarbeit<\/strong> (= bezahlte Arbeit) machen immer noch vor allem <strong>Frauen*<\/strong> den <strong>Haushalt<\/strong>, erziehen und betreuen die <strong>Kinder<\/strong> und\/oder k\u00fcmmern sich um <strong>Angeh\u00f6rige<\/strong> (= <strong>unbezahlte Arbeit<\/strong>).<\/p>\n\n\n\n<p>Deshalb haben sehr wenig oder gar <strong>keine freie Zeit<\/strong> f\u00fcr sich selbst; sie haben keine Zeit, sich zu entspannen oder etwas f\u00fcr sich und f\u00fcr ihre Gesundheit zu tun.<\/p>\n\n\n\n<p>Da es <strong>nicht genug Kinderbetreuungsm\u00f6glichkeiten<\/strong> gibt, sind es oft Frauen*, die ihre Kinder betreuen m\u00fcssen.<\/p>\n\n\n\n<p>Viele Frauen* arbeiten deshalb nur <strong>Teilzeit<\/strong> und nicht Vollzeit, weshalb sie auch weniger verdienen und viel <strong><a href=\"https:\/\/digmit.at\/index.php\/gender-pay-gap-gender-pension-gap\/\">weniger Pension<\/a><\/strong> als M\u00e4nner bekommen.<\/p>\n\n\n\n<p>Auch <strong>Hausarbeit und Kindererziehung<\/strong> k\u00f6nnen <strong>anstrengend<\/strong> sein; sie haben keinen Anfang und kein Ende, und vieles muss gleichzeitig gemacht werden.<\/p>\n\n\n\n<p>Hausarbeit und Kindererziehung sind au\u00dferdem <strong>nicht bezahlt<\/strong> und werden als <strong>nicht so wichtig<\/strong> angesehen wie Lohnarbeit.<\/p>\n\n\n\n<p>Das macht <strong><a href=\"https:\/\/digmit.at\/index.php\/startseite\/gesundheit\/ich-suche-eine-n-arztin\/psychotherapie-psychologische-beratung\/stress-stress-stress\/\">Stress<\/a><\/strong>, und Stress ist <strong>schlecht f\u00fcr die Gesundheit<\/strong>. <br>Zu viel Stress kann zu <strong>k\u00f6rperlichen und <a href=\"https:\/\/digmit.at\/index.php\/startseite\/gesundheit\/ich-suche-eine-n-arztin\/psychotherapie-psychologische-beratung\/psychische-gesundheit\/\" data-type=\"page\" data-id=\"546\">psychischen Problemen<\/a> und Krankheiten<\/strong> f\u00fchren, zum Beispiel zu \u00dcbergewicht, Bluthochdruck, Diabetes, Erkrankungen des Bewegungsapparats, psychosomatischen Beschwerden, Depressionen und vielem mehr.<\/p>\n","protected":false},"excerpt":{"rendered":"<p>Frauen* arbeiten oft in der Pflege, im Handel\/Verkauf, im Dienstleistungsbereich, in der Reinigung und im Sozialbereich (Bildung und Betreuung). Diese Berufe sind oft sehr anstrengend und schlecht bezahlt. Neben der Lohnarbeit (= bezahlte Arbeit) machen immer noch vor allem Frauen* den Haushalt, erziehen und betreuen die Kinder und\/oder k\u00fcmmern sich um Angeh\u00f6rige (= unbezahlte Arbeit). [&hellip;]<\/p>\n","protected":false},"author":2,"featured_media":0,"parent":576,"menu_order":0,"comment_status":"closed","ping_status":"closed","template":"","meta":{"footnotes":""},"class_list":["post-579","page","type-page","status-publish","hentry"],"_links":{"self":[{"href":"https:\/\/digmit.at\/index.php\/wp-json\/wp\/v2\/pages\/579","targetHints":{"allow":["GET"]}}],"collection":[{"href":"https:\/\/digmit.at\/index.php\/wp-json\/wp\/v2\/pages"}],"about":[{"href":"https:\/\/digmit.at\/index.php\/wp-json\/wp\/v2\/types\/page"}],"author":[{"embeddable":true,"href":"https:\/\/digmit.at\/index.php\/wp-json\/wp\/v2\/users\/2"}],"replies":[{"embeddable":true,"href":"https:\/\/digmit.at\/index.php\/wp-json\/wp\/v2\/comments?post=579"}],"version-history":[{"count":10,"href":"https:\/\/digmit.at\/index.php\/wp-json\/wp\/v2\/pages\/579\/revisions"}],"predecessor-version":[{"id":4067,"href":"https:\/\/digmit.at\/index.php\/wp-json\/wp\/v2\/pages\/579\/revisions\/4067"}],"up":[{"embeddable":true,"href":"https:\/\/digmit.at\/index.php\/wp-json\/wp\/v2\/pages\/576"}],"wp:attachment":[{"href":"https:\/\/digmit.at\/index.php\/wp-json\/wp\/v2\/media?parent=579"}],"curies":[{"name":"wp","href":"https:\/\/api.w.org\/{rel}","templated":true}]}}