{"id":58,"date":"2020-10-23T19:14:11","date_gmt":"2020-10-23T19:14:11","guid":{"rendered":"https:\/\/digmit.tantemalkah.at\/?page_id=58"},"modified":"2021-11-09T16:38:32","modified_gmt":"2021-11-09T16:38:32","slug":"datenschutz","status":"publish","type":"page","link":"https:\/\/digmit.at\/index.php\/datenschutz\/","title":{"rendered":"Datenschutz"},"content":{"rendered":"\n<p>Der Schutz von pers\u00f6nlichen Daten ist uns ein gro\u00dfes Anliegen. Wir verarbeiten die Daten ausschlie\u00dflich auf Grundlage der gesetzlichen Bestimmungen. Die vorliegende Ekl\u00e4rung zum Datenschutz bezieht sich auf die Website digmit.at sowie Kommunikation im Zusammenhang mit dem <em>dig_mit!<\/em> Projekt. \u00dcber weitergehende Datenschutzbestimmungen von LEF\u00d6 als Projekttr\u00e4gerin, besuchen Sie bitte die <a href=\"https:\/\/lefoe.at\/datenschutz\/\">LEF\u00d6-Datenschutzseite<\/a>.<\/p>\n\n\n\n<p>Wenn Sie per E-Mail mit uns Kontakt aufnehmen, werden Ihre angegebenen Daten gespeichert, damit auf diese zur Bearbeitung und Beantwortung Ihrer Anfrage zur\u00fcck gegriffen werden kann. Ihre Daten werden nicht an Dritte weiter gegeben.<\/p>\n\n\n\n<p>Ihnen stehen grunds\u00e4tzlich die Rechte auf Auskunft, Berichtigung, L\u00f6schung, Einschr\u00e4nkung und Widerruf zu. Auf Anfrage geben wir Ihnen Auskunft dar\u00fcber, welche personenbezogenen Daten \u00fcber Sie gespeichert wurden. Sollten Sie explizit in eine Datenverarbeitung eingewilligt haben, k\u00f6nnen Sie diese Einwilligung jederzeit widerrufen.<\/p>\n\n\n\n<h2 class=\"wp-block-heading\">Webserver-Logdaten<\/h2>\n\n\n\n<p>Der Server, von dem diese Webseite bereitgestellt wird, speichert Informationen, die von Ihrem Browser automatisch an uns \u00fcbermittelt werden, in sogenannten Log-Files. Folgendes wird gespeichert:<\/p>\n\n\n\n<ul class=\"wp-block-list\"><li>die verwendete IP-Adresse des zugreifenden Rechners<\/li><li>Uhrzeit zum Zeitpunkt des Zugriffes<\/li><li>die angefragte Seite inklusive der Anfrageparmater, sofern vorhanden<\/li><li>der HTTP-Antwortcode<\/li><li>die Menge der gesendeten Daten in Byte<\/li><\/ul>\n\n\n\n<p>Diese Daten dienen ausschlie\u00dflich der technischen \u00dcberwachung des Webservers (Auslastung, Optimierung, Fehlererkennung, Sicherheit) und sind dazu notwendig. Sie werden nicht mit anderen Datenquellen verbunden, so dass sie sich nicht einzelnen Personen zuordnen lassen. Sie werden nach 14 Tagen gel\u00f6scht.<\/p>\n\n\n\n<h2 class=\"wp-block-heading\">Webserver-Standort<\/h2>\n\n\n\n<p>Der Webserver wird von <a href=\"https:\/\/tantemalkah.at\">tantemalkah.at<\/a> gehostet und befindet sich in einem Rechenzentrum von <a href=\"https:\/\/www.hetzner.com\/\">hetzner.com<\/a> in Deutschland. Keine der am Server befindlichen Daten verlassen diesen Standort in unverschl\u00fcsselter Form. Backups werden ausschlie\u00dflich in verschl\u00fcsselter Form angelegt und an Standorten in \u00d6sterreich und Deutschland gespeichert.<\/p>\n\n\n\n<h2 class=\"wp-block-heading\">Browser-Cookies<\/h2>\n\n\n\n<p>Wenn Sie unsere Website besuchen, h\u00e4ngt die Speicherung von Cookies davon ab, ob Sie als <em>authentifizierte*r<\/em> Besucher*in oder <em>nicht authentifizierte*r<\/em> Besucherin unsere Website besuchen. Das bedeutet, dass die Art von Cookies die f\u00fcr Sie gespeichert werden, davon abh\u00e4ngt, ob Sie sich mit Ihrem Nutzer*innen-Konto auf dieser Website anmelden.<\/p>\n\n\n\n<p>F\u00fcr <em>nicht authentifizierte<\/em> Besucher*innen werden keine Cookies gespeichert.<\/p>\n\n\n\n<p>F\u00fcr <em>authentifizierte<\/em> Besucher*innen werden folgende Cookies gespeichert:<\/p>\n\n\n\n<figure class=\"wp-block-table is-style-stripes\"><table><thead><tr><th><\/th><th><\/th><th><\/th><\/tr><\/thead><tbody><tr><td><strong>Name:<\/strong><\/td><td><strong>Dauer:<\/strong><\/td><td><strong>Zweck:<\/strong><\/td><\/tr><tr><td><em>wordpress_test_cookie<\/em><\/td><td>F\u00fcr die Dauer der Browser-Session.<\/td><td>Technisch notwendig zur \u00dcberpr\u00fcfung der Durchf\u00fchrbarkeit des Anmeldeprozesses<\/td><\/tr><tr><td><em>wordpress_logged_in_[hash]<\/em><\/td><td>F\u00fcr die Dauer der Browser-Session, oder f\u00fcr 14 Tage, wenn die\/der User*in beim Anmelden die Option \u201eAngemeldet bleiben\u201c w\u00e4hlt.<\/td><td>Technisch notwendig, um die\/den Benutzer*in nach erfolgter Anmeldung authentifizieren zu k\u00f6nnen.<\/td><\/tr><tr><td><em>wordpress_sec_[hash]<\/em><\/td><td>F\u00fcr die Dauer der Browser-Session, oder f\u00fcr 14 Tage, wenn die\/der User*in beim Anmelden die Option \u201eAngemeldet bleiben\u201c w\u00e4hlt.<\/td><td>Technisch notwendig, um die\/den Benutzer*in nach erfolgter Anmeldung authentifizieren zu k\u00f6nnen.<\/td><\/tr><tr><td><em>wp-settings-1<\/em><\/td><td>1 Jahr<\/td><td>Technisch notwendig, um benutzerdefinierte Konfigurationen zu speichern.<\/td><\/tr><tr><td><em>wp-settings-time-1<\/em><\/td><td>1 Jahr<\/td><td>Technisch notwendig, um benutzerdefinierte Konfigurationen zu speichern.<\/td><\/tr><tr><td><em>wfwaf-authcookie-[hash]<\/em><\/td><td>12 Stunden<\/td><td>Technisch notwendig. Wird von der Web-Application \u201eFirewall\u201c verwendet, um die Rechte von eingeloggten User*innen zu \u00fcberpr\u00fcfen.<\/td><\/tr><\/tbody><\/table><\/figure>\n\n\n\n<h2 class=\"wp-block-heading\">Besucher*innenstatistik<\/h2>\n\n\n\n<p>Um einen groben \u00dcberblick zu bekommen wann wie viele Besucher*innen unsere Website besuchen, verwenden wir das <a href=\"http:\/\/Matomo Analytics \u2013 Ethical Stats. Powerful Insights.\">Matomo Plugin f\u00fcr WordPress<\/a>. Matomo ist eine Freie Software und wurde spezifisch mit der Anforderung entwickelt, eine Privatsph\u00e4ren-respektierende Alternative zu Google Analytics zu sein.<\/p>\n\n\n\n<p>Das Matomo-Plugin ist auf unserer Website so konfiguriert, dass <strong>keine Cookies<\/strong> zum Tracking verwendet werden. Wir speichern auch <strong>keine vollst\u00e4ndige IP-Adresse<\/strong> von zugreifenden Web Clients, sondern lediglich die erste H\u00e4lfte davon, da wir an keiner exakten Zuordnung der User*innen interessiert sind, sondern nur grob wissen wollen, aus welcher Region der Welt unsere Website besucht wird. Zudem speichern wir den <strong>Zeitpunkt des Zugriffs<\/strong> und den <code>User-Agent<\/code> string (<strong>welcher Browser<\/strong> verwendet wurde), sowie die Information <strong>welche Seite besucht wurde<\/strong> und gegebenenfalls <strong>von welcher anderen Domain<\/strong> der*die Besucherin auf unsere Seite verlinkt wurde (wobei wir von dieser <code>Referer<\/code> genannten URL nur die Domain selbst speichern, nicht die spezifische Seite).<\/p>\n\n\n\n<p>Diese Daten werden vom Matomo Plugin einmal in der Woche automatisch gel\u00f6scht, wenn sie \u00e4lter als 180 Tage sind.<\/p>\n\n\n\n<p>Matomo respektiert dabei auch die <strong>Do Not Track<\/strong> Option. Wenn Sie auch in dieser relativ anonymisierten Version nicht in unserer Statistik aufscheinen wollen k\u00f6nnen Sie also in ihren Browser-Einstellungen Do Not Track aktivieren und Matomo wird Ihre Aufrufe unserer Website ignorieren.<\/p>\n\n\n\n<h2 class=\"wp-block-heading\">Kontakt<\/h2>\n\n\n\n<p><strong>LEF\u00d6 \u2013 Beratung, Bildung und Begleitung f\u00fcr Migrantinnen*<br><\/strong>Kettenbr\u00fcckengasse 15\/II\/4, 1050 Wien<br><strong>Telefon:<\/strong> <a href=\"tel:\" data-type=\"tel\" data-id=\"tel:\">+43 1 5811881<\/a><br><strong>Fax:<\/strong> +43 1 5811881-14<br><strong>E-Mail B\u00fcro:<\/strong> <a href=\"mailto:office@lefoe.at\">office@lefoe.at<\/a><br><strong>E-Mail Projekt: <\/strong><a href=\"digmit@lefoe.at\" data-type=\"URL\" data-id=\"digmit@lefoe.at\">digmit@lefoe.at<\/a> <\/p>\n","protected":false},"excerpt":{"rendered":"<p>Der Schutz von pers\u00f6nlichen Daten ist uns ein gro\u00dfes Anliegen. Wir verarbeiten die Daten ausschlie\u00dflich auf Grundlage der gesetzlichen Bestimmungen. Die vorliegende Ekl\u00e4rung zum Datenschutz bezieht sich auf die Website digmit.at sowie Kommunikation im Zusammenhang mit dem dig_mit! Projekt. \u00dcber weitergehende Datenschutzbestimmungen von LEF\u00d6 als Projekttr\u00e4gerin, besuchen Sie bitte die LEF\u00d6-Datenschutzseite. Wenn Sie per E-Mail [&hellip;]<\/p>\n","protected":false},"author":1,"featured_media":0,"parent":0,"menu_order":0,"comment_status":"closed","ping_status":"closed","template":"","meta":{"footnotes":""},"class_list":["post-58","page","type-page","status-publish","hentry"],"_links":{"self":[{"href":"https:\/\/digmit.at\/index.php\/wp-json\/wp\/v2\/pages\/58","targetHints":{"allow":["GET"]}}],"collection":[{"href":"https:\/\/digmit.at\/index.php\/wp-json\/wp\/v2\/pages"}],"about":[{"href":"https:\/\/digmit.at\/index.php\/wp-json\/wp\/v2\/types\/page"}],"author":[{"embeddable":true,"href":"https:\/\/digmit.at\/index.php\/wp-json\/wp\/v2\/users\/1"}],"replies":[{"embeddable":true,"href":"https:\/\/digmit.at\/index.php\/wp-json\/wp\/v2\/comments?post=58"}],"version-history":[{"count":9,"href":"https:\/\/digmit.at\/index.php\/wp-json\/wp\/v2\/pages\/58\/revisions"}],"predecessor-version":[{"id":1293,"href":"https:\/\/digmit.at\/index.php\/wp-json\/wp\/v2\/pages\/58\/revisions\/1293"}],"wp:attachment":[{"href":"https:\/\/digmit.at\/index.php\/wp-json\/wp\/v2\/media?parent=58"}],"curies":[{"name":"wp","href":"https:\/\/api.w.org\/{rel}","templated":true}]}}