{"id":829,"date":"2020-12-16T10:26:15","date_gmt":"2020-12-16T10:26:15","guid":{"rendered":"https:\/\/digmit.at\/?page_id=829"},"modified":"2023-11-18T06:53:14","modified_gmt":"2023-11-18T06:53:14","slug":"eine-rot-weis-rot-karte-plus-habe","status":"publish","type":"page","link":"https:\/\/digmit.at\/index.php\/startseite\/aufenthaltsrecht\/ich-darf-arbeiten-wenn-ich\/eine-rot-weis-rot-karte-plus-habe\/","title":{"rendered":"Ich darf arbeiten, wenn ich eine \u201eRot-Wei\u00df-Rot Karte plus\u201c habe."},"content":{"rendered":"\n<p>Eine \u201eRot-Wei\u00df-Rot Karte plus\u201c kann ich beantragen, wenn ich <strong>Ehegatt*in oder minderj\u00e4hriges unverheiratetes Kind einer*s Drittstaatsangeh\u00f6rigen<\/strong> bin, welche*r bereits eine <strong>Rot-Wei\u00df-Rot-Karte<\/strong>, eine <strong>Rot-Wei\u00df-Rot Karte plus<\/strong> oder eine <strong>Daueraufenthalt-EU Karte<\/strong> hat.<\/p>\n\n\n\n<p>Dazu brauche ich:<\/p>\n\n\n\n<ul class=\"wp-block-list\">\n<li><strong>Unterkunft<\/strong> (zum Beispiel Mietvertrag), <\/li>\n\n\n\n<li>ausreichende <strong>finanzielle Mittel<\/strong> (zum Beispiel regelm\u00e4\u00dfiges Einkommen), <\/li>\n\n\n\n<li><strong>Krankenversicherung<\/strong>, <\/li>\n\n\n\n<li><strong>keine Erteilungshindernisse<\/strong> (zum Beispiel Aufenthaltsverbot), <\/li>\n\n\n\n<li><strong>Deutsch<\/strong>kenntnisse auf <strong>A1<\/strong>&#8211; oder sp\u00e4ter <strong>A2<\/strong>-Niveau (<strong><a href=\"https:\/\/digmit.at\/index.php\/ich-muss-fur-meinen-aufenthalt-eine-deutschprufung-machen\/#moduleins\">Modul 1 Integrationsvereinbarung<\/a><\/strong>), <\/li>\n\n\n\n<li>Mindestalter f\u00fcr <strong>Ehepaare<\/strong>\/<strong>eingetragene Partner*innen<\/strong> (<strong>21 Jahre<\/strong>).<\/li>\n<\/ul>\n","protected":false},"excerpt":{"rendered":"<p>Eine \u201eRot-Wei\u00df-Rot Karte plus\u201c kann ich beantragen, wenn ich Ehegatt*in oder minderj\u00e4hriges unverheiratetes Kind einer*s Drittstaatsangeh\u00f6rigen bin, welche*r bereits eine Rot-Wei\u00df-Rot-Karte, eine Rot-Wei\u00df-Rot Karte plus oder eine Daueraufenthalt-EU Karte hat. Dazu brauche ich:<\/p>\n","protected":false},"author":2,"featured_media":0,"parent":425,"menu_order":0,"comment_status":"closed","ping_status":"closed","template":"","meta":{"footnotes":""},"class_list":["post-829","page","type-page","status-publish","hentry"],"_links":{"self":[{"href":"https:\/\/digmit.at\/index.php\/wp-json\/wp\/v2\/pages\/829","targetHints":{"allow":["GET"]}}],"collection":[{"href":"https:\/\/digmit.at\/index.php\/wp-json\/wp\/v2\/pages"}],"about":[{"href":"https:\/\/digmit.at\/index.php\/wp-json\/wp\/v2\/types\/page"}],"author":[{"embeddable":true,"href":"https:\/\/digmit.at\/index.php\/wp-json\/wp\/v2\/users\/2"}],"replies":[{"embeddable":true,"href":"https:\/\/digmit.at\/index.php\/wp-json\/wp\/v2\/comments?post=829"}],"version-history":[{"count":5,"href":"https:\/\/digmit.at\/index.php\/wp-json\/wp\/v2\/pages\/829\/revisions"}],"predecessor-version":[{"id":4058,"href":"https:\/\/digmit.at\/index.php\/wp-json\/wp\/v2\/pages\/829\/revisions\/4058"}],"up":[{"embeddable":true,"href":"https:\/\/digmit.at\/index.php\/wp-json\/wp\/v2\/pages\/425"}],"wp:attachment":[{"href":"https:\/\/digmit.at\/index.php\/wp-json\/wp\/v2\/media?parent=829"}],"curies":[{"name":"wp","href":"https:\/\/api.w.org\/{rel}","templated":true}]}}