{"id":83,"date":"2020-10-27T14:48:24","date_gmt":"2020-10-27T14:48:24","guid":{"rendered":"https:\/\/digmit.tantemalkah.at\/?page_id=83"},"modified":"2023-10-28T17:55:13","modified_gmt":"2023-10-28T17:55:13","slug":"thema-1-sezonieri","status":"publish","type":"page","link":"https:\/\/digmit.at\/index.php\/deutsch-alpha\/thema-1-sezonieri\/","title":{"rendered":"SEZONIERI \u2013 Kampagne f\u00fcr die Rechte der Erntearbeiter_innen in \u00d6sterreich"},"content":{"rendered":"\n<p><a href=\"http:\/\/www.sezonieri.at\/\">www.sezonieri.at<\/a><\/p>\n\n\n\n<figure class=\"wp-block-video\"><video height=\"540\" style=\"aspect-ratio: 960 \/ 540;\" width=\"960\" controls poster=\"https:\/\/digmit.at\/wp-content\/uploads\/2020\/10\/Bildschirmfoto-2020-07-29-um-12.38.51.png\" src=\"https:\/\/digmit.at\/wp-content\/uploads\/2020\/12\/Wie-fair-ist-dein-Krauthappel_-Andrei-Oancea-Erntearbeiter.960x540.mp4\"><\/video><figcaption class=\"wp-element-caption\">Sezonieri Kampagne: Wie fair ist dein Krauthappel? Statement von Andrei Oancea, Erntehelfer<\/figcaption><\/figure>\n\n\n\n<p><br>Unsere digitalen \u00dcbungen werden gerade entwickelt. Folgende \u00dcbungen k\u00f6nnen schon ausprobiert werden:<\/p>\n\n\n\n<div class=\"wp-block-buttons is-layout-flex wp-block-buttons-is-layout-flex\">\n<div class=\"wp-block-button is-style-fill\"><a class=\"wp-block-button__link wp-element-button\" href=\"https:\/\/digmit.at\/index.php\/deutsch-alpha\/thema-1-sezonieri\/sezonieri-ubung-1\/\">\u00dcbung 1: Silben-Puzzle<\/a><\/div>\n<\/div>\n\n\n\n<div class=\"wp-block-buttons is-layout-flex wp-block-buttons-is-layout-flex\">\n<div class=\"wp-block-button is-style-fill\"><a class=\"wp-block-button__link wp-element-button\" href=\"https:\/\/digmit.at\/index.php\/deutsch-alpha\/thema-1-sezonieri\/sezonieri-ubung-2\/\">\u00dcbung 2: Bestehen die Worte aus 2 Silben?<\/a><\/div>\n<\/div>\n\n\n\n<div class=\"wp-block-buttons is-layout-flex wp-block-buttons-is-layout-flex\">\n<div class=\"wp-block-button is-style-fill\"><a class=\"wp-block-button__link wp-element-button\" href=\"https:\/\/digmit.at\/index.php\/deutsch-alpha\/thema-1-sezonieri\/sezonieri-ubung-3\/\">\u00dcbung 3: H\u00f6rst du ein A?<\/a><\/div>\n<\/div>\n\n\n\n<div class=\"wp-block-buttons is-layout-flex wp-block-buttons-is-layout-flex\">\n<div class=\"wp-block-button is-style-fill\"><a class=\"wp-block-button__link wp-element-button\" href=\"https:\/\/digmit.at\/index.php\/deutsch-alpha\/thema-1-sezonieri\/sezonieri-ubung-4\/\">\u00dcbung 4: H\u00f6rst du ein SCH?<\/a><\/div>\n<\/div>\n\n\n\n<div class=\"wp-block-buttons is-layout-flex wp-block-buttons-is-layout-flex\">\n<div class=\"wp-block-button is-style-fill\"><a class=\"wp-block-button__link wp-element-button\" href=\"https:\/\/digmit.at\/index.php\/deutsch-alpha\/thema-1-sezonieri\/sezonieri-ubung-5\/\">\u00dcbung 5: H\u00f6rst du ein B?<\/a><\/div>\n<\/div>\n\n\n\n<div class=\"wp-block-buttons is-layout-flex wp-block-buttons-is-layout-flex\">\n<div class=\"wp-block-button is-style-fill\"><a class=\"wp-block-button__link wp-element-button\" href=\"https:\/\/digmit.at\/index.php\/deutsch-alpha\/thema-1-sezonieri\/sezonieri-ubung-6\/\">\u00dcbung 6: Wort h\u00f6ren und schreiben<\/a><\/div>\n<\/div>\n\n\n\n<div class=\"wp-block-buttons is-layout-flex wp-block-buttons-is-layout-flex\">\n<div class=\"wp-block-button is-style-fill\"><a class=\"wp-block-button__link wp-element-button\" href=\"https:\/\/digmit.at\/index.php\/deutsch-alpha\/thema-1-sezonieri\/sezonieri-ubung-7\/\">\u00dcbung 7: Laute h\u00f6ren &#8211; Wort schreiben<\/a><\/div>\n<\/div>\n\n\n\n<p><\/p>\n\n\n\n<div class=\"wp-block-buttons is-layout-flex wp-block-buttons-is-layout-flex\">\n<div class=\"wp-block-button is-style-outline blue is-style-outline--1\"><a class=\"wp-block-button__link wp-element-button\" href=\"https:\/\/digmit.at\/wp-content\/uploads\/2022\/05\/Transkript_Sezonieri-Video-1.docx\" style=\"border-radius:0px\">Text \/ Transkript<\/a><\/div>\n<\/div>\n\n\n\n<div class=\"wp-block-buttons is-layout-flex wp-block-buttons-is-layout-flex\">\n<div class=\"wp-block-button is-style-fill blue\"><a class=\"wp-block-button__link wp-element-button\" href=\"https:\/\/digmit.at\/index.php\/deutsch-alpha\/thema-1-sezonieri\/ubungen-zum-ausdrucken-2\/\">\u00dcbungen zum Ausdrucken<\/a><\/div>\n<\/div>\n\n\n\n<p><\/p>\n","protected":false},"excerpt":{"rendered":"<p>www.sezonieri.at Unsere digitalen \u00dcbungen werden gerade entwickelt. Folgende \u00dcbungen k\u00f6nnen schon ausprobiert werden:<\/p>\n","protected":false},"author":1,"featured_media":0,"parent":107,"menu_order":0,"comment_status":"closed","ping_status":"closed","template":"","meta":{"footnotes":""},"class_list":["post-83","page","type-page","status-publish","hentry"],"_links":{"self":[{"href":"https:\/\/digmit.at\/index.php\/wp-json\/wp\/v2\/pages\/83","targetHints":{"allow":["GET"]}}],"collection":[{"href":"https:\/\/digmit.at\/index.php\/wp-json\/wp\/v2\/pages"}],"about":[{"href":"https:\/\/digmit.at\/index.php\/wp-json\/wp\/v2\/types\/page"}],"author":[{"embeddable":true,"href":"https:\/\/digmit.at\/index.php\/wp-json\/wp\/v2\/users\/1"}],"replies":[{"embeddable":true,"href":"https:\/\/digmit.at\/index.php\/wp-json\/wp\/v2\/comments?post=83"}],"version-history":[{"count":37,"href":"https:\/\/digmit.at\/index.php\/wp-json\/wp\/v2\/pages\/83\/revisions"}],"predecessor-version":[{"id":3789,"href":"https:\/\/digmit.at\/index.php\/wp-json\/wp\/v2\/pages\/83\/revisions\/3789"}],"up":[{"embeddable":true,"href":"https:\/\/digmit.at\/index.php\/wp-json\/wp\/v2\/pages\/107"}],"wp:attachment":[{"href":"https:\/\/digmit.at\/index.php\/wp-json\/wp\/v2\/media?parent=83"}],"curies":[{"name":"wp","href":"https:\/\/api.w.org\/{rel}","templated":true}]}}