{"id":892,"date":"2020-12-16T11:45:37","date_gmt":"2020-12-16T11:45:37","guid":{"rendered":"https:\/\/digmit.at\/?page_id=892"},"modified":"2023-10-22T22:57:06","modified_gmt":"2023-10-22T22:57:06","slug":"ich-will-nach-einer-scheidung-in-osterreich-bleiben-und-habe-eine-aufenthaltskarte","status":"publish","type":"page","link":"https:\/\/digmit.at\/index.php\/startseite\/aufenthaltsrecht\/ich-will-nach-einer-scheidung-in-osterreich-bleiben-und-habe\/ich-will-nach-einer-scheidung-in-osterreich-bleiben-und-habe-eine-aufenthaltskarte\/","title":{"rendered":"Ich will nach einer Scheidung in \u00d6sterreich bleiben und habe eine Aufenthaltskarte."},"content":{"rendered":"\n<p>Wenn ich eine <strong>Aufenthaltskarte<\/strong> habe und <strong>mich scheiden lasse<\/strong>, kann ich <strong>weiterhin in \u00d6sterreich bleiben, wenn<\/strong><\/p>\n\n\n\n<ul class=\"wp-block-list\">\n<li><strong>ich arbeite<\/strong> oder \u00fcber ausreichende <strong>finanzielle Mittel<\/strong> verf\u00fcge und eine <strong>Krankenversicherung<\/strong> habe,<\/li>\n\n\n\n<li>ich vor Einreichung der Scheidung <strong>mindestens 3 Jahre verheiratet<\/strong> war (<strong>mindestens ein Jahr in \u00d6sterreich<\/strong>),<\/li>\n\n\n\n<li>oder ich das <strong>alleinige Sorgenrecht f\u00fcr das\/die Kind\/er habe<\/strong> oder <strong>Kontaktrecht zum\/zu den Kind\/ern<\/strong> habe,<\/li>\n\n\n\n<li>oder <strong>besonders schwerwiegende Gr\u00fcnde<\/strong> vorliegen, zum Beispiel <strong>Gewalt<\/strong>.<\/li>\n<\/ul>\n\n\n\n<p>Ich sollte mich <strong>schon vor der Scheidung informieren, was ich brauche, um nach der Scheidung in \u00d6sterreich bleiben zu d\u00fcrfen<\/strong>.<\/p>\n\n\n\n<p><strong>Wenn ich diese Voraussetzungen nicht erf\u00fclle<\/strong>, sollte ich am besten eine <strong><u><a href=\"https:\/\/digmit.at\/index.php\/startseite\/aufenthaltsrecht\/beratungsstellen\/\" data-type=\"page\" data-id=\"824\">Beratungsstelle<\/a><\/u> <\/strong>kontaktieren. <\/p>\n\n\n\n<p><br>Ich muss die <strong>Beh\u00f6rde <\/strong>(in Wien die <a href=\"https:\/\/www.wien.gv.at\/kontakte\/ma35\/\">MA 35<\/a>) <strong>\u00fcber meine Scheidung innerhalb eines Monats informieren<\/strong>.<\/p>\n","protected":false},"excerpt":{"rendered":"<p>Wenn ich eine Aufenthaltskarte habe und mich scheiden lasse, kann ich weiterhin in \u00d6sterreich bleiben, wenn Ich sollte mich schon vor der Scheidung informieren, was ich brauche, um nach der Scheidung in \u00d6sterreich bleiben zu d\u00fcrfen. Wenn ich diese Voraussetzungen nicht erf\u00fclle, sollte ich am besten eine Beratungsstelle kontaktieren. Ich muss die Beh\u00f6rde (in Wien [&hellip;]<\/p>\n","protected":false},"author":2,"featured_media":0,"parent":822,"menu_order":0,"comment_status":"closed","ping_status":"closed","template":"","meta":{"footnotes":""},"class_list":["post-892","page","type-page","status-publish","hentry"],"_links":{"self":[{"href":"https:\/\/digmit.at\/index.php\/wp-json\/wp\/v2\/pages\/892","targetHints":{"allow":["GET"]}}],"collection":[{"href":"https:\/\/digmit.at\/index.php\/wp-json\/wp\/v2\/pages"}],"about":[{"href":"https:\/\/digmit.at\/index.php\/wp-json\/wp\/v2\/types\/page"}],"author":[{"embeddable":true,"href":"https:\/\/digmit.at\/index.php\/wp-json\/wp\/v2\/users\/2"}],"replies":[{"embeddable":true,"href":"https:\/\/digmit.at\/index.php\/wp-json\/wp\/v2\/comments?post=892"}],"version-history":[{"count":5,"href":"https:\/\/digmit.at\/index.php\/wp-json\/wp\/v2\/pages\/892\/revisions"}],"predecessor-version":[{"id":3566,"href":"https:\/\/digmit.at\/index.php\/wp-json\/wp\/v2\/pages\/892\/revisions\/3566"}],"up":[{"embeddable":true,"href":"https:\/\/digmit.at\/index.php\/wp-json\/wp\/v2\/pages\/822"}],"wp:attachment":[{"href":"https:\/\/digmit.at\/index.php\/wp-json\/wp\/v2\/media?parent=892"}],"curies":[{"name":"wp","href":"https:\/\/api.w.org\/{rel}","templated":true}]}}